{"id":1460,"date":"2022-11-17T20:36:45","date_gmt":"2022-11-17T20:36:45","guid":{"rendered":"https:\/\/traveleto.com\/viajes\/?post_type=product&#038;p=1460"},"modified":"2022-12-29T13:12:47","modified_gmt":"2022-12-29T13:12:47","slug":"celebra-navidades-estambul","status":"publish","type":"product","link":"https:\/\/traveleto.com\/viajes\/producto\/celebra-navidades-estambul\/","title":{"rendered":"\ud83c\udf84Celebra tus Navidades en Estambul"},"content":{"rendered":"<p>\u00bfY si este a\u00f1o celebras la navidad de una forma diferente? Reserva estas fechas tan especiales para regalarte una experiencia totalmente nueva. La oferta incluye vuelos directos a Estambul y alojamiento durante 7 d\u00edas en el 3* Honey Hotel, una cucada ubicado a solo 15 min a pie del Gran Bazar y de la Mezquita Azul. \u00a1Corre que se acaba!<\/p>\n<p>Recuerda que si quieres puedes personalizar tu viaje buscando otras fechas, lugares de salida, o inclusive otro hotel. Si por el contrario quieres ir a otro destino, \u00e9chale un vistazo a nuestras <a href=\"https:\/\/traveleto.com\/viajes\/categoria-producto\/vuelo-hotel\/\">ofertas de viaje vuelo+hotel<\/a>.<\/p>\n<p>En el caso que lo tuyo no sea planificar, en Traveleto organizamos tu viaje totalmente GRATIS. Ponte en contacto con nosotros \u00a1y nos encargamos de todo! <a href=\"https:\/\/traveleto.com\/viajes\/presupuesto\/\">Haz click aqu\u00ed para rellenar tu solicitud<\/a>.<\/p>\n<h2>\ud83e\udded Alojamiento<\/h2>\n<p>\ud83c\udfe9 Hotel 3* Honey Hotel, a 15 min a pie del Gran Bazar y de la Mezquita Azul<\/p>\n<h2>\ud83e\udded Vuelos<\/h2>\n<p>\ud83c\udf0d Salidas pueden ser desde diversos aeropuertos<\/p>\n<h2>\ud83e\udded Fechas de viaje<\/h2>\n<p>\u27a1\ufe0f Diciembre de 2022<\/p>\n<h2>\ud83e\udded \u00bfC\u00f3mo hacer tu reserva?<\/h2>\n<div class=\"pasos\">\n<ol>\n<li><span class=\"num\">1<\/span> Selecciona desde d\u00f3nde viajas y el destino final<\/li>\n<li><span class=\"num\">2<\/span> Escoge tus fechas favoritas y compara<\/li>\n<li><span class=\"num\">3<\/span> Elige tu opci\u00f3n preferida y haz la reserva<\/li>\n<\/ol>\n<p><a class=\"oferta\" href=\"https:\/\/trk.traveleto.com\/index.php?key=lastminuteoffer&#038;post=cuba&#038;type=flight-hotel&#038;hotelid=5518893&#038;departureIntervals=20221221-20221227&#038;destinationCities=153601&#038;departureAirports=MAD\" rel=\"nofollow noopener noreferrer\">Ir a la oferta<\/a><\/p>\n<\/div>\n<h2>\ud83e\udded Opci\u00f3n m\u00e1s econ\u00f3mica desde Barcelona<\/h2>\n<p>A continuaci\u00f3n, se especifican los detalles del viaje con la oferta descrita. La opci\u00f3n m\u00e1s econ\u00f3mica ser\u00eda saliendo desde Barcelona, pero puedes consultar otras opciones <b>aqu\u00ed<\/b> ya que los precios est\u00e1n en constante movimiento.<\/p>\n<ul>\n<li>Alojamiento: <a href=\"https:\/\/trk.traveleto.com\/index.php?key=lastminuteoffer&#038;post=cuba&#038;type=flight-hotel&#038;hotelid=5518893&#038;departureIntervals=20221221-20221227&#038;destinationCities=153601&#038;departureAirports=MAD\">Hotel 3* Honey Hotel, a 15 min a pie del Gran Bazar y de la Mezquita Azul<\/a><\/li>\n<li>Vuelo: <a href=\"https:\/\/trk.traveleto.com\/index.php?key=lastminuteoffer&#038;post=cuba&#038;type=flight-hotel&#038;hotelid=5518893&#038;departureIntervals=20221221-20221227&#038;destinationCities=153601&#038;departureAirports=MAD\">Turkish Airlines desde Madrid a Estambul<\/a><\/li>\n<li>Fecha de salida: 21\/12\/2022 (Directo)<\/li>\n<li>Fecha de vuelta: 27\/12\/2022 (Directo)<\/li>\n<li>Importe total por persona: 476\u20ac<\/li>\n<\/ul>\n<h2>\ud83e\udded Protecci\u00f3n total<\/h2>\n<p>Asegura tu tranquilidad a lo largo del viaje de una forma f\u00e1cil y personalizada con el mejor seguro de viaje. Nuestro partner <a href=\"https:\/\/www.iatiseguros.com?r=44702130325906&amp;cmp=viajestraveleto\">Iati Seguros<\/a>, ofrece los mejores Seguros de Viaje para cada tipo de viajero y destino.<\/p>\n<p><a href=\"https:\/\/www.iatiseguros.com?r=78622968806591&#038;cmp=turquia\">Calcula ahora tu presupuesto con Iati Seguros<\/a> y obtendr\u00e1s un 5% de descuento de forma autom\u00e1tica por ser viajero Traveleto.<\/p>\n<h2>\ud83e\udded Condiciones de la oferta<\/h2>\n<p>En Traveleto estamos continuamente buscando las mejores ofertas para que puedas vivir grandes experiencias a precios de esc\u00e1ndalo. En esta ocasi\u00f3n, har\u00e1s tu reserva con <a href=\"https:\/\/trk.traveleto.com\/index.php?key=lastminute&amp;id=nueva-york\">Lastminute.com<\/a>, uno de nuestros mejores proveedores de viajes inteligentes.<\/p>\n<p>Recuerda que si quieres obtener un viaje totalmente personalizado, en Traveleto organizamos tu viaje totalmente GRATIS. Ponte en contacto con nosotros \u00a1y nos encargamos de todo! <a href=\"https:\/\/traveleto.com\/viajes\/presupuesto\/\">Haz click aqu\u00ed para rellenar tu solicitud<\/a>.<\/p>\n","protected":false},"excerpt":{"rendered":"<p>\u00bfY si este a\u00f1o celebras la navidad de una forma diferente? Reserva estas fechas tan especiales para regalarte una experiencia totalmente nueva. La oferta incluye vuelos directos a Estambul y alojamiento durante 7 d\u00edas en el 3* Honey Hotel, una cucada ubicado a solo 15 min a pie del Gran Bazar y de la Mezquita Azul. \u00a1Corre que se acaba!<\/p>\n","protected":false},"featured_media":1475,"comment_status":"open","ping_status":"closed","template":"","meta":[],"product_cat":[64,65],"product_tag":[],"yoast_head":"<!-- This site is optimized with the Yoast SEO plugin v17.6 - https:\/\/yoast.com\/wordpress\/plugins\/seo\/ -->\n<title>\ud83c\udf84Celebra tus Navidades en Estambul &mdash; Traveleto<\/title>\n<meta name=\"robots\" content=\"noindex, follow\" \/>\n<meta property=\"og:locale\" content=\"es_ES\" \/>\n<meta property=\"og:type\" content=\"article\" \/>\n<meta property=\"og:title\" content=\"\ud83c\udf84Celebra tus Navidades en Estambul &mdash; Traveleto\" \/>\n<meta property=\"og:description\" content=\"\u00bfY si este a\u00f1o celebras la navidad de una forma diferente? Reserva estas fechas tan especiales para regalarte una experiencia totalmente nueva. La oferta incluye vuelos directos a Estambul y alojamiento durante 7 d\u00edas en el 3* Honey Hotel, una cucada ubicado a solo 15 min a pie del Gran Bazar y de la Mezquita Azul. \u00a1Corre que se acaba!\" \/>\n<meta property=\"og:url\" content=\"https:\/\/traveleto.com\/viajes\/producto\/celebra-navidades-estambul\/\" \/>\n<meta property=\"og:site_name\" content=\"Traveleto\" \/>\n<meta property=\"article:publisher\" content=\"https:\/\/www.facebook.com\/traveleto\" \/>\n<meta property=\"article:modified_time\" content=\"2022-12-29T13:12:47+00:00\" \/>\n<meta property=\"og:image\" content=\"https:\/\/traveleto.com\/viajes\/wp-content\/uploads\/2022\/11\/photo-1589561454226-796a8aa89b05.jpeg\" \/>\n\t<meta property=\"og:image:width\" content=\"1467\" \/>\n\t<meta property=\"og:image:height\" content=\"982\" \/>\n<meta name=\"twitter:card\" content=\"summary_large_image\" \/>\n<meta name=\"twitter:label1\" content=\"Tiempo de lectura\" \/>\n\t<meta name=\"twitter:data1\" content=\"2 minutos\" \/>\n<script type=\"application\/ld+json\" class=\"yoast-schema-graph\">{\"@context\":\"https:\/\/schema.org\",\"@graph\":[{\"@type\":\"Organization\",\"@id\":\"https:\/\/traveleto.com\/viajes\/#organization\",\"name\":\"Traveleto\",\"url\":\"https:\/\/traveleto.com\/viajes\/\",\"sameAs\":[\"https:\/\/www.facebook.com\/traveleto\",\"https:\/\/www.instagram.com\/traveletocom\/\"],\"logo\":{\"@type\":\"ImageObject\",\"@id\":\"https:\/\/traveleto.com\/viajes\/#logo\",\"inLanguage\":\"es\",\"url\":\"https:\/\/traveleto.com\/viajes\/wp-content\/uploads\/2021\/11\/traveleto480.png\",\"contentUrl\":\"https:\/\/traveleto.com\/viajes\/wp-content\/uploads\/2021\/11\/traveleto480.png\",\"width\":480,\"height\":480,\"caption\":\"Traveleto\"},\"image\":{\"@id\":\"https:\/\/traveleto.com\/viajes\/#logo\"}},{\"@type\":\"WebSite\",\"@id\":\"https:\/\/traveleto.com\/viajes\/#website\",\"url\":\"https:\/\/traveleto.com\/viajes\/\",\"name\":\"Traveleto\",\"description\":\"En Traveleto.com encontrar\\u00e1s ofertas y chollos de viaje adem\\u00e1s de inspiraci\\u00f3n para tu pr\\u00f3xima escapada.\",\"publisher\":{\"@id\":\"https:\/\/traveleto.com\/viajes\/#organization\"},\"potentialAction\":[{\"@type\":\"SearchAction\",\"target\":{\"@type\":\"EntryPoint\",\"urlTemplate\":\"https:\/\/traveleto.com\/viajes\/?s={search_term_string}\"},\"query-input\":\"required name=search_term_string\"}],\"inLanguage\":\"es\"},{\"@type\":\"ImageObject\",\"@id\":\"https:\/\/traveleto.com\/viajes\/producto\/celebra-navidades-estambul\/#primaryimage\",\"inLanguage\":\"es\",\"url\":\"https:\/\/traveleto.com\/viajes\/wp-content\/uploads\/2022\/11\/photo-1589561454226-796a8aa89b05.jpeg\",\"contentUrl\":\"https:\/\/traveleto.com\/viajes\/wp-content\/uploads\/2022\/11\/photo-1589561454226-796a8aa89b05.jpeg\",\"width\":1467,\"height\":982},{\"@type\":\"WebPage\",\"@id\":\"https:\/\/traveleto.com\/viajes\/producto\/celebra-navidades-estambul\/#webpage\",\"url\":\"https:\/\/traveleto.com\/viajes\/producto\/celebra-navidades-estambul\/\",\"name\":\"\\ud83c\\udf84Celebra tus Navidades en Estambul &mdash; Traveleto\",\"isPartOf\":{\"@id\":\"https:\/\/traveleto.com\/viajes\/#website\"},\"primaryImageOfPage\":{\"@id\":\"https:\/\/traveleto.com\/viajes\/producto\/celebra-navidades-estambul\/#primaryimage\"},\"datePublished\":\"2022-11-17T20:36:45+00:00\",\"dateModified\":\"2022-12-29T13:12:47+00:00\",\"breadcrumb\":{\"@id\":\"https:\/\/traveleto.com\/viajes\/producto\/celebra-navidades-estambul\/#breadcrumb\"},\"inLanguage\":\"es\",\"potentialAction\":[{\"@type\":\"ReadAction\",\"target\":[\"https:\/\/traveleto.com\/viajes\/producto\/celebra-navidades-estambul\/\"]}]},{\"@type\":\"BreadcrumbList\",\"@id\":\"https:\/\/traveleto.com\/viajes\/producto\/celebra-navidades-estambul\/#breadcrumb\",\"itemListElement\":[{\"@type\":\"ListItem\",\"position\":1,\"name\":\"Portada\",\"item\":\"https:\/\/traveleto.com\/viajes\/\"},{\"@type\":\"ListItem\",\"position\":2,\"name\":\"\"},{\"@type\":\"ListItem\",\"position\":3,\"name\":\"\\ud83c\\udf84Celebra tus Navidades en Estambul\"}]}]}<\/script>\n<!-- \/ Yoast SEO plugin. -->","yoast_head_json":{"title":"\ud83c\udf84Celebra tus Navidades en Estambul &mdash; Traveleto","robots":{"index":"noindex","follow":"follow"},"og_locale":"es_ES","og_type":"article","og_title":"\ud83c\udf84Celebra tus Navidades en Estambul &mdash; Traveleto","og_description":"\u00bfY si este a\u00f1o celebras la navidad de una forma diferente? Reserva estas fechas tan especiales para regalarte una experiencia totalmente nueva. La oferta incluye vuelos directos a Estambul y alojamiento durante 7 d\u00edas en el 3* Honey Hotel, una cucada ubicado a solo 15 min a pie del Gran Bazar y de la Mezquita Azul. \u00a1Corre que se acaba!","og_url":"https:\/\/traveleto.com\/viajes\/producto\/celebra-navidades-estambul\/","og_site_name":"Traveleto","article_publisher":"https:\/\/www.facebook.com\/traveleto","article_modified_time":"2022-12-29T13:12:47+00:00","og_image":[{"width":1467,"height":982,"url":"https:\/\/traveleto.com\/viajes\/wp-content\/uploads\/2022\/11\/photo-1589561454226-796a8aa89b05.jpeg","type":"image\/jpeg"}],"twitter_card":"summary_large_image","twitter_misc":{"Tiempo de lectura":"2 minutos"},"schema":{"@context":"https:\/\/schema.org","@graph":[{"@type":"Organization","@id":"https:\/\/traveleto.com\/viajes\/#organization","name":"Traveleto","url":"https:\/\/traveleto.com\/viajes\/","sameAs":["https:\/\/www.facebook.com\/traveleto","https:\/\/www.instagram.com\/traveletocom\/"],"logo":{"@type":"ImageObject","@id":"https:\/\/traveleto.com\/viajes\/#logo","inLanguage":"es","url":"https:\/\/traveleto.com\/viajes\/wp-content\/uploads\/2021\/11\/traveleto480.png","contentUrl":"https:\/\/traveleto.com\/viajes\/wp-content\/uploads\/2021\/11\/traveleto480.png","width":480,"height":480,"caption":"Traveleto"},"image":{"@id":"https:\/\/traveleto.com\/viajes\/#logo"}},{"@type":"WebSite","@id":"https:\/\/traveleto.com\/viajes\/#website","url":"https:\/\/traveleto.com\/viajes\/","name":"Traveleto","description":"En Traveleto.com encontrar\u00e1s ofertas y chollos de viaje adem\u00e1s de inspiraci\u00f3n para tu pr\u00f3xima escapada.","publisher":{"@id":"https:\/\/traveleto.com\/viajes\/#organization"},"potentialAction":[{"@type":"SearchAction","target":{"@type":"EntryPoint","urlTemplate":"https:\/\/traveleto.com\/viajes\/?s={search_term_string}"},"query-input":"required name=search_term_string"}],"inLanguage":"es"},{"@type":"ImageObject","@id":"https:\/\/traveleto.com\/viajes\/producto\/celebra-navidades-estambul\/#primaryimage","inLanguage":"es","url":"https:\/\/traveleto.com\/viajes\/wp-content\/uploads\/2022\/11\/photo-1589561454226-796a8aa89b05.jpeg","contentUrl":"https:\/\/traveleto.com\/viajes\/wp-content\/uploads\/2022\/11\/photo-1589561454226-796a8aa89b05.jpeg","width":1467,"height":982},{"@type":"WebPage","@id":"https:\/\/traveleto.com\/viajes\/producto\/celebra-navidades-estambul\/#webpage","url":"https:\/\/traveleto.com\/viajes\/producto\/celebra-navidades-estambul\/","name":"\ud83c\udf84Celebra tus Navidades en Estambul &mdash; Traveleto","isPartOf":{"@id":"https:\/\/traveleto.com\/viajes\/#website"},"primaryImageOfPage":{"@id":"https:\/\/traveleto.com\/viajes\/producto\/celebra-navidades-estambul\/#primaryimage"},"datePublished":"2022-11-17T20:36:45+00:00","dateModified":"2022-12-29T13:12:47+00:00","breadcrumb":{"@id":"https:\/\/traveleto.com\/viajes\/producto\/celebra-navidades-estambul\/#breadcrumb"},"inLanguage":"es","potentialAction":[{"@type":"ReadAction","target":["https:\/\/traveleto.com\/viajes\/producto\/celebra-navidades-estambul\/"]}]},{"@type":"BreadcrumbList","@id":"https:\/\/traveleto.com\/viajes\/producto\/celebra-navidades-estambul\/#breadcrumb","itemListElement":[{"@type":"ListItem","position":1,"name":"Portada","item":"https:\/\/traveleto.com\/viajes\/"},{"@type":"ListItem","position":2,"name":""},{"@type":"ListItem","position":3,"name":"\ud83c\udf84Celebra tus Navidades en Estambul"}]}]}},"_links":{"self":[{"href":"https:\/\/traveleto.com\/viajes\/wp-json\/wp\/v2\/product\/1460"}],"collection":[{"href":"https:\/\/traveleto.com\/viajes\/wp-json\/wp\/v2\/product"}],"about":[{"href":"https:\/\/traveleto.com\/viajes\/wp-json\/wp\/v2\/types\/product"}],"replies":[{"embeddable":true,"href":"https:\/\/traveleto.com\/viajes\/wp-json\/wp\/v2\/comments?post=1460"}],"wp:featuredmedia":[{"embeddable":true,"href":"https:\/\/traveleto.com\/viajes\/wp-json\/wp\/v2\/media\/1475"}],"wp:attachment":[{"href":"https:\/\/traveleto.com\/viajes\/wp-json\/wp\/v2\/media?parent=1460"}],"wp:term":[{"taxonomy":"product_cat","embeddable":true,"href":"https:\/\/traveleto.com\/viajes\/wp-json\/wp\/v2\/product_cat?post=1460"},{"taxonomy":"product_tag","embeddable":true,"href":"https:\/\/traveleto.com\/viajes\/wp-json\/wp\/v2\/product_tag?post=1460"}],"curies":[{"name":"wp","href":"https:\/\/api.w.org\/{rel}","templated":true}]}}