{"id":1487,"date":"2022-11-17T21:49:14","date_gmt":"2022-11-17T21:49:14","guid":{"rendered":"https:\/\/traveleto.com\/viajes\/?post_type=product&#038;p=1487"},"modified":"2022-12-29T13:13:24","modified_gmt":"2022-12-29T13:13:24","slug":"nochevieja-vip-cuba","status":"publish","type":"product","link":"https:\/\/traveleto.com\/viajes\/producto\/nochevieja-vip-cuba\/","title":{"rendered":"\ud83c\udf79Nochevieja V.I.P. \ud83d\udc8eTODO INCLUIDO\ud83d\udc8e en Varadero &#8211; Cuba"},"content":{"rendered":"<p>\u00bfY si este a\u00f1o lo cerramos a lo loco y a ritmo cubano? Te proponemos pasar una Nochevieja inolvidable, disfrutando de la vida y saboreando las aguas de la gran playa de Varadero.<\/p>\n<p>Estar\u00e1s alojado durante 6 noches en el Gran Caribe Club Kawama Resort All Inclusive 3*, con r\u00e9gimen todo incluido. \u00a1La vida que mereces!<\/p>\n<p>Desayunos buffet, piscinas exteriores, pistas de tenis, mucha playa, c\u00f3cteles y diversi\u00f3n. Esto y mucho m\u00e1s est\u00e1 esper\u00e1ndote esta Nochevieja en Varadero. \u00bfTe vienes?<\/p>\n<p>Recuerda que si quieres puedes personalizar tu viaje buscando otras fechas, lugares de salida, o inclusive otro hotel. Si por el contrario quieres ir a otro destino, \u00e9chale un vistazo a nuestras <a href=\"https:\/\/traveleto.com\/viajes\/categoria-producto\/vuelo-hotel\/\">ofertas de viaje vuelo+hotel<\/a>.<\/p>\n<p>En el caso que lo tuyo no sea planificar, en Traveleto organizamos tu viaje totalmente GRATIS. Ponte en contacto con nosotros \u00a1y nos encargamos de todo! <a href=\"https:\/\/traveleto.com\/viajes\/presupuesto\/\">Haz click aqu\u00ed para rellenar tu solicitud<\/a>.<\/p>\n<h2>\ud83e\udded Alojamiento<\/h2>\n<p>\ud83c\udfe9 <a href=\"https:\/\/trk.traveleto.com\/index.php?key=lastminuteoffer&#038;post=cuba&#038;type=flight-hotel&#038;hotelid=1538878&#038;departureIntervals=20221230-20230105&#038;destinationCities=157954&#038;departureAirports=MAD\">Gran Caribe Club Kawama Resort All Inclusive 3*<\/a><\/p>\n<h2>\ud83e\udded Vuelos<\/h2>\n<p>\ud83c\udf0d <a href=\"https:\/\/trk.traveleto.com\/index.php?key=lastminuteoffer&#038;post=cuba&#038;type=flight-hotel&#038;hotelid=1538878&#038;departureIntervals=20221230-20230105&#038;destinationCities=157954&#038;departureAirports=MAD\">Salidas pueden ser desde diversos aeropuertos<\/a><\/p>\n<h2>\ud83e\udded Fechas de viaje<\/h2>\n<p>\u27a1\ufe0f Diciembre de 2022 &#8211; Enero de 2023<\/p>\n<h2>\ud83e\udded \u00bfC\u00f3mo hacer tu reserva?<\/h2>\n<div class=\"pasos\">\n<ol>\n<li><span class=\"num\">1<\/span> Selecciona desde d\u00f3nde viajas y el destino final<\/li>\n<li><span class=\"num\">2<\/span> Escoge tus fechas favoritas y compara<\/li>\n<li><span class=\"num\">3<\/span> Elige tu opci\u00f3n preferida y haz la reserva<\/li>\n<\/ol>\n<p><a class=\"oferta\" href=\"https:\/\/trk.traveleto.com\/index.php?key=lastminuteoffer&#038;post=cuba&#038;type=flight-hotel&#038;hotelid=1538878&#038;departureIntervals=20221230-20230105&#038;destinationCities=157954&#038;departureAirports=MAD\" rel=\"nofollow noopener noreferrer\">Ir a la oferta<\/a><\/p>\n<\/div>\n<h2>\ud83e\udded Opci\u00f3n m\u00e1s econ\u00f3mica desde Madrid<\/h2>\n<p>A continuaci\u00f3n, se especifican los detalles del viaje con la oferta descrita. La opci\u00f3n m\u00e1s econ\u00f3mica ser\u00eda saliendo desde Madrid, pero puedes consultar otras opciones <b>aqu\u00ed<\/b> ya que los precios est\u00e1n en constante movimiento.<\/p>\n<ul>\n<li>Alojamiento: <a href=\"https:\/\/trk.traveleto.com\/index.php?key=lastminuteoffer&#038;post=cuba&#038;type=flight-hotel&#038;hotelid=1538878&#038;departureIntervals=20221230-20230105&#038;destinationCities=157954&#038;departureAirports=MAD\">Gran Caribe Club Kawama Resort All Inclusive 3*<\/a><\/li>\n<li>Vuelo: <a href=\"https:\/\/trk.traveleto.com\/index.php?key=lastminuteoffer&#038;post=cuba&#038;type=flight-hotel&#038;hotelid=1538878&#038;departureIntervals=20221230-20230105&#038;destinationCities=157954&#038;departureAirports=MAD\">Madrid a La Habana Jose Marti Internacional<\/a><\/li>\n<li>Fecha de salida: 30\/12\/2022 WORLD2FLY (Directo)<\/li>\n<li>Fecha de vuelta: 05\/01\/2023 Aerom\u00e9xico (1 escala)<\/li>\n<li>Importe total por persona: 1470\u20ac<\/li>\n<\/ul>\n<h2>\ud83e\udded Protecci\u00f3n total<\/h2>\n<p>Asegura tu tranquilidad a lo largo del viaje de una forma f\u00e1cil y personalizada con el mejor seguro de viaje. Nuestro partner <a href=\"https:\/\/www.iatiseguros.com?r=44702130325906&amp;cmp=viajestraveleto\">Iati Seguros<\/a>, ofrece los mejores Seguros de Viaje para cada tipo de viajero y destino.<\/p>\n<p><a href=\"https:\/\/www.iatiseguros.com?r=78622968806591&#038;cmp=cuba\">Calcula ahora tu presupuesto con Iati Seguros<\/a> y obtendr\u00e1s un 5% de descuento de forma autom\u00e1tica por ser viajero Traveleto.<\/p>\n<h2>\ud83e\udded Condiciones de la oferta<\/h2>\n<p>En Traveleto estamos continuamente buscando las mejores ofertas para que puedas vivir grandes experiencias a precios de esc\u00e1ndalo. En esta ocasi\u00f3n, har\u00e1s tu reserva con <a href=\"https:\/\/trk.traveleto.com\/index.php?key=lastminute&amp;id=nueva-york\">Lastminute.com<\/a>, uno de nuestros mejores proveedores de viajes inteligentes.<\/p>\n<p>Recuerda que si quieres obtener un viaje totalmente personalizado, en Traveleto organizamos tu viaje totalmente GRATIS. Ponte en contacto con nosotros \u00a1y nos encargamos de todo! <a href=\"https:\/\/traveleto.com\/viajes\/presupuesto\/\">Haz click aqu\u00ed para rellenar tu solicitud<\/a>.<\/p>\n","protected":false},"excerpt":{"rendered":"<p><span style=\"font-weight: 400;\">\u00bfY si este a\u00f1o lo cerramos a lo loco y a ritmo cubano? Te proponemos pasar una Nochevieja inolvidable, disfrutando de la vida y saboreando las aguas de la gran playa de Varadero.<\/span><\/p>\n<p><span style=\"font-weight: 400;\">Estar\u00e1s alojado durante 6 noches en el Gran Caribe Club Kawama Resort All Inclusive 3*, con r\u00e9gimen todo incluido. \u00a1La vida que mereces!<\/span><\/p>\n","protected":false},"featured_media":1492,"comment_status":"open","ping_status":"closed","template":"","meta":[],"product_cat":[67,65],"product_tag":[],"yoast_head":"<!-- This site is optimized with the Yoast SEO plugin v17.6 - https:\/\/yoast.com\/wordpress\/plugins\/seo\/ -->\n<title>\ud83c\udf79Nochevieja V.I.P. \ud83d\udc8eTODO INCLUIDO\ud83d\udc8e en Varadero - Cuba &mdash; Traveleto<\/title>\n<meta name=\"robots\" content=\"noindex, follow\" \/>\n<meta property=\"og:locale\" content=\"es_ES\" \/>\n<meta property=\"og:type\" content=\"article\" \/>\n<meta property=\"og:title\" content=\"\ud83c\udf79Nochevieja V.I.P. \ud83d\udc8eTODO INCLUIDO\ud83d\udc8e en Varadero - Cuba &mdash; Traveleto\" \/>\n<meta property=\"og:description\" content=\"\u00bfY si este a\u00f1o lo cerramos a lo loco y a ritmo cubano? Te proponemos pasar una Nochevieja inolvidable, disfrutando de la vida y saboreando las aguas de la gran playa de Varadero.  Estar\u00e1s alojado durante 6 noches en el Gran Caribe Club Kawama Resort All Inclusive 3*, con r\u00e9gimen todo incluido. \u00a1La vida que mereces!\" \/>\n<meta property=\"og:url\" content=\"https:\/\/traveleto.com\/viajes\/producto\/nochevieja-vip-cuba\/\" \/>\n<meta property=\"og:site_name\" content=\"Traveleto\" \/>\n<meta property=\"article:publisher\" content=\"https:\/\/www.facebook.com\/traveleto\" \/>\n<meta property=\"article:modified_time\" content=\"2022-12-29T13:13:24+00:00\" \/>\n<meta property=\"og:image\" content=\"https:\/\/traveleto.com\/viajes\/wp-content\/uploads\/2022\/11\/gow5q4qz9cktdx5uvneb.jpeg\" \/>\n\t<meta property=\"og:image:width\" content=\"1000\" \/>\n\t<meta property=\"og:image:height\" content=\"683\" \/>\n<meta name=\"twitter:card\" content=\"summary_large_image\" \/>\n<meta name=\"twitter:label1\" content=\"Tiempo de lectura\" \/>\n\t<meta name=\"twitter:data1\" content=\"2 minutos\" \/>\n<script type=\"application\/ld+json\" class=\"yoast-schema-graph\">{\"@context\":\"https:\/\/schema.org\",\"@graph\":[{\"@type\":\"Organization\",\"@id\":\"https:\/\/traveleto.com\/viajes\/#organization\",\"name\":\"Traveleto\",\"url\":\"https:\/\/traveleto.com\/viajes\/\",\"sameAs\":[\"https:\/\/www.facebook.com\/traveleto\",\"https:\/\/www.instagram.com\/traveletocom\/\"],\"logo\":{\"@type\":\"ImageObject\",\"@id\":\"https:\/\/traveleto.com\/viajes\/#logo\",\"inLanguage\":\"es\",\"url\":\"https:\/\/traveleto.com\/viajes\/wp-content\/uploads\/2021\/11\/traveleto480.png\",\"contentUrl\":\"https:\/\/traveleto.com\/viajes\/wp-content\/uploads\/2021\/11\/traveleto480.png\",\"width\":480,\"height\":480,\"caption\":\"Traveleto\"},\"image\":{\"@id\":\"https:\/\/traveleto.com\/viajes\/#logo\"}},{\"@type\":\"WebSite\",\"@id\":\"https:\/\/traveleto.com\/viajes\/#website\",\"url\":\"https:\/\/traveleto.com\/viajes\/\",\"name\":\"Traveleto\",\"description\":\"En Traveleto.com encontrar\\u00e1s ofertas y chollos de viaje adem\\u00e1s de inspiraci\\u00f3n para tu pr\\u00f3xima escapada.\",\"publisher\":{\"@id\":\"https:\/\/traveleto.com\/viajes\/#organization\"},\"potentialAction\":[{\"@type\":\"SearchAction\",\"target\":{\"@type\":\"EntryPoint\",\"urlTemplate\":\"https:\/\/traveleto.com\/viajes\/?s={search_term_string}\"},\"query-input\":\"required name=search_term_string\"}],\"inLanguage\":\"es\"},{\"@type\":\"ImageObject\",\"@id\":\"https:\/\/traveleto.com\/viajes\/producto\/nochevieja-vip-cuba\/#primaryimage\",\"inLanguage\":\"es\",\"url\":\"https:\/\/traveleto.com\/viajes\/wp-content\/uploads\/2022\/11\/gow5q4qz9cktdx5uvneb.jpeg\",\"contentUrl\":\"https:\/\/traveleto.com\/viajes\/wp-content\/uploads\/2022\/11\/gow5q4qz9cktdx5uvneb.jpeg\",\"width\":1000,\"height\":683},{\"@type\":\"WebPage\",\"@id\":\"https:\/\/traveleto.com\/viajes\/producto\/nochevieja-vip-cuba\/#webpage\",\"url\":\"https:\/\/traveleto.com\/viajes\/producto\/nochevieja-vip-cuba\/\",\"name\":\"\\ud83c\\udf79Nochevieja V.I.P. \\ud83d\\udc8eTODO INCLUIDO\\ud83d\\udc8e en Varadero - Cuba &mdash; Traveleto\",\"isPartOf\":{\"@id\":\"https:\/\/traveleto.com\/viajes\/#website\"},\"primaryImageOfPage\":{\"@id\":\"https:\/\/traveleto.com\/viajes\/producto\/nochevieja-vip-cuba\/#primaryimage\"},\"datePublished\":\"2022-11-17T21:49:14+00:00\",\"dateModified\":\"2022-12-29T13:13:24+00:00\",\"breadcrumb\":{\"@id\":\"https:\/\/traveleto.com\/viajes\/producto\/nochevieja-vip-cuba\/#breadcrumb\"},\"inLanguage\":\"es\",\"potentialAction\":[{\"@type\":\"ReadAction\",\"target\":[\"https:\/\/traveleto.com\/viajes\/producto\/nochevieja-vip-cuba\/\"]}]},{\"@type\":\"BreadcrumbList\",\"@id\":\"https:\/\/traveleto.com\/viajes\/producto\/nochevieja-vip-cuba\/#breadcrumb\",\"itemListElement\":[{\"@type\":\"ListItem\",\"position\":1,\"name\":\"Portada\",\"item\":\"https:\/\/traveleto.com\/viajes\/\"},{\"@type\":\"ListItem\",\"position\":2,\"name\":\"\"},{\"@type\":\"ListItem\",\"position\":3,\"name\":\"\\ud83c\\udf79Nochevieja V.I.P. \\ud83d\\udc8eTODO INCLUIDO\\ud83d\\udc8e en Varadero &#8211; Cuba\"}]}]}<\/script>\n<!-- \/ Yoast SEO plugin. -->","yoast_head_json":{"title":"\ud83c\udf79Nochevieja V.I.P. \ud83d\udc8eTODO INCLUIDO\ud83d\udc8e en Varadero - Cuba &mdash; Traveleto","robots":{"index":"noindex","follow":"follow"},"og_locale":"es_ES","og_type":"article","og_title":"\ud83c\udf79Nochevieja V.I.P. \ud83d\udc8eTODO INCLUIDO\ud83d\udc8e en Varadero - Cuba &mdash; Traveleto","og_description":"\u00bfY si este a\u00f1o lo cerramos a lo loco y a ritmo cubano? Te proponemos pasar una Nochevieja inolvidable, disfrutando de la vida y saboreando las aguas de la gran playa de Varadero.  Estar\u00e1s alojado durante 6 noches en el Gran Caribe Club Kawama Resort All Inclusive 3*, con r\u00e9gimen todo incluido. \u00a1La vida que mereces!","og_url":"https:\/\/traveleto.com\/viajes\/producto\/nochevieja-vip-cuba\/","og_site_name":"Traveleto","article_publisher":"https:\/\/www.facebook.com\/traveleto","article_modified_time":"2022-12-29T13:13:24+00:00","og_image":[{"width":1000,"height":683,"url":"https:\/\/traveleto.com\/viajes\/wp-content\/uploads\/2022\/11\/gow5q4qz9cktdx5uvneb.jpeg","type":"image\/jpeg"}],"twitter_card":"summary_large_image","twitter_misc":{"Tiempo de lectura":"2 minutos"},"schema":{"@context":"https:\/\/schema.org","@graph":[{"@type":"Organization","@id":"https:\/\/traveleto.com\/viajes\/#organization","name":"Traveleto","url":"https:\/\/traveleto.com\/viajes\/","sameAs":["https:\/\/www.facebook.com\/traveleto","https:\/\/www.instagram.com\/traveletocom\/"],"logo":{"@type":"ImageObject","@id":"https:\/\/traveleto.com\/viajes\/#logo","inLanguage":"es","url":"https:\/\/traveleto.com\/viajes\/wp-content\/uploads\/2021\/11\/traveleto480.png","contentUrl":"https:\/\/traveleto.com\/viajes\/wp-content\/uploads\/2021\/11\/traveleto480.png","width":480,"height":480,"caption":"Traveleto"},"image":{"@id":"https:\/\/traveleto.com\/viajes\/#logo"}},{"@type":"WebSite","@id":"https:\/\/traveleto.com\/viajes\/#website","url":"https:\/\/traveleto.com\/viajes\/","name":"Traveleto","description":"En Traveleto.com encontrar\u00e1s ofertas y chollos de viaje adem\u00e1s de inspiraci\u00f3n para tu pr\u00f3xima escapada.","publisher":{"@id":"https:\/\/traveleto.com\/viajes\/#organization"},"potentialAction":[{"@type":"SearchAction","target":{"@type":"EntryPoint","urlTemplate":"https:\/\/traveleto.com\/viajes\/?s={search_term_string}"},"query-input":"required name=search_term_string"}],"inLanguage":"es"},{"@type":"ImageObject","@id":"https:\/\/traveleto.com\/viajes\/producto\/nochevieja-vip-cuba\/#primaryimage","inLanguage":"es","url":"https:\/\/traveleto.com\/viajes\/wp-content\/uploads\/2022\/11\/gow5q4qz9cktdx5uvneb.jpeg","contentUrl":"https:\/\/traveleto.com\/viajes\/wp-content\/uploads\/2022\/11\/gow5q4qz9cktdx5uvneb.jpeg","width":1000,"height":683},{"@type":"WebPage","@id":"https:\/\/traveleto.com\/viajes\/producto\/nochevieja-vip-cuba\/#webpage","url":"https:\/\/traveleto.com\/viajes\/producto\/nochevieja-vip-cuba\/","name":"\ud83c\udf79Nochevieja V.I.P. \ud83d\udc8eTODO INCLUIDO\ud83d\udc8e en Varadero - Cuba &mdash; Traveleto","isPartOf":{"@id":"https:\/\/traveleto.com\/viajes\/#website"},"primaryImageOfPage":{"@id":"https:\/\/traveleto.com\/viajes\/producto\/nochevieja-vip-cuba\/#primaryimage"},"datePublished":"2022-11-17T21:49:14+00:00","dateModified":"2022-12-29T13:13:24+00:00","breadcrumb":{"@id":"https:\/\/traveleto.com\/viajes\/producto\/nochevieja-vip-cuba\/#breadcrumb"},"inLanguage":"es","potentialAction":[{"@type":"ReadAction","target":["https:\/\/traveleto.com\/viajes\/producto\/nochevieja-vip-cuba\/"]}]},{"@type":"BreadcrumbList","@id":"https:\/\/traveleto.com\/viajes\/producto\/nochevieja-vip-cuba\/#breadcrumb","itemListElement":[{"@type":"ListItem","position":1,"name":"Portada","item":"https:\/\/traveleto.com\/viajes\/"},{"@type":"ListItem","position":2,"name":""},{"@type":"ListItem","position":3,"name":"\ud83c\udf79Nochevieja V.I.P. \ud83d\udc8eTODO INCLUIDO\ud83d\udc8e en Varadero &#8211; Cuba"}]}]}},"_links":{"self":[{"href":"https:\/\/traveleto.com\/viajes\/wp-json\/wp\/v2\/product\/1487"}],"collection":[{"href":"https:\/\/traveleto.com\/viajes\/wp-json\/wp\/v2\/product"}],"about":[{"href":"https:\/\/traveleto.com\/viajes\/wp-json\/wp\/v2\/types\/product"}],"replies":[{"embeddable":true,"href":"https:\/\/traveleto.com\/viajes\/wp-json\/wp\/v2\/comments?post=1487"}],"wp:featuredmedia":[{"embeddable":true,"href":"https:\/\/traveleto.com\/viajes\/wp-json\/wp\/v2\/media\/1492"}],"wp:attachment":[{"href":"https:\/\/traveleto.com\/viajes\/wp-json\/wp\/v2\/media?parent=1487"}],"wp:term":[{"taxonomy":"product_cat","embeddable":true,"href":"https:\/\/traveleto.com\/viajes\/wp-json\/wp\/v2\/product_cat?post=1487"},{"taxonomy":"product_tag","embeddable":true,"href":"https:\/\/traveleto.com\/viajes\/wp-json\/wp\/v2\/product_tag?post=1487"}],"curies":[{"name":"wp","href":"https:\/\/api.w.org\/{rel}","templated":true}]}}