{"id":1545,"date":"2022-11-18T13:43:28","date_gmt":"2022-11-18T13:43:28","guid":{"rendered":"https:\/\/traveleto.com\/viajes\/?post_type=product&#038;p=1545"},"modified":"2022-11-28T13:18:02","modified_gmt":"2022-11-28T13:18:02","slug":"experiencia-turquia","status":"publish","type":"product","link":"https:\/\/traveleto.com\/viajes\/producto\/experiencia-turquia\/","title":{"rendered":"Tour de 7 d\u00edas por lo mejor de Turqu\u00eda"},"content":{"rendered":"<div>\n<p>En nuestro circuito m\u00e1s completo\u00a0<strong>recorreremos lo mejor de Turqu\u00eda en 7 d\u00edas\u00a0<\/strong>y<strong>\u00a0<\/strong>visitaremos lugares como\u00a0<strong>Ankara, Saratli, U\u00e7hisar, Goreme, Pamukkale, \u00c9feso, Esmirna, Troya, \u00c7anakkale y Bursa<\/strong>.<\/p>\n<\/div>\n<div><\/div>\n<div>\n<div>\n<h2>\ud83d\udc49Itinerario<\/h2>\n<h3>\ud83e\udded D\u00eda 1: Estambul &#8211; Ankara<\/h3>\n<p>Tras pasar a recogeros por vuestro hotel de\u00a0Estambul a la hora indicada, cruzaremos el\u00a0<strong>puente intercontinental\u00a0<\/strong>y dejaremos atr\u00e1s esta ciudad\u00a0<strong>rumbo a Ankara<\/strong>, la capital de Turqu\u00eda, situada a 450 kil\u00f3metros.<\/p>\n<p>Tras unas seis horas de\u00a0viaje, llegaremos al hotel donde cenaremos y pasaremos la noche.<\/p>\n<h3>\ud83e\udded D\u00eda 2: Ankara, Saratli y Capadocia<\/h3>\n<p>Despu\u00e9s de tomar fuerzas con un desayuno, saldremos del hotel para comenzar a\u00a0<strong>recorrer la capital del pa\u00eds<\/strong>. Durante la visita veremos los lugares m\u00e1s importantes de Ankara, incluyendo el\u00a0<strong>Museo de las Civilizaciones de Anatolia<\/strong>, con restos paleol\u00edticos, neol\u00edticos, hatti, hititas, frigios, urartus;\u00a0y el\u00a0<strong>Mausoleo de Ataturk<\/strong>, fundador de la Rep\u00fablica Turca.<\/p>\n<p>Dejando atr\u00e1s la capital, de camino a Capadocia, haremos una parada en\u00a0<strong>Saratli<\/strong>, una<strong>\u00a0<\/strong><strong>ciudad subterr\u00e1nea<\/strong>\u00a0construida por las comunidades cristianas para protegerse de los \u00e1rabes. Saratli a\u00fan conserva establos, habitaciones, salas comunes&#8230; \u00a1Sorprendente!<\/p>\n<p>Llegaremos a\u00a0<strong>Capadocia<\/strong>\u00a0a \u00faltima hora de la tarde. Despu\u00e9s de disfrutar de una\u00a0<strong>cena tradicional<\/strong>, os llevaremos a ver una\u00a0<strong>ceremonia de derviches gir\u00f3vagos<\/strong>. La danza suf\u00ed representa un viaje m\u00edstico de ascensi\u00f3n espiritual.<\/p>\n<h3>\ud83e\udded D\u00eda 3: Capadocia<\/h3>\n<p>Despu\u00e9s de desayunar nos aventuraremos a explorar la<strong>\u00a0Capadocia, la regi\u00f3n m\u00e1s famosa de Turqu\u00eda<\/strong>. Formaciones rocosas,\u00a0<strong>chimeneas de hadas<\/strong>, paisajes lunares y formas de la naturaleza definen la zona. Si quer\u00e9is, aqu\u00ed tendr\u00e9is la oportunidad de dar el<strong>\u00a0<\/strong><a title=\"Paseo en globo por la Capadocia\" href=\"https:\/\/www.civitatis.com\/es\/capadocia\/paseo-globo-capadocia\/\" target=\"_blank\" rel=\"noopener\">paseo en globo m\u00e1s famoso del mundo<\/a>. Y es que, si hay una imagen t\u00edpica de la Capadocia, son los cientos de globos que a menudo surcan el cielo al amanecer.<\/p>\n<p>Durante el recorrido visitaremos el\u00a0<strong>Valle de Goreme<\/strong>, con iglesias rupestres y pinturas de los siglos X y XI;\u00a0el\u00a0<strong>pueblo troglodita de U\u00e7hisar<\/strong>, el\u00a0<strong>valle de Pa\u015fabag<\/strong>\u00a0y el\u00a0<strong>valle del Derbent<\/strong>, con formaciones naturales muy curiosas e infinidad de talleres artesanos.<\/p>\n<p>Habiendo disfrutado de un d\u00eda sorprendente, regresaremos al hotel donde cenaremos y pasaremos la noche.<\/p>\n<h3>\ud83e\udded D\u00eda 4: Pamukkale<\/h3>\n<p>Despu\u00e9s de desayunar, dejaremos atr\u00e1s la Capadocia y conduciremos durante siete\u00a0horas con destino\u00a0<strong>Pamukkale<\/strong>. En el camino haremos una parada en el<strong>\u00a0Caravanserail de Sultanhan<\/strong>, de la \u00e9poca de Seljucidas.<\/p>\n<p>Una vez en Pamukkale, tendr\u00e9is tiempo libre para visitar el\u00a0<strong>Castillo de Algod\u00f3n<\/strong>, una visi\u00f3n \u00fanica en el mundo, formada por\u00a0<strong>piscinas termales de origen calc\u00e1reo y cascadas petrificadas<\/strong>.<\/p>\n<p>Despu\u00e9s de un d\u00eda de emociones, nos dirigiremos al hotel donde cenaremos y pasaremos la noche.<\/p>\n<h3>\ud83e\udded D\u00eda 5: \u00c9feso y Esmirna<\/h3>\n<p>Una vez hayamos desayunado, dejaremos atr\u00e1s Pamukkale para dirigirnos a\u00a0<strong>\u00c9feso, ciudad dedicada a Artemisa<\/strong>.<\/p>\n<p>En \u00c9feso visitaremos el\u00a0<strong>Ode\u00f3n<\/strong>, el\u00a0<strong>Templo de Adriano<\/strong>, la\u00a0<strong>Casa del Amor<\/strong>, la\u00a0<strong>Biblioteca de Celso<\/strong>, el\u00a0<strong>\u00c1gora<\/strong>, la\u00a0<strong>calle de M\u00e1rmol<\/strong>\u00a0y el\u00a0<strong>Teatro<\/strong>. Como no pod\u00eda ser de otro modo, tambi\u00e9n visitaremos la\u00a0<strong>Casa de la Virgen Mar\u00eda<\/strong>, la supuesta \u00faltima morada de la madre de Jes\u00fas.<\/p>\n<p>De camino a Esmirna pararemos en un\u00a0<strong>centro de producci\u00f3n de cuero<\/strong>\u00a0para visitar su tienda.<\/p>\n<p>Una vez en\u00a0<strong>Esmirna, la<\/strong>\u00a0<strong>tercera ciudad m\u00e1s grande de Turqu\u00eda<\/strong>, nos dirigiremos\u00a0al hotel donde cenaremos y pasaremos la noche.<\/p>\n<h3>\ud83e\udded D\u00eda 6: Esmirna &#8211; P\u00e9rgamo, Troya y \u00c7anakkale<\/h3>\n<p>Dejando atr\u00e1s Esmirna nos dirigiremos a\u00a0<strong>P\u00e9rgamo<\/strong>, la actual Bergama, haciendo un viaje que durar\u00e1 aproximadamente 5 horas. Una vez lleguemos visitaremos las ruinas de la ciudad, especialmente el\u00a0<strong>Asclepion, el primer hospital de Asia Menor<\/strong>.<\/p>\n<p>Nuestra segunda parada del d\u00eda ser\u00e1\u00a0<strong>Troya<\/strong>, una de las ciudades m\u00e1s famosas de la historia gracias a Homero y su Il\u00edada. Junto a la costa se encuentra el\u00a0<strong>caballo de madera<\/strong>\u00a0utilizado durante el rodaje de la pel\u00edcula\u00a0protagonizada por\u00a0<strong>Brad Pitt<\/strong>.<\/p>\n<p>Continuaremos hasta llegar a\u00a0<strong>\u00c7anakkale<\/strong>, donde cenaremos y nos alojaremos.<\/p>\n<h3>\ud83e\udded D\u00eda 7: Bursa y regreso a Estambul<\/h3>\n<p>Despu\u00e9s de desayunar pondremos rumbo a\u00a0<strong>Bursa, primera capital<\/strong>\u00a0del Imperio Otomano entre 1326 y 1364. Recorriendo el centro hist\u00f3rico veremos lugares como la\u00a0<strong>Mezquita Grande<\/strong>\u00a0de Ulucamii, el\u00a0<strong>Bazar de la Seda Kozahan<\/strong>\u00a0y el\u00a0<strong>Mausoleo Verde<\/strong>.<\/p>\n<p>Despu\u00e9s de una semana repleta de emociones conociendo lo mejor de Turqu\u00eda, estaremos de vuelta en\u00a0Estambul sobre las 16:30 horas.\u00a0Os dejaremos en vuestro hotel o en el lugar que prefir\u00e1is.<\/p>\n<p>Si quer\u00e9is tomar el vuelo de regreso este mismo d\u00eda, os recomendamos que \u00e9ste salga a partir de las 22:00 horas.<\/p>\n<h2>\ud83d\udc49Alojamiento<\/h2>\n<p>Este tour incluye 6 noches de alojamiento en los siguientes\u00a0<strong>hoteles de 4 o 5 estrellas<\/strong>\u00a0en r\u00e9gimen de media pensi\u00f3n (desayuno y cena):<\/p>\n<ul>\n<li><strong>Ankara<\/strong>: Etap Alt\u0131nel Ankara 5*, Ickale 5* o similar.<\/li>\n<li><strong>Capadocia<\/strong>: Dinler Urgup 5*,\u00a0Avrasya Hotel 5* o similar.<\/li>\n<li><strong>Pamukkale<\/strong>: Colossae Hotel 5*, Richmond Hotel 5* o similar.<\/li>\n<li><strong>Esmirna<\/strong>: Blanca 4*, Palm City 4* o similar.<\/li>\n<li><strong>\u00c7anakkale<\/strong>: Iris 4*, Akol 4* o Idakale 4* o similar.<\/li>\n<\/ul>\n<p>El precio indicado es por\u00a0<strong>persona en habitaci\u00f3n doble<\/strong>. Si necesit\u00e1is una\u00a0<strong>habitaci\u00f3n con cama supletoria<\/strong>, deb\u00e9is indicarlo al hacer la reserva. En este caso, el precio es el mismo que el de la habitaci\u00f3n doble. Las personas que duerman solas tendr\u00e1n que pagar un\u00a0<strong>suplemento individual<\/strong>.<\/p>\n<p>No existen habitaciones cu\u00e1druples, pero si sois un grupo podr\u00e9is solicitar dos habitaciones dobles contiguas o conectadas, en funci\u00f3n de la disponibilidad del hotel.\u00a0El precio reducido de los ni\u00f1os es v\u00e1lido solo cuando se comparte habitaci\u00f3n un ni\u00f1o con dos adultos.<\/p>\n<h2>\ud83d\udc49Recogida<\/h2>\n<p>El tour incluye recogida en las siguientes zonas del centro de Estambul:\u00a0Bayrampa\u015fa, Be\u015fikta\u015f, Beyo\u011flu, Emin\u00f6n\u00fc, Ey\u00fcp, Fatih, Ka\u011f\u0131thane, \u015ei\u015fli y Zeytinburnu. Si os aloj\u00e1is fuera de estas zonas, tendr\u00e9is que acudir al punto de encuentro ubicado en\u00a0<strong>The Marmara Taksim Hotel 5<\/strong>*.<\/p>\n<h2 style=\"transition-property: all;\">\ud83d\udc49Disponibilidad y precios<\/h2>\n<\/div>\n<\/div>\n<div style=\"text-align: center;\"><script>function loadScript(url, callback){var script=document.createElement('script'); script.type='text\/javascript'; if (script.readyState){script.onreadystatechange=function(){if (script.readyState=='loaded' || script.readyState=='complete'){script.onreadystatechange=null; callback();}};}else{script.onload=function(){callback();};}script.src=url; document.getElementsByTagName('head')[0].appendChild(script);}loadScript('https:\/\/cdn2.civitatis.com\/js\/vendor\/iframeResizer.min.js', function(){iFrameResize({checkOrigin:false,initCallback:function(iframe){setTimeout(function(){var resizeEvent = window.document.createEvent('UIEvents'); resizeEvent.initUIEvent('resize', true, false, window, 0); iframe.dispatchEvent(resizeEvent);});}})})<\/script><iframe class=\"civitatis-iframe\" style=\"max-width: 100%;\" src=\"https:\/\/www.civitatis.com\/widget-activities\/?affiliated=5209&amp;display=comfort&amp;cant=1&amp;lang=es&amp;currency=EUR&amp;country=225&amp;activities=561&amp;transfer=0&amp;cmp=Widget_Turquia_ES&amp;width=100%&amp;hideButton=0&amp;centerContent=1&amp;typeSelection=manual&amp;color=f75d00&amp;typography=Montserrat&amp;removeBackground=1&amp;showShadow=1&amp;roundedButtons=1\" width=\"100%\" frameborder=\"0\" data-maxwidth=\"100%\"><\/iframe><\/div>\n","protected":false},"excerpt":{"rendered":"<p>En nuestro circuito m\u00e1s completo recorreremos lo mejor de Turqu\u00eda en 7 d\u00edas y visitaremos lugares como Ankara, Saratli, U\u00e7hisar, Goreme, Pamukkale, \u00c9feso, Esmirna, Troya, \u00c7anakkale y Bursa.<\/p>\n","protected":false},"featured_media":1375,"comment_status":"open","ping_status":"closed","template":"","meta":[],"product_cat":[64,69],"product_tag":[],"yoast_head":"<!-- This site is optimized with the Yoast SEO plugin v17.6 - https:\/\/yoast.com\/wordpress\/plugins\/seo\/ -->\n<title>Tour de 7 d\u00edas por lo mejor de Turqu\u00eda &mdash; Traveleto<\/title>\n<meta name=\"robots\" content=\"noindex, follow\" \/>\n<meta property=\"og:locale\" content=\"es_ES\" \/>\n<meta property=\"og:type\" content=\"article\" \/>\n<meta property=\"og:title\" content=\"Tour de 7 d\u00edas por lo mejor de Turqu\u00eda &mdash; Traveleto\" \/>\n<meta property=\"og:description\" content=\"En nuestro circuito m\u00e1s completo recorreremos lo mejor de Turqu\u00eda en 7 d\u00edas y visitaremos lugares como Ankara, Saratli, U\u00e7hisar, Goreme, Pamukkale, \u00c9feso, Esmirna, Troya, \u00c7anakkale y Bursa.\" \/>\n<meta property=\"og:url\" content=\"https:\/\/traveleto.com\/viajes\/producto\/experiencia-turquia\/\" \/>\n<meta property=\"og:site_name\" content=\"Traveleto\" \/>\n<meta property=\"article:publisher\" content=\"https:\/\/www.facebook.com\/traveleto\" \/>\n<meta property=\"article:modified_time\" content=\"2022-11-28T13:18:02+00:00\" \/>\n<meta name=\"twitter:card\" content=\"summary_large_image\" \/>\n<meta name=\"twitter:image\" content=\"https:\/\/traveleto.com\/viajes\/wp-content\/uploads\/2022\/11\/capadocia.webp\" \/>\n<meta name=\"twitter:label1\" content=\"Tiempo de lectura\" \/>\n\t<meta name=\"twitter:data1\" content=\"5 minutos\" \/>\n<script type=\"application\/ld+json\" class=\"yoast-schema-graph\">{\"@context\":\"https:\/\/schema.org\",\"@graph\":[{\"@type\":\"Organization\",\"@id\":\"https:\/\/traveleto.com\/viajes\/#organization\",\"name\":\"Traveleto\",\"url\":\"https:\/\/traveleto.com\/viajes\/\",\"sameAs\":[\"https:\/\/www.facebook.com\/traveleto\",\"https:\/\/www.instagram.com\/traveletocom\/\"],\"logo\":{\"@type\":\"ImageObject\",\"@id\":\"https:\/\/traveleto.com\/viajes\/#logo\",\"inLanguage\":\"es\",\"url\":\"https:\/\/traveleto.com\/viajes\/wp-content\/uploads\/2021\/11\/traveleto480.png\",\"contentUrl\":\"https:\/\/traveleto.com\/viajes\/wp-content\/uploads\/2021\/11\/traveleto480.png\",\"width\":480,\"height\":480,\"caption\":\"Traveleto\"},\"image\":{\"@id\":\"https:\/\/traveleto.com\/viajes\/#logo\"}},{\"@type\":\"WebSite\",\"@id\":\"https:\/\/traveleto.com\/viajes\/#website\",\"url\":\"https:\/\/traveleto.com\/viajes\/\",\"name\":\"Traveleto\",\"description\":\"En Traveleto.com encontrar\\u00e1s ofertas y chollos de viaje adem\\u00e1s de inspiraci\\u00f3n para tu pr\\u00f3xima escapada.\",\"publisher\":{\"@id\":\"https:\/\/traveleto.com\/viajes\/#organization\"},\"potentialAction\":[{\"@type\":\"SearchAction\",\"target\":{\"@type\":\"EntryPoint\",\"urlTemplate\":\"https:\/\/traveleto.com\/viajes\/?s={search_term_string}\"},\"query-input\":\"required name=search_term_string\"}],\"inLanguage\":\"es\"},{\"@type\":\"ImageObject\",\"@id\":\"https:\/\/traveleto.com\/viajes\/producto\/experiencia-turquia\/#primaryimage\",\"inLanguage\":\"es\",\"url\":\"https:\/\/traveleto.com\/viajes\/wp-content\/uploads\/2022\/11\/capadocia.webp\",\"contentUrl\":\"https:\/\/traveleto.com\/viajes\/wp-content\/uploads\/2022\/11\/capadocia.webp\",\"width\":780,\"height\":521,\"caption\":\"Capadocia desde el aire\"},{\"@type\":\"WebPage\",\"@id\":\"https:\/\/traveleto.com\/viajes\/producto\/experiencia-turquia\/#webpage\",\"url\":\"https:\/\/traveleto.com\/viajes\/producto\/experiencia-turquia\/\",\"name\":\"Tour de 7 d\\u00edas por lo mejor de Turqu\\u00eda &mdash; Traveleto\",\"isPartOf\":{\"@id\":\"https:\/\/traveleto.com\/viajes\/#website\"},\"primaryImageOfPage\":{\"@id\":\"https:\/\/traveleto.com\/viajes\/producto\/experiencia-turquia\/#primaryimage\"},\"datePublished\":\"2022-11-18T13:43:28+00:00\",\"dateModified\":\"2022-11-28T13:18:02+00:00\",\"breadcrumb\":{\"@id\":\"https:\/\/traveleto.com\/viajes\/producto\/experiencia-turquia\/#breadcrumb\"},\"inLanguage\":\"es\",\"potentialAction\":[{\"@type\":\"ReadAction\",\"target\":[\"https:\/\/traveleto.com\/viajes\/producto\/experiencia-turquia\/\"]}]},{\"@type\":\"BreadcrumbList\",\"@id\":\"https:\/\/traveleto.com\/viajes\/producto\/experiencia-turquia\/#breadcrumb\",\"itemListElement\":[{\"@type\":\"ListItem\",\"position\":1,\"name\":\"Portada\",\"item\":\"https:\/\/traveleto.com\/viajes\/\"},{\"@type\":\"ListItem\",\"position\":2,\"name\":\"\"},{\"@type\":\"ListItem\",\"position\":3,\"name\":\"Tour de 7 d\\u00edas por lo mejor de Turqu\\u00eda\"}]}]}<\/script>\n<!-- \/ Yoast SEO plugin. -->","yoast_head_json":{"title":"Tour de 7 d\u00edas por lo mejor de Turqu\u00eda &mdash; Traveleto","robots":{"index":"noindex","follow":"follow"},"og_locale":"es_ES","og_type":"article","og_title":"Tour de 7 d\u00edas por lo mejor de Turqu\u00eda &mdash; Traveleto","og_description":"En nuestro circuito m\u00e1s completo recorreremos lo mejor de Turqu\u00eda en 7 d\u00edas y visitaremos lugares como Ankara, Saratli, U\u00e7hisar, Goreme, Pamukkale, \u00c9feso, Esmirna, Troya, \u00c7anakkale y Bursa.","og_url":"https:\/\/traveleto.com\/viajes\/producto\/experiencia-turquia\/","og_site_name":"Traveleto","article_publisher":"https:\/\/www.facebook.com\/traveleto","article_modified_time":"2022-11-28T13:18:02+00:00","twitter_card":"summary_large_image","twitter_image":"https:\/\/traveleto.com\/viajes\/wp-content\/uploads\/2022\/11\/capadocia.webp","twitter_misc":{"Tiempo de lectura":"5 minutos"},"schema":{"@context":"https:\/\/schema.org","@graph":[{"@type":"Organization","@id":"https:\/\/traveleto.com\/viajes\/#organization","name":"Traveleto","url":"https:\/\/traveleto.com\/viajes\/","sameAs":["https:\/\/www.facebook.com\/traveleto","https:\/\/www.instagram.com\/traveletocom\/"],"logo":{"@type":"ImageObject","@id":"https:\/\/traveleto.com\/viajes\/#logo","inLanguage":"es","url":"https:\/\/traveleto.com\/viajes\/wp-content\/uploads\/2021\/11\/traveleto480.png","contentUrl":"https:\/\/traveleto.com\/viajes\/wp-content\/uploads\/2021\/11\/traveleto480.png","width":480,"height":480,"caption":"Traveleto"},"image":{"@id":"https:\/\/traveleto.com\/viajes\/#logo"}},{"@type":"WebSite","@id":"https:\/\/traveleto.com\/viajes\/#website","url":"https:\/\/traveleto.com\/viajes\/","name":"Traveleto","description":"En Traveleto.com encontrar\u00e1s ofertas y chollos de viaje adem\u00e1s de inspiraci\u00f3n para tu pr\u00f3xima escapada.","publisher":{"@id":"https:\/\/traveleto.com\/viajes\/#organization"},"potentialAction":[{"@type":"SearchAction","target":{"@type":"EntryPoint","urlTemplate":"https:\/\/traveleto.com\/viajes\/?s={search_term_string}"},"query-input":"required name=search_term_string"}],"inLanguage":"es"},{"@type":"ImageObject","@id":"https:\/\/traveleto.com\/viajes\/producto\/experiencia-turquia\/#primaryimage","inLanguage":"es","url":"https:\/\/traveleto.com\/viajes\/wp-content\/uploads\/2022\/11\/capadocia.webp","contentUrl":"https:\/\/traveleto.com\/viajes\/wp-content\/uploads\/2022\/11\/capadocia.webp","width":780,"height":521,"caption":"Capadocia desde el aire"},{"@type":"WebPage","@id":"https:\/\/traveleto.com\/viajes\/producto\/experiencia-turquia\/#webpage","url":"https:\/\/traveleto.com\/viajes\/producto\/experiencia-turquia\/","name":"Tour de 7 d\u00edas por lo mejor de Turqu\u00eda &mdash; Traveleto","isPartOf":{"@id":"https:\/\/traveleto.com\/viajes\/#website"},"primaryImageOfPage":{"@id":"https:\/\/traveleto.com\/viajes\/producto\/experiencia-turquia\/#primaryimage"},"datePublished":"2022-11-18T13:43:28+00:00","dateModified":"2022-11-28T13:18:02+00:00","breadcrumb":{"@id":"https:\/\/traveleto.com\/viajes\/producto\/experiencia-turquia\/#breadcrumb"},"inLanguage":"es","potentialAction":[{"@type":"ReadAction","target":["https:\/\/traveleto.com\/viajes\/producto\/experiencia-turquia\/"]}]},{"@type":"BreadcrumbList","@id":"https:\/\/traveleto.com\/viajes\/producto\/experiencia-turquia\/#breadcrumb","itemListElement":[{"@type":"ListItem","position":1,"name":"Portada","item":"https:\/\/traveleto.com\/viajes\/"},{"@type":"ListItem","position":2,"name":""},{"@type":"ListItem","position":3,"name":"Tour de 7 d\u00edas por lo mejor de Turqu\u00eda"}]}]}},"_links":{"self":[{"href":"https:\/\/traveleto.com\/viajes\/wp-json\/wp\/v2\/product\/1545"}],"collection":[{"href":"https:\/\/traveleto.com\/viajes\/wp-json\/wp\/v2\/product"}],"about":[{"href":"https:\/\/traveleto.com\/viajes\/wp-json\/wp\/v2\/types\/product"}],"replies":[{"embeddable":true,"href":"https:\/\/traveleto.com\/viajes\/wp-json\/wp\/v2\/comments?post=1545"}],"wp:featuredmedia":[{"embeddable":true,"href":"https:\/\/traveleto.com\/viajes\/wp-json\/wp\/v2\/media\/1375"}],"wp:attachment":[{"href":"https:\/\/traveleto.com\/viajes\/wp-json\/wp\/v2\/media?parent=1545"}],"wp:term":[{"taxonomy":"product_cat","embeddable":true,"href":"https:\/\/traveleto.com\/viajes\/wp-json\/wp\/v2\/product_cat?post=1545"},{"taxonomy":"product_tag","embeddable":true,"href":"https:\/\/traveleto.com\/viajes\/wp-json\/wp\/v2\/product_tag?post=1545"}],"curies":[{"name":"wp","href":"https:\/\/api.w.org\/{rel}","templated":true}]}}