{"id":1548,"date":"2022-11-18T13:47:17","date_gmt":"2022-11-18T13:47:17","guid":{"rendered":"https:\/\/traveleto.com\/viajes\/?post_type=product&#038;p=1548"},"modified":"2022-11-28T13:58:52","modified_gmt":"2022-11-28T13:58:52","slug":"experiencia-egipto","status":"publish","type":"product","link":"https:\/\/traveleto.com\/viajes\/producto\/experiencia-egipto\/","title":{"rendered":"Egipto al completo, 8 d\u00edas con todo incluido"},"content":{"rendered":"<div>\n<p><strong style=\"color: var( --e-global-color-text ); font-family: var( --e-global-typography-text-font-family ), Sans-serif; letter-spacing: 0em;\">El Cairo, L\u00faxor, Edfu,\u00a0Kom Ombo, Asu\u00e1n<\/strong><span style=\"color: var( --e-global-color-text ); font-family: var( --e-global-typography-text-font-family ), Sans-serif; font-weight: var( --e-global-typography-text-font-weight ); letter-spacing: 0em;\">&#8230; En nuestro circuito m\u00e1s completo visitaremos los<\/span><strong style=\"color: var( --e-global-color-text ); font-family: var( --e-global-typography-text-font-family ), Sans-serif; letter-spacing: 0em;\">\u00a0lugares imprescindibles de Egipto en 8 d\u00edas<\/strong><span style=\"color: var( --e-global-color-text ); font-family: var( --e-global-typography-text-font-family ), Sans-serif; font-weight: var( --e-global-typography-text-font-weight ); letter-spacing: 0em;\">. \u00a1La mejor forma de descubrir el\u00a0<\/span><strong style=\"color: var( --e-global-color-text ); font-family: var( --e-global-typography-text-font-family ), Sans-serif; letter-spacing: 0em;\">pa\u00eds de los faraones<\/strong><span style=\"color: var( --e-global-color-text ); font-family: var( --e-global-typography-text-font-family ), Sans-serif; font-weight: var( --e-global-typography-text-font-weight ); letter-spacing: 0em;\">!<\/span><\/p>\n<div>\n<h2>\ud83d\udc49Itinerario<\/h2>\n<h3>\ud83e\udded D\u00eda 1<\/h3>\n<p>El primer d\u00eda,\u00a0<strong>os esperaremos en el aeropuerto<\/strong>\u00a0<strong>de El Cairo\u00a0<\/strong>para daros el visado, ayudaros a pasar los controles de inmigraci\u00f3n y\u00a0<strong>llevaros al hotel<\/strong>. Por la noche cenaremos en un restaurante local.<\/p>\n<h3>\ud83e\udded D\u00eda 2<\/h3>\n<p>Despu\u00e9s del desayuno\u00a0<strong>visitaremos las pir\u00e1mides de Giza y la esfinge<\/strong>, y nos adentraremos en el interior de una de las pir\u00e1mides. Al finalizar la visita, comeremos un men\u00fa tradicional y nos dirigiremos a\u00a0<strong>Menfis<\/strong>, la primera capital de Egipto, para admirar\u00a0<strong>Saqqara, su necr\u00f3polis<\/strong>, y la famosa\u00a0<strong>estatua de Rams\u00e9s II<\/strong>.<\/p>\n<p>Tras pasar a descansar por el hotel, por la noche nos dirigiremos a\u00a0<strong>El Cairo antiguo<\/strong>, a la zona medieval, donde pasearemos por su calle m\u00e1s antigua, recorreremos el\u00a0<strong>mercado de Khan el Kalili<\/strong>, nos adentraremos en el famoso\u00a0<strong>Caf\u00e9 de los Espejos<\/strong>\u00a0y tomaremos una cena t\u00edpica.<\/p>\n<h3>\ud83e\udded D\u00eda 3<\/h3>\n<p>Este d\u00eda visitaremos los lugares m\u00e1s emblem\u00e1ticos del centro de El Cairo. Recorreremos la\u00a0<strong>Ciudadela de Saladino<\/strong>, nos adentraremos en la\u00a0<strong>Mezquita de Alabastro<\/strong>, regatearemos en el mercado de Khan el Kalili, pasearemos por el\u00a0<strong>Barrio Copto<\/strong>, comeremos y nos asombraremos con las\u00a0<strong>obras maestras del Museo Egipcio<\/strong>\u00a0(no incluido el acceso a la sala de momias). Por la noche, saldremos a cenar a un restaurante local.<\/p>\n<h3>\ud83e\udded D\u00eda 4<\/h3>\n<p>Despu\u00e9s del desayuno, nos dirigiremos al aeropuerto para tomar el\u00a0<strong>vuelo con destino a L\u00faxor<\/strong>, la\u00a0<strong>antigua Tebas<\/strong>, la ciudad desde donde parte el crucero. Por la noche\u00a0<strong>visitaremos el Templo de L\u00faxor iluminado<\/strong>\u00a0\u2013probablemente ser\u00e1 la imagen que m\u00e1s perdurar\u00e1 en vuestra memoria\u2013 y recorreremos el centro de la ciudad a bordo de una\u00a0<strong>calesa tirada por caballos<\/strong>. Finalmente, os llevaremos al hotel donde descansaremos hasta el d\u00eda siguiente.<\/p>\n<h3>\ud83e\udded D\u00eda 5<\/h3>\n<p>A primera hora de la ma\u00f1ana os recogeremos del hotel y os llevaremos al puerto, donde nos subiremos a bordo de un barco y comenzaremos el crucero. Nos dirigiremos a\u00a0<strong>visitar el Templo de Karnak<\/strong>, separado del Templo de L\u00faxor por la\u00a0<strong>Avenida de las Esfinges<\/strong>. Continuaremos el tour cruzando a la orilla occidental del Nilo para\u00a0<strong>visitar el Valle de los Reyes<\/strong>, donde se encuentran las tumbas de los faraones m\u00e1s famosos (visitar\u00a0la Tumba de Tutankam\u00f3n conlleva un coste extra de 16\u00a0<bdi>\u20ac<\/bdi>). Tambi\u00e9n visitaremos el\u00a0<strong>templo de Hatshepsut<\/strong>\u00a0y los grandiosos\u00a0<strong>Colosos de Memn\u00f3n<\/strong>.<\/p>\n<p>Al regresar al barco comeremos y comenzaremos a navegar en direcci\u00f3n a Edfu. Al atardecer disfrutar\u00e9is del\u00a0<strong>paso de la esclusa de Esna<\/strong>.<\/p>\n<h3>\ud83e\udded D\u00eda 6<\/h3>\n<p>Comenzaremos el d\u00eda visitando el\u00a0<strong>Templo de Edfu<\/strong>. Este templo, dedicado al dios Horus, es\u00a0<strong>el templo mejor conservado de Egipto<\/strong>. Tras su visita regresaremos al crucero para continuar navegando hacia\u00a0<strong>Kom Ombo<\/strong>.<\/p>\n<p>Una vez aqu\u00ed\u00a0<strong>visitaremos su templo, dedicado a los dioses Sobek y Hareoris<\/strong>\u00a0y con una ubicaci\u00f3n que hace de \u00e9l uno de los m\u00e1s bonitos del pa\u00eds. Al finalizar continuaremos\u00a0<strong>navegando hacia Asu\u00e1n<\/strong>.<\/p>\n<h3>\ud83e\udded D\u00eda 7<\/h3>\n<p>El d\u00eda comienza con la\u00a0<strong>excursi\u00f3n en autob\u00fas a los Templos de Abu Simbel<\/strong>, los m\u00e1s famosos de Egipto,\u00a0<strong>salvados de las aguas del Nilo<\/strong>\u00a0gracias a la colaboraci\u00f3n internacional. En el camino de regreso a Asu\u00e1n, veremos la impresionante\u00a0<strong>Presa de Asu\u00e1n<\/strong>, uno de los mayores proyectos de ingenier\u00eda del siglo XX.<\/p>\n<p>Tambi\u00e9n visitaremos<strong>\u00a0<\/strong>el\u00a0<strong>Templo de Filae<\/strong>, ubicado en una bonita isla y conocido como la<strong>\u00a0Joya del Nilo<\/strong>, y volveremos al crucero para comer. Por la tarde, realizaremos un\u00a0<strong>paseo en faluca<\/strong>\u00a0(el barco tradicional egipcio) y estaremos de regreso en el barco a las 16:00 horas. Tendr\u00e9is tiempo libre el resto de la tarde y esa noche tambi\u00e9n dormiremos en el barco.<\/p>\n<h3>\ud83e\udded D\u00eda 8<\/h3>\n<p>Despu\u00e9s de desayunar, os llevaremos al aeropuerto de Asu\u00e1n donde tomaremos el\u00a0<strong>vuelo de regreso a El Cairo<\/strong>. Una vez en el aeropuerto de El Cairo\u00a0podr\u00e9is tomar vuestro vuelo internacional.<\/p>\n<p>Adaptaremos la hora de salida desde Asu\u00e1n seg\u00fan el vuelo internacional que teng\u00e1is. Si sale pronto de El Cairo, volaremos desde Asu\u00e1n m\u00e1s temprano y os ofreceremos un desayuno continental o para llevar. Si vuestro vuelo de regreso es por la tarde, no tendr\u00e9is que madrugar tanto y os ofreceremos el desayuno en el barco antes de llevaros a Asu\u00e1n para tomar el vuelo a El Cairo.<\/p>\n<h2>\ud83d\udc49Importante<\/h2>\n<p>El orden del itinerario mostrado es gen\u00e9rico con fines orientativos. Podr\u00eda verse alterado\u00a0sin afectar a las visitas ni al contenido de las mismas.\u00a0Dependiendo del d\u00eda de vuestra llegada, se visitar\u00e1 primero El Cairo y luego se har\u00e1 el crucero, o viceversa.<\/p>\n<h2>\ud83d\udc49\u00bfQu\u00e9 necesito para hacer el circuito?<\/h2>\n<p>Lo \u00fanico que necesitas para hacer este circuito es un\u00a0<strong>vuelo de ida y vuelta a El Cairo<\/strong>, llegando el d\u00eda que hab\u00e9is reservado y regresando el mismo d\u00eda de la semana siguiente; es decir, si lleg\u00e1is un lunes, deb\u00e9is regresar el lunes siguiente.<\/p>\n<h2>\ud83d\udc49Todo incluido<\/h2>\n<p>En el precio\u00a0<strong>se incluye todo<\/strong>: visado, vuelos internos, transporte, hoteles, barcos, comidas, cenas, desayunos, gu\u00edas, excursiones, visitas y entradas, e incluso propinas.<\/p>\n<p>Es casi\u00a0<strong>imposible comparar nuestro precio con el de otras agencias<\/strong>, ya que nadie lo incluye todo, y el precio final puede llegar a duplicarse.<\/p>\n<h2>\ud83d\udc49Hoteles y barcos<\/h2>\n<p>Ofrecemos el circuito en 2 categor\u00edas:<\/p>\n<p><strong>Categor\u00eda est\u00e1ndar<\/strong>:<\/p>\n<ul>\n<li><strong>Hotel en El Cairo<\/strong>: The Oasis Hotel Pyramids, Pyramids Park Resort Cairo o similar.<\/li>\n<li><strong>Barco<\/strong>: MS Pioneer II, Nile Dolfine, MS Mirage, MS Nile admiral, Miss Egypt, Beaurivage II, Grand Princess, Voyager, MS Jasimn, MS Grand Princess MS Beau Solie, MS Solares II o similar.<\/li>\n<\/ul>\n<p><strong>Categor\u00eda lujo<\/strong>:<\/p>\n<ul>\n<li><strong>Hotel en El Cairo<\/strong>: Four Seasons Hotel Cairo at The First Residence, Cairo Marriott, Omar Khayyam\u00a0Casino, Marriott Mena House,\u00a0Hyatt Regency Cairo West o similar.<\/li>\n<li><strong>Barco<\/strong>: MS Royal Viking, MS Blue Shadow, MS Blue Shadow II, MS HS Moon Dance, Ms Stegenberger Minerva, MS Kon Tiki, MS Opera, MS Al Jamila, M\/S Alyssa, M\/S Royal Princess, Ms Stegenberger Regency, Ms Stegenberger Royale, MS Concerto\u00a0o similar.<\/li>\n<\/ul>\n<p>El precio indicado es por\u00a0<strong>persona en habitaci\u00f3n doble<\/strong>. Si necesit\u00e1is una\u00a0<strong>habitaci\u00f3n doble con cama supletoria<\/strong>, deb\u00e9is indicarlo al hacer la reserva. En este caso, el precio es el mismo que el de la habitaci\u00f3n doble. Las personas que duerman solas tendr\u00e1n que pagar un\u00a0<strong>suplemento individual<\/strong>.<\/p>\n<p>No hay habitaciones cu\u00e1druples, pero si sois un grupo podr\u00e9is solicitar dos habitaciones dobles contiguas o conectadas, en funci\u00f3n de la disponibilidad del hotel y del crucero.<\/p>\n<h2>\ud83d\udc49Disponibilidad, precio y reservas<\/h2>\n<p>Si quer\u00e9is aprovechar vuestro viaje al m\u00e1ximo, pod\u00e9is ampliar el n\u00famero de d\u00edas y visitar el Mar Rojo o hacer un crucero por el Nilo. Ofrecemos 4 opciones:<\/p>\n<\/div>\n<\/div>\n<div style=\"text-align: center;\"><script>function loadScript(url, callback){var script=document.createElement('script'); script.type='text\/javascript'; if (script.readyState){script.onreadystatechange=function(){if (script.readyState=='loaded' || script.readyState=='complete'){script.onreadystatechange=null; callback();}};}else{script.onload=function(){callback();};}script.src=url; document.getElementsByTagName('head')[0].appendChild(script);}loadScript('https:\/\/cdn2.civitatis.com\/js\/vendor\/iframeResizer.min.js', function(){iFrameResize({checkOrigin:false,initCallback:function(iframe){setTimeout(function(){var resizeEvent = window.document.createEvent('UIEvents'); resizeEvent.initUIEvent('resize', true, false, window, 0); iframe.dispatchEvent(resizeEvent);});}})})<\/script><iframe class=\"civitatis-iframe\" style=\"max-width: 100%;\" src=\"https:\/\/www.civitatis.com\/widget-activities\/?affiliated=5209&amp;display=comfort&amp;cant=4&amp;lang=es&amp;currency=EUR&amp;country=67&amp;activities=1088,54979,9799,5565&amp;transfer=0&amp;cmp=Widget_Egipto_ES&amp;width=100%&amp;hideButton=0&amp;centerContent=1&amp;typeSelection=manual&amp;color=f75d00&amp;typography=Montserrat&amp;removeBackground=1&amp;showShadow=1&amp;roundedButtons=1\" width=\"100%\" frameborder=\"0\" data-maxwidth=\"100%\"><\/iframe><\/div>\n","protected":false},"excerpt":{"rendered":"<p>El Cairo, L\u00faxor, Edfu, Kom Ombo, Asu\u00e1n&#8230; En nuestro circuito m\u00e1s completo visitaremos los lugares imprescindibles de Egipto en 8 d\u00edas. \u00a1La mejor forma de descubrir el pa\u00eds de los faraones!<\/p>\n","protected":false},"featured_media":1334,"comment_status":"open","ping_status":"closed","template":"","meta":[],"product_cat":[66,69],"product_tag":[],"yoast_head":"<!-- This site is optimized with the Yoast SEO plugin v17.6 - https:\/\/yoast.com\/wordpress\/plugins\/seo\/ -->\n<title>Egipto al completo, 8 d\u00edas con todo incluido &mdash; Traveleto<\/title>\n<meta name=\"robots\" content=\"noindex, follow\" \/>\n<meta property=\"og:locale\" content=\"es_ES\" \/>\n<meta property=\"og:type\" content=\"article\" \/>\n<meta property=\"og:title\" content=\"Egipto al completo, 8 d\u00edas con todo incluido &mdash; Traveleto\" \/>\n<meta property=\"og:description\" content=\"El Cairo, L\u00faxor, Edfu, Kom Ombo, Asu\u00e1n... En nuestro circuito m\u00e1s completo visitaremos los lugares imprescindibles de Egipto en 8 d\u00edas. \u00a1La mejor forma de descubrir el pa\u00eds de los faraones!\" \/>\n<meta property=\"og:url\" content=\"https:\/\/traveleto.com\/viajes\/producto\/experiencia-egipto\/\" \/>\n<meta property=\"og:site_name\" content=\"Traveleto\" \/>\n<meta property=\"article:publisher\" content=\"https:\/\/www.facebook.com\/traveleto\" \/>\n<meta property=\"article:modified_time\" content=\"2022-11-28T13:58:52+00:00\" \/>\n<meta name=\"twitter:card\" content=\"summary_large_image\" \/>\n<meta name=\"twitter:image\" content=\"https:\/\/traveleto.com\/viajes\/wp-content\/uploads\/2022\/11\/esfinge-piramides-giza.webp\" \/>\n<meta name=\"twitter:label1\" content=\"Tiempo de lectura\" \/>\n\t<meta name=\"twitter:data1\" content=\"6 minutos\" \/>\n<script type=\"application\/ld+json\" class=\"yoast-schema-graph\">{\"@context\":\"https:\/\/schema.org\",\"@graph\":[{\"@type\":\"Organization\",\"@id\":\"https:\/\/traveleto.com\/viajes\/#organization\",\"name\":\"Traveleto\",\"url\":\"https:\/\/traveleto.com\/viajes\/\",\"sameAs\":[\"https:\/\/www.facebook.com\/traveleto\",\"https:\/\/www.instagram.com\/traveletocom\/\"],\"logo\":{\"@type\":\"ImageObject\",\"@id\":\"https:\/\/traveleto.com\/viajes\/#logo\",\"inLanguage\":\"es\",\"url\":\"https:\/\/traveleto.com\/viajes\/wp-content\/uploads\/2021\/11\/traveleto480.png\",\"contentUrl\":\"https:\/\/traveleto.com\/viajes\/wp-content\/uploads\/2021\/11\/traveleto480.png\",\"width\":480,\"height\":480,\"caption\":\"Traveleto\"},\"image\":{\"@id\":\"https:\/\/traveleto.com\/viajes\/#logo\"}},{\"@type\":\"WebSite\",\"@id\":\"https:\/\/traveleto.com\/viajes\/#website\",\"url\":\"https:\/\/traveleto.com\/viajes\/\",\"name\":\"Traveleto\",\"description\":\"En Traveleto.com encontrar\\u00e1s ofertas y chollos de viaje adem\\u00e1s de inspiraci\\u00f3n para tu pr\\u00f3xima escapada.\",\"publisher\":{\"@id\":\"https:\/\/traveleto.com\/viajes\/#organization\"},\"potentialAction\":[{\"@type\":\"SearchAction\",\"target\":{\"@type\":\"EntryPoint\",\"urlTemplate\":\"https:\/\/traveleto.com\/viajes\/?s={search_term_string}\"},\"query-input\":\"required name=search_term_string\"}],\"inLanguage\":\"es\"},{\"@type\":\"ImageObject\",\"@id\":\"https:\/\/traveleto.com\/viajes\/producto\/experiencia-egipto\/#primaryimage\",\"inLanguage\":\"es\",\"url\":\"https:\/\/traveleto.com\/viajes\/wp-content\/uploads\/2022\/11\/esfinge-piramides-giza.webp\",\"contentUrl\":\"https:\/\/traveleto.com\/viajes\/wp-content\/uploads\/2022\/11\/esfinge-piramides-giza.webp\",\"width\":780,\"height\":521,\"caption\":\"La esfinge y las pir\\u00e1mides\"},{\"@type\":\"WebPage\",\"@id\":\"https:\/\/traveleto.com\/viajes\/producto\/experiencia-egipto\/#webpage\",\"url\":\"https:\/\/traveleto.com\/viajes\/producto\/experiencia-egipto\/\",\"name\":\"Egipto al completo, 8 d\\u00edas con todo incluido &mdash; Traveleto\",\"isPartOf\":{\"@id\":\"https:\/\/traveleto.com\/viajes\/#website\"},\"primaryImageOfPage\":{\"@id\":\"https:\/\/traveleto.com\/viajes\/producto\/experiencia-egipto\/#primaryimage\"},\"datePublished\":\"2022-11-18T13:47:17+00:00\",\"dateModified\":\"2022-11-28T13:58:52+00:00\",\"breadcrumb\":{\"@id\":\"https:\/\/traveleto.com\/viajes\/producto\/experiencia-egipto\/#breadcrumb\"},\"inLanguage\":\"es\",\"potentialAction\":[{\"@type\":\"ReadAction\",\"target\":[\"https:\/\/traveleto.com\/viajes\/producto\/experiencia-egipto\/\"]}]},{\"@type\":\"BreadcrumbList\",\"@id\":\"https:\/\/traveleto.com\/viajes\/producto\/experiencia-egipto\/#breadcrumb\",\"itemListElement\":[{\"@type\":\"ListItem\",\"position\":1,\"name\":\"Portada\",\"item\":\"https:\/\/traveleto.com\/viajes\/\"},{\"@type\":\"ListItem\",\"position\":2,\"name\":\"\"},{\"@type\":\"ListItem\",\"position\":3,\"name\":\"Egipto al completo, 8 d\\u00edas con todo incluido\"}]}]}<\/script>\n<!-- \/ Yoast SEO plugin. -->","yoast_head_json":{"title":"Egipto al completo, 8 d\u00edas con todo incluido &mdash; Traveleto","robots":{"index":"noindex","follow":"follow"},"og_locale":"es_ES","og_type":"article","og_title":"Egipto al completo, 8 d\u00edas con todo incluido &mdash; Traveleto","og_description":"El Cairo, L\u00faxor, Edfu, Kom Ombo, Asu\u00e1n... En nuestro circuito m\u00e1s completo visitaremos los lugares imprescindibles de Egipto en 8 d\u00edas. \u00a1La mejor forma de descubrir el pa\u00eds de los faraones!","og_url":"https:\/\/traveleto.com\/viajes\/producto\/experiencia-egipto\/","og_site_name":"Traveleto","article_publisher":"https:\/\/www.facebook.com\/traveleto","article_modified_time":"2022-11-28T13:58:52+00:00","twitter_card":"summary_large_image","twitter_image":"https:\/\/traveleto.com\/viajes\/wp-content\/uploads\/2022\/11\/esfinge-piramides-giza.webp","twitter_misc":{"Tiempo de lectura":"6 minutos"},"schema":{"@context":"https:\/\/schema.org","@graph":[{"@type":"Organization","@id":"https:\/\/traveleto.com\/viajes\/#organization","name":"Traveleto","url":"https:\/\/traveleto.com\/viajes\/","sameAs":["https:\/\/www.facebook.com\/traveleto","https:\/\/www.instagram.com\/traveletocom\/"],"logo":{"@type":"ImageObject","@id":"https:\/\/traveleto.com\/viajes\/#logo","inLanguage":"es","url":"https:\/\/traveleto.com\/viajes\/wp-content\/uploads\/2021\/11\/traveleto480.png","contentUrl":"https:\/\/traveleto.com\/viajes\/wp-content\/uploads\/2021\/11\/traveleto480.png","width":480,"height":480,"caption":"Traveleto"},"image":{"@id":"https:\/\/traveleto.com\/viajes\/#logo"}},{"@type":"WebSite","@id":"https:\/\/traveleto.com\/viajes\/#website","url":"https:\/\/traveleto.com\/viajes\/","name":"Traveleto","description":"En Traveleto.com encontrar\u00e1s ofertas y chollos de viaje adem\u00e1s de inspiraci\u00f3n para tu pr\u00f3xima escapada.","publisher":{"@id":"https:\/\/traveleto.com\/viajes\/#organization"},"potentialAction":[{"@type":"SearchAction","target":{"@type":"EntryPoint","urlTemplate":"https:\/\/traveleto.com\/viajes\/?s={search_term_string}"},"query-input":"required name=search_term_string"}],"inLanguage":"es"},{"@type":"ImageObject","@id":"https:\/\/traveleto.com\/viajes\/producto\/experiencia-egipto\/#primaryimage","inLanguage":"es","url":"https:\/\/traveleto.com\/viajes\/wp-content\/uploads\/2022\/11\/esfinge-piramides-giza.webp","contentUrl":"https:\/\/traveleto.com\/viajes\/wp-content\/uploads\/2022\/11\/esfinge-piramides-giza.webp","width":780,"height":521,"caption":"La esfinge y las pir\u00e1mides"},{"@type":"WebPage","@id":"https:\/\/traveleto.com\/viajes\/producto\/experiencia-egipto\/#webpage","url":"https:\/\/traveleto.com\/viajes\/producto\/experiencia-egipto\/","name":"Egipto al completo, 8 d\u00edas con todo incluido &mdash; Traveleto","isPartOf":{"@id":"https:\/\/traveleto.com\/viajes\/#website"},"primaryImageOfPage":{"@id":"https:\/\/traveleto.com\/viajes\/producto\/experiencia-egipto\/#primaryimage"},"datePublished":"2022-11-18T13:47:17+00:00","dateModified":"2022-11-28T13:58:52+00:00","breadcrumb":{"@id":"https:\/\/traveleto.com\/viajes\/producto\/experiencia-egipto\/#breadcrumb"},"inLanguage":"es","potentialAction":[{"@type":"ReadAction","target":["https:\/\/traveleto.com\/viajes\/producto\/experiencia-egipto\/"]}]},{"@type":"BreadcrumbList","@id":"https:\/\/traveleto.com\/viajes\/producto\/experiencia-egipto\/#breadcrumb","itemListElement":[{"@type":"ListItem","position":1,"name":"Portada","item":"https:\/\/traveleto.com\/viajes\/"},{"@type":"ListItem","position":2,"name":""},{"@type":"ListItem","position":3,"name":"Egipto al completo, 8 d\u00edas con todo incluido"}]}]}},"_links":{"self":[{"href":"https:\/\/traveleto.com\/viajes\/wp-json\/wp\/v2\/product\/1548"}],"collection":[{"href":"https:\/\/traveleto.com\/viajes\/wp-json\/wp\/v2\/product"}],"about":[{"href":"https:\/\/traveleto.com\/viajes\/wp-json\/wp\/v2\/types\/product"}],"replies":[{"embeddable":true,"href":"https:\/\/traveleto.com\/viajes\/wp-json\/wp\/v2\/comments?post=1548"}],"wp:featuredmedia":[{"embeddable":true,"href":"https:\/\/traveleto.com\/viajes\/wp-json\/wp\/v2\/media\/1334"}],"wp:attachment":[{"href":"https:\/\/traveleto.com\/viajes\/wp-json\/wp\/v2\/media?parent=1548"}],"wp:term":[{"taxonomy":"product_cat","embeddable":true,"href":"https:\/\/traveleto.com\/viajes\/wp-json\/wp\/v2\/product_cat?post=1548"},{"taxonomy":"product_tag","embeddable":true,"href":"https:\/\/traveleto.com\/viajes\/wp-json\/wp\/v2\/product_tag?post=1548"}],"curies":[{"name":"wp","href":"https:\/\/api.w.org\/{rel}","templated":true}]}}