{"id":1596,"date":"2022-12-19T11:14:01","date_gmt":"2022-12-19T11:14:01","guid":{"rendered":"https:\/\/traveleto.com\/viajes\/?post_type=product&#038;p=1596"},"modified":"2022-12-19T11:20:27","modified_gmt":"2022-12-19T11:20:27","slug":"tour-cuba","status":"publish","type":"product","link":"https:\/\/traveleto.com\/viajes\/producto\/tour-cuba\/","title":{"rendered":"Tour de 5 d\u00edas por la Cuba colonial finalizando en Varadero"},"content":{"rendered":"<p>\u00bfAdem\u00e1s de viajero, eres amante de la historia? Si la respuesta es s\u00ed, este tour es para ti!<\/p>\n<p>En este recorrido especial de 5 d\u00edas por Cuba, viajaremos por toda la historia cubana descubriendo su pasado revolucionario y colonial.<\/p>\n<p>Visitaremos Trinidad, Santa Clara y Cienfuegos y finalizaremos con buen sabor de boca concluyendo en Varadero.<\/p>\n<p>Puedes personalizar tu viaje escogiendo t\u00fa las fechas y tenemos una s\u00faper noticia!. En caso de que tengas peques, los menores de 10 a\u00f1os no pagan absolutamente nada!<\/p>\n<p>En el caso que lo tuyo no sea planificar, en Traveleto organizamos tu viaje totalmente GRATIS. Ponte en contacto con nosotros \u00a1y nos encargamos de todo! <a href=\"https:\/\/traveleto.com\/viajes\/presupuesto\/\">Haz click aqu\u00ed para rellenar tu solicitud<\/a>.<\/p>\n<h2>\ud83e\udded Alojamiento en Cuba<\/h2>\n<p>\ud83c\udfe9 <i>\u00a0<\/i>Este circuito incluye 4 noches de alojamiento con desayuno<\/p>\n<h2>\ud83e\udded Fechas del viaje a Costa Rica<\/h2>\n<p>\u27a1\ufe0f de Diciembre de 2022 a noviembre de 2023<\/p>\n<h2>\ud83e\udded Recorrido<\/h2>\n<p>\ud83c\udf0e\u00a1Atentos al s\u00faper un Itinerario preparado!<\/p>\n<p>\u00a1Estar\u00e1 lleno de visitas guiadas y muchas actividades m\u00e1s!<\/p>\n<p>D\u00eda 1 &#8211; La Habana &#8211; Cienfuegos<\/p>\n<p>D\u00eda 2 &#8211; Cienfuegos &#8211; Trinidad<\/p>\n<p>D\u00eda 3 &#8211; Trinidad<\/p>\n<p>D\u00eda 4 &#8211; Trinidad &#8211; Santa Clara<\/p>\n<p>D\u00eda 5 &#8211; Santa Clara &#8211; Varadero<\/p>\n<h2>\u00a0\ud83e\udded \u00bfQu\u00e9 incluye la oferta?<\/h2>\n<ul>\n<li>Recogida en el hotel<\/li>\n<li>Transporte en taxi y coche<\/li>\n<li>4 noches de alojamiento con desayuno<\/li>\n<li>Gu\u00eda en espa\u00f1ol<\/li>\n<li>Alquiler de bici taxi<\/li>\n<li>Cena en Cienfuegos<\/li>\n<li>\u274c No incluye comidas y cenas<\/li>\n<li>\u274c No incluye vuelos a destino<\/li>\n<\/ul>\n<h2>\u00a0\ud83e\udded Cancelaciones<\/h2>\n<p>\u00a1Gratis! Cancela sin gastos hasta 8 d\u00edas antes de la actividad. Si cancelas con m\u00e1s de 3 d\u00edas de antelaci\u00f3n te reembolsaremos el 50%. Si cancelas con menos tiempo, llegas tarde o no te presentas, no se ofrecer\u00e1 ning\u00fan reembolso.<\/p>\n<h2>\ud83e\udded Protecci\u00f3n total<\/h2>\n<p>Asegura tu tranquilidad a lo largo del viaje de una forma f\u00e1cil y personalizada con el mejor seguro de viaje. Nuestro partner <a href=\"https:\/\/www.iatiseguros.com?r=44702130325906&amp;cmp=viajestraveleto\">Iati Seguros<\/a>, ofrece los mejores Seguros de Viaje para cada tipo de viajero y destino.<\/p>\n<p><a href=\"https:\/\/www.iatiseguros.com?r=78622968806591&amp;cmp=turquia\">Calcula ahora tu presupuesto con Iati Seguros<\/a> y obtendr\u00e1s un 5% de descuento de forma autom\u00e1tica por ser viajero Traveleto.<\/p>\n<h2>\ud83e\udded Condiciones de la oferta<\/h2>\n<p>En Traveleto estamos continuamente buscando las mejores ofertas para que puedas vivir grandes experiencias a precios de esc\u00e1ndalo. En esta ocasi\u00f3n, <a href=\"https:\/\/www.civitatis.com\/es\/la-habana\/5-dias-cuba-colonial-varadero\/?aid=5209&amp;cmp=viaje-cuba\">har\u00e1s tu reserva con Civitatis<\/a>, uno de nuestros mejores proveedores de viajes inteligentes.<\/p>\n<p>Recuerda que si quieres obtener un viaje totalmente personalizado, en Traveleto organizamos tu viaje totalmente GRATIS. Ponte en contacto con nosotros \u00a1y nos encargamos de todo! <a href=\"https:\/\/traveleto.com\/viajes\/presupuesto\/\">Haz click aqu\u00ed para rellenar tu solicitud<\/a>.<\/p>\n","protected":false},"excerpt":{"rendered":"<p>\u00bfAdem\u00e1s de viajero, eres amante de la historia? Si la respuesta es s\u00ed, este tour es para ti! En este recorrido especial de 5 d\u00edas por Cuba, viajaremos por toda la historia cubana descubriendo su pasado revolucionario y colonial. Visitaremos Trinidad, Santa Clara y Cienfuegos y finalizaremos con buen sabor de boca concluyendo en Varadero&#8230;.<\/p>\n","protected":false},"featured_media":1599,"comment_status":"open","ping_status":"closed","template":"","meta":[],"product_cat":[67,69],"product_tag":[],"yoast_head":"<!-- This site is optimized with the Yoast SEO plugin v17.6 - https:\/\/yoast.com\/wordpress\/plugins\/seo\/ -->\n<title>Tour de 5 d\u00edas por la Cuba colonial finalizando en Varadero &mdash; Traveleto<\/title>\n<meta name=\"robots\" content=\"noindex, follow\" \/>\n<meta property=\"og:locale\" content=\"es_ES\" \/>\n<meta property=\"og:type\" content=\"article\" \/>\n<meta property=\"og:title\" content=\"Tour de 5 d\u00edas por la Cuba colonial finalizando en Varadero &mdash; Traveleto\" \/>\n<meta property=\"og:description\" content=\"\u00bfAdem\u00e1s de viajero, eres amante de la historia? Si la respuesta es s\u00ed, este tour es para ti! En este recorrido especial de 5 d\u00edas por Cuba, viajaremos por toda la historia cubana descubriendo su pasado revolucionario y colonial. Visitaremos Trinidad, Santa Clara y Cienfuegos y finalizaremos con buen sabor de boca concluyendo en Varadero....\" \/>\n<meta property=\"og:url\" content=\"https:\/\/traveleto.com\/viajes\/producto\/tour-cuba\/\" \/>\n<meta property=\"og:site_name\" content=\"Traveleto\" \/>\n<meta property=\"article:publisher\" content=\"https:\/\/www.facebook.com\/traveleto\" \/>\n<meta property=\"article:modified_time\" content=\"2022-12-19T11:20:27+00:00\" \/>\n<meta property=\"og:image\" content=\"https:\/\/traveleto.com\/viajes\/wp-content\/uploads\/2022\/12\/cuba.jpg\" \/>\n\t<meta property=\"og:image:width\" content=\"788\" \/>\n\t<meta property=\"og:image:height\" content=\"531\" \/>\n<meta name=\"twitter:card\" content=\"summary_large_image\" \/>\n<meta name=\"twitter:label1\" content=\"Tiempo de lectura\" \/>\n\t<meta name=\"twitter:data1\" content=\"2 minutos\" \/>\n<script type=\"application\/ld+json\" class=\"yoast-schema-graph\">{\"@context\":\"https:\/\/schema.org\",\"@graph\":[{\"@type\":\"Organization\",\"@id\":\"https:\/\/traveleto.com\/viajes\/#organization\",\"name\":\"Traveleto\",\"url\":\"https:\/\/traveleto.com\/viajes\/\",\"sameAs\":[\"https:\/\/www.facebook.com\/traveleto\",\"https:\/\/www.instagram.com\/traveletocom\/\"],\"logo\":{\"@type\":\"ImageObject\",\"@id\":\"https:\/\/traveleto.com\/viajes\/#logo\",\"inLanguage\":\"es\",\"url\":\"https:\/\/traveleto.com\/viajes\/wp-content\/uploads\/2021\/11\/traveleto480.png\",\"contentUrl\":\"https:\/\/traveleto.com\/viajes\/wp-content\/uploads\/2021\/11\/traveleto480.png\",\"width\":480,\"height\":480,\"caption\":\"Traveleto\"},\"image\":{\"@id\":\"https:\/\/traveleto.com\/viajes\/#logo\"}},{\"@type\":\"WebSite\",\"@id\":\"https:\/\/traveleto.com\/viajes\/#website\",\"url\":\"https:\/\/traveleto.com\/viajes\/\",\"name\":\"Traveleto\",\"description\":\"En Traveleto.com encontrar\\u00e1s ofertas y chollos de viaje adem\\u00e1s de inspiraci\\u00f3n para tu pr\\u00f3xima escapada.\",\"publisher\":{\"@id\":\"https:\/\/traveleto.com\/viajes\/#organization\"},\"potentialAction\":[{\"@type\":\"SearchAction\",\"target\":{\"@type\":\"EntryPoint\",\"urlTemplate\":\"https:\/\/traveleto.com\/viajes\/?s={search_term_string}\"},\"query-input\":\"required name=search_term_string\"}],\"inLanguage\":\"es\"},{\"@type\":\"ImageObject\",\"@id\":\"https:\/\/traveleto.com\/viajes\/producto\/tour-cuba\/#primaryimage\",\"inLanguage\":\"es\",\"url\":\"https:\/\/traveleto.com\/viajes\/wp-content\/uploads\/2022\/12\/cuba.jpg\",\"contentUrl\":\"https:\/\/traveleto.com\/viajes\/wp-content\/uploads\/2022\/12\/cuba.jpg\",\"width\":788,\"height\":531,\"caption\":\"Cuba\"},{\"@type\":\"WebPage\",\"@id\":\"https:\/\/traveleto.com\/viajes\/producto\/tour-cuba\/#webpage\",\"url\":\"https:\/\/traveleto.com\/viajes\/producto\/tour-cuba\/\",\"name\":\"Tour de 5 d\\u00edas por la Cuba colonial finalizando en Varadero &mdash; Traveleto\",\"isPartOf\":{\"@id\":\"https:\/\/traveleto.com\/viajes\/#website\"},\"primaryImageOfPage\":{\"@id\":\"https:\/\/traveleto.com\/viajes\/producto\/tour-cuba\/#primaryimage\"},\"datePublished\":\"2022-12-19T11:14:01+00:00\",\"dateModified\":\"2022-12-19T11:20:27+00:00\",\"breadcrumb\":{\"@id\":\"https:\/\/traveleto.com\/viajes\/producto\/tour-cuba\/#breadcrumb\"},\"inLanguage\":\"es\",\"potentialAction\":[{\"@type\":\"ReadAction\",\"target\":[\"https:\/\/traveleto.com\/viajes\/producto\/tour-cuba\/\"]}]},{\"@type\":\"BreadcrumbList\",\"@id\":\"https:\/\/traveleto.com\/viajes\/producto\/tour-cuba\/#breadcrumb\",\"itemListElement\":[{\"@type\":\"ListItem\",\"position\":1,\"name\":\"Portada\",\"item\":\"https:\/\/traveleto.com\/viajes\/\"},{\"@type\":\"ListItem\",\"position\":2,\"name\":\"\"},{\"@type\":\"ListItem\",\"position\":3,\"name\":\"Tour de 5 d\\u00edas por la Cuba colonial finalizando en Varadero\"}]}]}<\/script>\n<!-- \/ Yoast SEO plugin. -->","yoast_head_json":{"title":"Tour de 5 d\u00edas por la Cuba colonial finalizando en Varadero &mdash; Traveleto","robots":{"index":"noindex","follow":"follow"},"og_locale":"es_ES","og_type":"article","og_title":"Tour de 5 d\u00edas por la Cuba colonial finalizando en Varadero &mdash; Traveleto","og_description":"\u00bfAdem\u00e1s de viajero, eres amante de la historia? Si la respuesta es s\u00ed, este tour es para ti! En este recorrido especial de 5 d\u00edas por Cuba, viajaremos por toda la historia cubana descubriendo su pasado revolucionario y colonial. Visitaremos Trinidad, Santa Clara y Cienfuegos y finalizaremos con buen sabor de boca concluyendo en Varadero....","og_url":"https:\/\/traveleto.com\/viajes\/producto\/tour-cuba\/","og_site_name":"Traveleto","article_publisher":"https:\/\/www.facebook.com\/traveleto","article_modified_time":"2022-12-19T11:20:27+00:00","og_image":[{"width":788,"height":531,"url":"https:\/\/traveleto.com\/viajes\/wp-content\/uploads\/2022\/12\/cuba.jpg","type":"image\/jpeg"}],"twitter_card":"summary_large_image","twitter_misc":{"Tiempo de lectura":"2 minutos"},"schema":{"@context":"https:\/\/schema.org","@graph":[{"@type":"Organization","@id":"https:\/\/traveleto.com\/viajes\/#organization","name":"Traveleto","url":"https:\/\/traveleto.com\/viajes\/","sameAs":["https:\/\/www.facebook.com\/traveleto","https:\/\/www.instagram.com\/traveletocom\/"],"logo":{"@type":"ImageObject","@id":"https:\/\/traveleto.com\/viajes\/#logo","inLanguage":"es","url":"https:\/\/traveleto.com\/viajes\/wp-content\/uploads\/2021\/11\/traveleto480.png","contentUrl":"https:\/\/traveleto.com\/viajes\/wp-content\/uploads\/2021\/11\/traveleto480.png","width":480,"height":480,"caption":"Traveleto"},"image":{"@id":"https:\/\/traveleto.com\/viajes\/#logo"}},{"@type":"WebSite","@id":"https:\/\/traveleto.com\/viajes\/#website","url":"https:\/\/traveleto.com\/viajes\/","name":"Traveleto","description":"En Traveleto.com encontrar\u00e1s ofertas y chollos de viaje adem\u00e1s de inspiraci\u00f3n para tu pr\u00f3xima escapada.","publisher":{"@id":"https:\/\/traveleto.com\/viajes\/#organization"},"potentialAction":[{"@type":"SearchAction","target":{"@type":"EntryPoint","urlTemplate":"https:\/\/traveleto.com\/viajes\/?s={search_term_string}"},"query-input":"required name=search_term_string"}],"inLanguage":"es"},{"@type":"ImageObject","@id":"https:\/\/traveleto.com\/viajes\/producto\/tour-cuba\/#primaryimage","inLanguage":"es","url":"https:\/\/traveleto.com\/viajes\/wp-content\/uploads\/2022\/12\/cuba.jpg","contentUrl":"https:\/\/traveleto.com\/viajes\/wp-content\/uploads\/2022\/12\/cuba.jpg","width":788,"height":531,"caption":"Cuba"},{"@type":"WebPage","@id":"https:\/\/traveleto.com\/viajes\/producto\/tour-cuba\/#webpage","url":"https:\/\/traveleto.com\/viajes\/producto\/tour-cuba\/","name":"Tour de 5 d\u00edas por la Cuba colonial finalizando en Varadero &mdash; Traveleto","isPartOf":{"@id":"https:\/\/traveleto.com\/viajes\/#website"},"primaryImageOfPage":{"@id":"https:\/\/traveleto.com\/viajes\/producto\/tour-cuba\/#primaryimage"},"datePublished":"2022-12-19T11:14:01+00:00","dateModified":"2022-12-19T11:20:27+00:00","breadcrumb":{"@id":"https:\/\/traveleto.com\/viajes\/producto\/tour-cuba\/#breadcrumb"},"inLanguage":"es","potentialAction":[{"@type":"ReadAction","target":["https:\/\/traveleto.com\/viajes\/producto\/tour-cuba\/"]}]},{"@type":"BreadcrumbList","@id":"https:\/\/traveleto.com\/viajes\/producto\/tour-cuba\/#breadcrumb","itemListElement":[{"@type":"ListItem","position":1,"name":"Portada","item":"https:\/\/traveleto.com\/viajes\/"},{"@type":"ListItem","position":2,"name":""},{"@type":"ListItem","position":3,"name":"Tour de 5 d\u00edas por la Cuba colonial finalizando en Varadero"}]}]}},"_links":{"self":[{"href":"https:\/\/traveleto.com\/viajes\/wp-json\/wp\/v2\/product\/1596"}],"collection":[{"href":"https:\/\/traveleto.com\/viajes\/wp-json\/wp\/v2\/product"}],"about":[{"href":"https:\/\/traveleto.com\/viajes\/wp-json\/wp\/v2\/types\/product"}],"replies":[{"embeddable":true,"href":"https:\/\/traveleto.com\/viajes\/wp-json\/wp\/v2\/comments?post=1596"}],"wp:featuredmedia":[{"embeddable":true,"href":"https:\/\/traveleto.com\/viajes\/wp-json\/wp\/v2\/media\/1599"}],"wp:attachment":[{"href":"https:\/\/traveleto.com\/viajes\/wp-json\/wp\/v2\/media?parent=1596"}],"wp:term":[{"taxonomy":"product_cat","embeddable":true,"href":"https:\/\/traveleto.com\/viajes\/wp-json\/wp\/v2\/product_cat?post=1596"},{"taxonomy":"product_tag","embeddable":true,"href":"https:\/\/traveleto.com\/viajes\/wp-json\/wp\/v2\/product_tag?post=1596"}],"curies":[{"name":"wp","href":"https:\/\/api.w.org\/{rel}","templated":true}]}}