{"id":1603,"date":"2022-12-19T11:49:11","date_gmt":"2022-12-19T11:49:11","guid":{"rendered":"https:\/\/traveleto.com\/viajes\/?post_type=product&#038;p=1603"},"modified":"2022-12-29T13:09:30","modified_gmt":"2022-12-29T13:09:30","slug":"tour-costa-rica","status":"publish","type":"product","link":"https:\/\/traveleto.com\/viajes\/producto\/tour-costa-rica\/","title":{"rendered":"Tour de 9 d\u00edas por Costa Rica"},"content":{"rendered":"<p>\u00bfQuieres saber lo que se siente en el pa\u00eds de la \u201cPura vida\u201d? Reserva estas s\u00faper vacaciones y recorre esta maravillosa naci\u00f3n llena de admirables parajes naturales, fauna, flora, monta\u00f1a, volcanes y playas paradis\u00edacas .\u00bfPreparad@s para relajarse?<\/p>\n<p>En este caso, puedes personalizar tu viaje escogiendo t\u00fa las fechas y el tipo de alojamiento (3 estrellas, 4 estrellas o 5 estrellas).<\/p>\n<p>En el caso que lo tuyo no sea planificar, en Traveleto organizamos tu viaje totalmente GRATIS. Ponte en contacto con nosotros \u00a1y nos encargamos de todo!\u00a0<a href=\"https:\/\/traveleto.com\/viajes\/presupuesto\/\">Haz click aqu\u00ed para rellenar tu solicitud<\/a>.<\/p>\n<h2>\ud83e\udded Alojamiento en Costa Rica<\/h2>\n<p>\ud83c\udfe9 Este circuito incluye 8 noches de alojamiento en habitaci\u00f3n doble con desayuno. A la hora de reservar, podr\u00e9is elegir entre tres categor\u00edas diferentes: 3 estrellas, 4 estrellas o 5 estrellas<\/p>\n<h2>\ud83e\udded Fechas del viaje a Costa Rica<\/h2>\n<p>\u27a1\ufe0f de Enero de 2023 a noviembre de 2023<\/p>\n<h2>\ud83e\udded Recorrido<\/h2>\n<p>\ud83c\udf0eTenemos un Itinerario Especial preparado con mucho cari\u00f1o:<\/p>\n<p>D\u00eda 1 &#8211; San Jos\u00e9<\/p>\n<p>D\u00eda 2 &#8211; San Jos\u00e9 &#8211; Arenal<\/p>\n<p>D\u00eda 3 &#8211; Parque nacional de Arenal<\/p>\n<p>D\u00eda 4 &#8211; Arenal &#8211; Tortuguero<\/p>\n<p>D\u00eda 5 &#8211; Parque nacional Tortuguero<\/p>\n<p>D\u00eda 6 &#8211; Tortuguero \u2013 Puerto Viejo de Talamanca<\/p>\n<p>D\u00eda 7 &#8211; Parque Nacional Cahuita<\/p>\n<p>D\u00eda 8 &#8211; Puerto Viejo de Talamanca \u2013 San Jos\u00e9<\/p>\n<p>D\u00eda 9 &#8211; San Jos\u00e9<\/p>\n<h2>\ud83e\udded \u00bfQu\u00e9 incluye la oferta?<\/h2>\n<ul>\n<li>Recogida en el aeropuerto de San Jos\u00e9 y traslado de regreso<\/li>\n<li>Transporte en minib\u00fas o autob\u00fas<\/li>\n<li>8 noches de alojamiento en habitaci\u00f3n doble con desayuno<\/li>\n<li>4 comidas<\/li>\n<li>2 cenas<\/li>\n<li>Gu\u00eda en espa\u00f1ol<\/li>\n<li>Actividades citadas en la descripci\u00f3n<\/li>\n<li>\u274c No incluye vuelos a destino<\/li>\n<\/ul>\n<h2>\ud83e\udded Cancelaciones<\/h2>\n<p>Gratis! Cancela sin gastos hasta 20 d\u00edas antes de la actividad. Si cancelas con m\u00e1s de 14 d\u00edas de antelaci\u00f3n te reembolsaremos el 50%. Si cancelas con menos tiempo, llegas tarde o no te presentas, no se ofrecer\u00e1 ning\u00fan reembolso.<\/p>\n<h2>\ud83e\udded Protecci\u00f3n total<\/h2>\n<p>Asegura tu tranquilidad a lo largo del viaje de una forma f\u00e1cil y personalizada con el mejor seguro de viaje. Nuestro partner\u00a0<a href=\"https:\/\/www.iatiseguros.com\/?r=44702130325906&amp;cmp=viajestraveleto\">Iati Seguros<\/a>, ofrece los mejores Seguros de Viaje para cada tipo de viajero y destino.<\/p>\n<p><a href=\"https:\/\/www.iatiseguros.com\/?r=78622968806591&amp;cmp=turquia\">Calcula ahora tu presupuesto con Iati Seguros<\/a>\u00a0y obtendr\u00e1s un 5% de descuento de forma autom\u00e1tica por ser viajero Traveleto.<\/p>\n<h2>\ud83e\udded Condiciones de la oferta<\/h2>\n<p>En Traveleto estamos continuamente buscando las mejores ofertas para que puedas vivir grandes experiencias a precios de esc\u00e1ndalo. En esta ocasi\u00f3n,\u00a0<a href=\"https:\/\/www.civitatis.com\/es\/san-jose\/circuito-9-dias-costa-rica\/?aid=5209&amp;cmp=viaje-costa-rica\">har\u00e1s tu reserva con Civitatis<\/a>, uno de nuestros mejores proveedores de viajes inteligentes.<\/p>\n<p>Recuerda que si quieres obtener un viaje totalmente personalizado, en Traveleto organizamos tu viaje totalmente GRATIS. Ponte en contacto con nosotros \u00a1y nos encargamos de todo!\u00a0<a href=\"https:\/\/traveleto.com\/viajes\/presupuesto\/\">Haz click aqu\u00ed para rellenar tu solicitud<\/a>.<\/p>\n","protected":false},"excerpt":{"rendered":"<p>\u00bfQuieres saber lo que se siente en el pa\u00eds de la \u201cPura vida\u201d? Reserva estas s\u00faper vacaciones y recorre esta maravillosa naci\u00f3n llena de admirables parajes naturales, fauna, flora, monta\u00f1a, volcanes y playas paradis\u00edacas .\u00bfPreparad@s para relajarse? En este caso, puedes personalizar tu viaje escogiendo t\u00fa las fechas y el tipo de alojamiento (3 estrellas,&#8230;<\/p>\n","protected":false},"featured_media":1605,"comment_status":"open","ping_status":"closed","template":"","meta":[],"product_cat":[70,69],"product_tag":[],"yoast_head":"<!-- This site is optimized with the Yoast SEO plugin v17.6 - https:\/\/yoast.com\/wordpress\/plugins\/seo\/ -->\n<title>Tour de 9 d\u00edas por Costa Rica &mdash; Traveleto<\/title>\n<meta name=\"robots\" content=\"noindex, follow\" \/>\n<meta property=\"og:locale\" content=\"es_ES\" \/>\n<meta property=\"og:type\" content=\"article\" \/>\n<meta property=\"og:title\" content=\"Tour de 9 d\u00edas por Costa Rica &mdash; Traveleto\" \/>\n<meta property=\"og:description\" content=\"\u00bfQuieres saber lo que se siente en el pa\u00eds de la \u201cPura vida\u201d? Reserva estas s\u00faper vacaciones y recorre esta maravillosa naci\u00f3n llena de admirables parajes naturales, fauna, flora, monta\u00f1a, volcanes y playas paradis\u00edacas .\u00bfPreparad@s para relajarse? En este caso, puedes personalizar tu viaje escogiendo t\u00fa las fechas y el tipo de alojamiento (3 estrellas,...\" \/>\n<meta property=\"og:url\" content=\"https:\/\/traveleto.com\/viajes\/producto\/tour-costa-rica\/\" \/>\n<meta property=\"og:site_name\" content=\"Traveleto\" \/>\n<meta property=\"article:publisher\" content=\"https:\/\/www.facebook.com\/traveleto\" \/>\n<meta property=\"article:modified_time\" content=\"2022-12-29T13:09:30+00:00\" \/>\n<meta property=\"og:image\" content=\"https:\/\/traveleto.com\/viajes\/wp-content\/uploads\/2022\/12\/costa-rica.jpg\" \/>\n\t<meta property=\"og:image:width\" content=\"788\" \/>\n\t<meta property=\"og:image:height\" content=\"531\" \/>\n<meta name=\"twitter:card\" content=\"summary_large_image\" \/>\n<meta name=\"twitter:label1\" content=\"Tiempo de lectura\" \/>\n\t<meta name=\"twitter:data1\" content=\"2 minutos\" \/>\n<script type=\"application\/ld+json\" class=\"yoast-schema-graph\">{\"@context\":\"https:\/\/schema.org\",\"@graph\":[{\"@type\":\"Organization\",\"@id\":\"https:\/\/traveleto.com\/viajes\/#organization\",\"name\":\"Traveleto\",\"url\":\"https:\/\/traveleto.com\/viajes\/\",\"sameAs\":[\"https:\/\/www.facebook.com\/traveleto\",\"https:\/\/www.instagram.com\/traveletocom\/\"],\"logo\":{\"@type\":\"ImageObject\",\"@id\":\"https:\/\/traveleto.com\/viajes\/#logo\",\"inLanguage\":\"es\",\"url\":\"https:\/\/traveleto.com\/viajes\/wp-content\/uploads\/2021\/11\/traveleto480.png\",\"contentUrl\":\"https:\/\/traveleto.com\/viajes\/wp-content\/uploads\/2021\/11\/traveleto480.png\",\"width\":480,\"height\":480,\"caption\":\"Traveleto\"},\"image\":{\"@id\":\"https:\/\/traveleto.com\/viajes\/#logo\"}},{\"@type\":\"WebSite\",\"@id\":\"https:\/\/traveleto.com\/viajes\/#website\",\"url\":\"https:\/\/traveleto.com\/viajes\/\",\"name\":\"Traveleto\",\"description\":\"En Traveleto.com encontrar\\u00e1s ofertas y chollos de viaje adem\\u00e1s de inspiraci\\u00f3n para tu pr\\u00f3xima escapada.\",\"publisher\":{\"@id\":\"https:\/\/traveleto.com\/viajes\/#organization\"},\"potentialAction\":[{\"@type\":\"SearchAction\",\"target\":{\"@type\":\"EntryPoint\",\"urlTemplate\":\"https:\/\/traveleto.com\/viajes\/?s={search_term_string}\"},\"query-input\":\"required name=search_term_string\"}],\"inLanguage\":\"es\"},{\"@type\":\"ImageObject\",\"@id\":\"https:\/\/traveleto.com\/viajes\/producto\/tour-costa-rica\/#primaryimage\",\"inLanguage\":\"es\",\"url\":\"https:\/\/traveleto.com\/viajes\/wp-content\/uploads\/2022\/12\/costa-rica.jpg\",\"contentUrl\":\"https:\/\/traveleto.com\/viajes\/wp-content\/uploads\/2022\/12\/costa-rica.jpg\",\"width\":788,\"height\":531,\"caption\":\"Costa Rica\"},{\"@type\":\"WebPage\",\"@id\":\"https:\/\/traveleto.com\/viajes\/producto\/tour-costa-rica\/#webpage\",\"url\":\"https:\/\/traveleto.com\/viajes\/producto\/tour-costa-rica\/\",\"name\":\"Tour de 9 d\\u00edas por Costa Rica &mdash; Traveleto\",\"isPartOf\":{\"@id\":\"https:\/\/traveleto.com\/viajes\/#website\"},\"primaryImageOfPage\":{\"@id\":\"https:\/\/traveleto.com\/viajes\/producto\/tour-costa-rica\/#primaryimage\"},\"datePublished\":\"2022-12-19T11:49:11+00:00\",\"dateModified\":\"2022-12-29T13:09:30+00:00\",\"breadcrumb\":{\"@id\":\"https:\/\/traveleto.com\/viajes\/producto\/tour-costa-rica\/#breadcrumb\"},\"inLanguage\":\"es\",\"potentialAction\":[{\"@type\":\"ReadAction\",\"target\":[\"https:\/\/traveleto.com\/viajes\/producto\/tour-costa-rica\/\"]}]},{\"@type\":\"BreadcrumbList\",\"@id\":\"https:\/\/traveleto.com\/viajes\/producto\/tour-costa-rica\/#breadcrumb\",\"itemListElement\":[{\"@type\":\"ListItem\",\"position\":1,\"name\":\"Portada\",\"item\":\"https:\/\/traveleto.com\/viajes\/\"},{\"@type\":\"ListItem\",\"position\":2,\"name\":\"\"},{\"@type\":\"ListItem\",\"position\":3,\"name\":\"Tour de 9 d\\u00edas por Costa Rica\"}]}]}<\/script>\n<!-- \/ Yoast SEO plugin. -->","yoast_head_json":{"title":"Tour de 9 d\u00edas por Costa Rica &mdash; Traveleto","robots":{"index":"noindex","follow":"follow"},"og_locale":"es_ES","og_type":"article","og_title":"Tour de 9 d\u00edas por Costa Rica &mdash; Traveleto","og_description":"\u00bfQuieres saber lo que se siente en el pa\u00eds de la \u201cPura vida\u201d? Reserva estas s\u00faper vacaciones y recorre esta maravillosa naci\u00f3n llena de admirables parajes naturales, fauna, flora, monta\u00f1a, volcanes y playas paradis\u00edacas .\u00bfPreparad@s para relajarse? En este caso, puedes personalizar tu viaje escogiendo t\u00fa las fechas y el tipo de alojamiento (3 estrellas,...","og_url":"https:\/\/traveleto.com\/viajes\/producto\/tour-costa-rica\/","og_site_name":"Traveleto","article_publisher":"https:\/\/www.facebook.com\/traveleto","article_modified_time":"2022-12-29T13:09:30+00:00","og_image":[{"width":788,"height":531,"url":"https:\/\/traveleto.com\/viajes\/wp-content\/uploads\/2022\/12\/costa-rica.jpg","type":"image\/jpeg"}],"twitter_card":"summary_large_image","twitter_misc":{"Tiempo de lectura":"2 minutos"},"schema":{"@context":"https:\/\/schema.org","@graph":[{"@type":"Organization","@id":"https:\/\/traveleto.com\/viajes\/#organization","name":"Traveleto","url":"https:\/\/traveleto.com\/viajes\/","sameAs":["https:\/\/www.facebook.com\/traveleto","https:\/\/www.instagram.com\/traveletocom\/"],"logo":{"@type":"ImageObject","@id":"https:\/\/traveleto.com\/viajes\/#logo","inLanguage":"es","url":"https:\/\/traveleto.com\/viajes\/wp-content\/uploads\/2021\/11\/traveleto480.png","contentUrl":"https:\/\/traveleto.com\/viajes\/wp-content\/uploads\/2021\/11\/traveleto480.png","width":480,"height":480,"caption":"Traveleto"},"image":{"@id":"https:\/\/traveleto.com\/viajes\/#logo"}},{"@type":"WebSite","@id":"https:\/\/traveleto.com\/viajes\/#website","url":"https:\/\/traveleto.com\/viajes\/","name":"Traveleto","description":"En Traveleto.com encontrar\u00e1s ofertas y chollos de viaje adem\u00e1s de inspiraci\u00f3n para tu pr\u00f3xima escapada.","publisher":{"@id":"https:\/\/traveleto.com\/viajes\/#organization"},"potentialAction":[{"@type":"SearchAction","target":{"@type":"EntryPoint","urlTemplate":"https:\/\/traveleto.com\/viajes\/?s={search_term_string}"},"query-input":"required name=search_term_string"}],"inLanguage":"es"},{"@type":"ImageObject","@id":"https:\/\/traveleto.com\/viajes\/producto\/tour-costa-rica\/#primaryimage","inLanguage":"es","url":"https:\/\/traveleto.com\/viajes\/wp-content\/uploads\/2022\/12\/costa-rica.jpg","contentUrl":"https:\/\/traveleto.com\/viajes\/wp-content\/uploads\/2022\/12\/costa-rica.jpg","width":788,"height":531,"caption":"Costa Rica"},{"@type":"WebPage","@id":"https:\/\/traveleto.com\/viajes\/producto\/tour-costa-rica\/#webpage","url":"https:\/\/traveleto.com\/viajes\/producto\/tour-costa-rica\/","name":"Tour de 9 d\u00edas por Costa Rica &mdash; Traveleto","isPartOf":{"@id":"https:\/\/traveleto.com\/viajes\/#website"},"primaryImageOfPage":{"@id":"https:\/\/traveleto.com\/viajes\/producto\/tour-costa-rica\/#primaryimage"},"datePublished":"2022-12-19T11:49:11+00:00","dateModified":"2022-12-29T13:09:30+00:00","breadcrumb":{"@id":"https:\/\/traveleto.com\/viajes\/producto\/tour-costa-rica\/#breadcrumb"},"inLanguage":"es","potentialAction":[{"@type":"ReadAction","target":["https:\/\/traveleto.com\/viajes\/producto\/tour-costa-rica\/"]}]},{"@type":"BreadcrumbList","@id":"https:\/\/traveleto.com\/viajes\/producto\/tour-costa-rica\/#breadcrumb","itemListElement":[{"@type":"ListItem","position":1,"name":"Portada","item":"https:\/\/traveleto.com\/viajes\/"},{"@type":"ListItem","position":2,"name":""},{"@type":"ListItem","position":3,"name":"Tour de 9 d\u00edas por Costa Rica"}]}]}},"_links":{"self":[{"href":"https:\/\/traveleto.com\/viajes\/wp-json\/wp\/v2\/product\/1603"}],"collection":[{"href":"https:\/\/traveleto.com\/viajes\/wp-json\/wp\/v2\/product"}],"about":[{"href":"https:\/\/traveleto.com\/viajes\/wp-json\/wp\/v2\/types\/product"}],"replies":[{"embeddable":true,"href":"https:\/\/traveleto.com\/viajes\/wp-json\/wp\/v2\/comments?post=1603"}],"wp:featuredmedia":[{"embeddable":true,"href":"https:\/\/traveleto.com\/viajes\/wp-json\/wp\/v2\/media\/1605"}],"wp:attachment":[{"href":"https:\/\/traveleto.com\/viajes\/wp-json\/wp\/v2\/media?parent=1603"}],"wp:term":[{"taxonomy":"product_cat","embeddable":true,"href":"https:\/\/traveleto.com\/viajes\/wp-json\/wp\/v2\/product_cat?post=1603"},{"taxonomy":"product_tag","embeddable":true,"href":"https:\/\/traveleto.com\/viajes\/wp-json\/wp\/v2\/product_tag?post=1603"}],"curies":[{"name":"wp","href":"https:\/\/api.w.org\/{rel}","templated":true}]}}