{"id":1651,"date":"2022-12-29T14:49:45","date_gmt":"2022-12-29T14:49:45","guid":{"rendered":"https:\/\/traveleto.com\/viajes\/?post_type=product&#038;p=1651"},"modified":"2024-10-31T19:43:09","modified_gmt":"2024-10-31T19:43:09","slug":"primavera-jordania","status":"publish","type":"product","link":"https:\/\/traveleto.com\/viajes\/producto\/primavera-jordania\/","title":{"rendered":"\ud83c\udf3a ESTRENA PRIMAVERA \ud83d\udd4cVisita Jordania, la joya de Oriente Medio\ud83d\udd25"},"content":{"rendered":"<p><span style=\"font-weight: 400;\">\ud83d\udc49\u00bfNecesitas una paradita a medio camino? \ud83d\ude80 Renueva tus energ\u00edas y celebra la primavera, visitando uno de los pa\u00edses m\u00e1s maravillosos del mundo: \u2600\ufe0f<strong>Jordania<\/strong>\u2600\ufe0f<\/span><\/p>\n<p><span style=\"font-weight: 400;\">Te proponemos un plan de una semana, alojado en lo que deber\u00eda ser una de las maravillas del mundo: el <strong>Gran Sandy Palace Hotel 4*<\/strong>, ubicado en la mism\u00edsima capital del pa\u00eds, Amman.<\/span><\/p>\n<p><span style=\"font-weight: 400;\">Atr\u00e9vete a visitar la<strong> Ciudadela, la Mezquita del Rey Abdal\u00e1 I,el Teatro Romano, el Centro Hist\u00f3rico<\/strong> o incluso hacerte una excursi\u00f3n a <strong>Petra<\/strong>.<\/span><\/p>\n<p><span style=\"font-weight: 400;\">\ud83d\ude0e\u00bfEst\u00e1s list@?<\/span><\/p>\n<p><span style=\"font-weight: 400;\">Recuerda que si quieres puedes personalizar tu viaje buscando otras fechas, lugares de salida, o inclusive otro hotel. Si por el contrario, quieres ir a otro destino mira nuestras ofertas de viaje <a href=\"https:\/\/trk.traveleto.com\/index.php?key=lastminuteoffer&amp;post=jordania&amp;type=flight-hotel&amp;hotelid=6741254&amp;departureIntervals=20230320-20230326&amp;destinationCities=157022&amp;departureAirports=MAD\">vuelo+hotel.<\/a><\/span><\/p>\n<p>En el caso que lo tuyo no sea planificar, en Traveleto <strong>organizamos tu viaje totalmente GRATIS<\/strong>. Ponte en contacto con nosotros \u00a1y nos encargamos de todo! <a href=\"https:\/\/traveleto.com\/viajes\/presupuesto\/\">Haz click aqu\u00ed para rellenar tu solicitud<\/a>.<\/p>\n<h2><span style=\"font-weight: 400;\">\ud83e\udded Alojamiento<\/span><\/h2>\n<p><span style=\"font-weight: 400;\">\ud83c\udfe9 <\/span><i><span style=\"font-weight: 400;\">\u00a0<\/span><\/i><span style=\"font-weight: 400;\">Sandy Palace Hotel 4* (incluye cancelaci\u00f3n gratuita)<\/span><\/p>\n<h2><span style=\"font-weight: 400;\">\ud83e\udded Vuelos<\/span><\/h2>\n<p><span style=\"font-weight: 400;\">\ud83c\udf0d Salidas pueden ser desde diversos aeropuertos<\/span><\/p>\n<h2><span style=\"font-weight: 400;\">\ud83e\udded Fechas de viaje<\/span><\/h2>\n<p><span style=\"font-weight: 400;\">\u27a1\ufe0f Marzo de 2023<\/span><\/p>\n<h2><span style=\"font-weight: 400;\">\u00a0\ud83e\udded \u00bfC\u00f3mo hacer tu reserva?<\/span><\/h2>\n<p><span style=\"font-weight: 400;\">\ud83d\udd0e Selecciona desde d\u00f3nde viajas y el destino final.<\/span><\/p>\n<p><span style=\"font-weight: 400;\">\ud83d\udcc5 Escoge tus fechas favoritas y compara. Puedes chequear unas fechas concretas o flexibles para ver las diferentes ofertas.<\/span><\/p>\n<p><b>\u2708\ufe0f<\/b><span style=\"font-weight: 400;\"> \ufe0f Elige tu opci\u00f3n preferida y haz la reserva. F\u00e1cil y c\u00f3modo.\u00a0<\/span><\/p>\n<p><a href=\"https:\/\/trk.traveleto.com\/index.php?key=lastminuteoffer&amp;post=jordania&amp;type=flight-hotel&amp;hotelid=6741254&amp;departureIntervals=20230320-20230326&amp;destinationCities=157022&amp;departureAirports=MAD\">Ir a\u00a0 la oferta<\/a><\/p>\n<h2><span style=\"font-weight: 400;\">\u00a0\ud83e\udded Opci\u00f3n m\u00e1s econ\u00f3mica desde Madrid<\/span><\/h2>\n<p><span style=\"font-weight: 400;\">A continuaci\u00f3n, se especifican los detalles del viaje con la oferta descrita. La opci\u00f3n m\u00e1s econ\u00f3mica ser\u00eda saliendo desde Madrid, pero puedes <a href=\"https:\/\/trk.traveleto.com\/index.php?key=lastminuteoffer&amp;post=jordania&amp;type=flight-hotel&amp;hotelid=6741254&amp;departureIntervals=20230320-20230326&amp;destinationCities=157022&amp;departureAirports=MAD\">consultar otras opciones <\/a><\/span>,<span style=\"font-weight: 400;\"> ya que los precios est\u00e1n en constante movimiento.<\/span><\/p>\n<ul>\n<li style=\"font-weight: 400;\" aria-level=\"1\"><span style=\"font-weight: 400;\">Alojamiento: Sandy Palace Hotel 4* (con enlaces)<\/span><\/li>\n<li style=\"font-weight: 400;\" aria-level=\"1\"><span style=\"font-weight: 400;\">Vuelo: Madrid a Amman Queen Alial\u00a0 (con enlaces)<\/span><\/li>\n<li style=\"font-weight: 400;\" aria-level=\"1\"><span style=\"font-weight: 400;\">Fecha de salida: 20\/ 03\/ 2022 . Turkish Airlines. 1 escala<\/span><\/li>\n<li style=\"font-weight: 400;\" aria-level=\"1\"><span style=\"font-weight: 400;\">Fecha de vuelta: 26\/ 03\/ 2023 . Turkish Airlines. 1 escala<\/span><\/li>\n<li style=\"font-weight: 400;\" aria-level=\"1\"><span style=\"font-weight: 400;\">Importe total por persona vuelo+hotel: 821<\/span><\/li>\n<\/ul>\n<h2><span style=\"font-weight: 400;\">\ud83e\udded Protecci\u00f3n total<\/span><\/h2>\n<p>Asegura tu tranquilidad a lo largo del viaje de una forma f\u00e1cil y personalizada con el mejor seguro de viaje. Nuestro partner <a href=\"https:\/\/www.iatiseguros.com?r=44702130325906&amp;cmp=viajestraveleto\">Iati Seguros<\/a>, ofrece los mejores Seguros de Viaje para cada tipo de viajero y destino.<\/p>\n<p><a href=\"https:\/\/www.iatiseguros.com?r=78622968806591&amp;cmp=ny\">Calcula ahora tu presupuesto con Iati Seguros<\/a> y obtendr\u00e1s un 5% de descuento de forma autom\u00e1tica por ser viajero Traveleto.<\/p>\n<h2><span style=\"font-weight: 400;\">\ud83e\udded Condiciones de la oferta<\/span><\/h2>\n<p>En Traveleto estamos continuamente buscando las mejores ofertas para que puedas vivir grandes experiencias a precios de esc\u00e1ndalo. En esta ocasi\u00f3n, har\u00e1s tu reserva con <a href=\"https:\/\/trk.traveleto.com\/index.php?key=lastminute&amp;id=nueva-york\">Lastminute.com<\/a>, uno de nuestros mejores proveedores de viajes inteligentes.<\/p>\n<p>Recuerda que si quieres obtener un viaje totalmente personalizado, en Traveleto organizamos tu viaje totalmente GRATIS. Ponte en contacto con nosotros \u00a1y nos encargamos de todo! <a href=\"https:\/\/traveleto.com\/viajes\/presupuesto\/\">Haz click aqu\u00ed para rellenar tu solicitud<\/a>.<\/p>\n<p>&nbsp;<\/p>\n","protected":false},"excerpt":{"rendered":"<p><span style=\"font-weight: 400;\">\ud83d\udc49\u00bfNecesitas una paradita a medio camino? \ud83d\ude80 Renueva tus energ\u00edas y celebra la primavera, visitando uno de los pa\u00edses m\u00e1s maravillosos del mundo: \u2600\ufe0f<strong>Jordani<\/strong>a\u2600\ufe0f<\/span><\/p>\n<p><span style=\"font-weight: 400;\">Te proponemos un plan de una semana, alojado en lo que deber\u00eda ser una de las maravillas del mundo: el <strong>Gran Sandy Palace Hotel 4*<\/strong>, ubicado en la mism\u00edsima capital del pa\u00eds, Amman.<\/span><\/p>\n<p><span style=\"font-weight: 400;\">Atr\u00e9vete a visitar la<strong> Ciudadela, la Mezquita del Rey Abdal\u00e1 I,el Teatro Romano, el Centro Hist\u00f3rico<\/strong> o incluso hacerte una excursi\u00f3n a <strong>Petra<\/strong>.<\/span><\/p>\n","protected":false},"featured_media":1714,"comment_status":"open","ping_status":"closed","template":"","meta":[],"product_cat":[72,65],"product_tag":[],"yoast_head":"<!-- This site is optimized with the Yoast SEO plugin v17.6 - https:\/\/yoast.com\/wordpress\/plugins\/seo\/ -->\n<title>\ud83c\udf3a ESTRENA PRIMAVERA \ud83d\udd4cVisita Jordania, la joya de Oriente Medio\ud83d\udd25 &mdash; Traveleto<\/title>\n<meta name=\"robots\" content=\"noindex, follow\" \/>\n<meta property=\"og:locale\" content=\"es_ES\" \/>\n<meta property=\"og:type\" content=\"article\" \/>\n<meta property=\"og:title\" content=\"\ud83c\udf3a ESTRENA PRIMAVERA \ud83d\udd4cVisita Jordania, la joya de Oriente Medio\ud83d\udd25 &mdash; Traveleto\" \/>\n<meta property=\"og:description\" content=\"\ud83d\udc49\u00bfNecesitas una paradita a medio camino? \ud83d\ude80 Renueva tus energ\u00edas y celebra la primavera, visitando uno de los pa\u00edses m\u00e1s maravillosos del mundo: \u2600\ufe0fJordania\u2600\ufe0f  Te proponemos un plan de una semana, alojado en lo que deber\u00eda ser una de las maravillas del mundo: el Gran Sandy Palace Hotel 4*, ubicado en la mism\u00edsima capital del pa\u00eds, Amman.  Atr\u00e9vete a visitar la Ciudadela, la Mezquita del Rey Abdal\u00e1 I,el Teatro Romano, el Centro Hist\u00f3rico o incluso hacerte una excursi\u00f3n a Petra.\" \/>\n<meta property=\"og:url\" content=\"https:\/\/traveleto.com\/viajes\/producto\/primavera-jordania\/\" \/>\n<meta property=\"og:site_name\" content=\"Traveleto\" \/>\n<meta property=\"article:publisher\" content=\"https:\/\/www.facebook.com\/traveleto\" \/>\n<meta property=\"article:modified_time\" content=\"2024-10-31T19:43:09+00:00\" \/>\n<meta property=\"og:image\" content=\"https:\/\/traveleto.com\/viajes\/wp-content\/uploads\/2022\/12\/fmb31rlwtftfixgfjxzj.jpeg\" \/>\n\t<meta property=\"og:image:width\" content=\"1199\" \/>\n\t<meta property=\"og:image:height\" content=\"800\" \/>\n<meta name=\"twitter:card\" content=\"summary_large_image\" \/>\n<meta name=\"twitter:label1\" content=\"Tiempo de lectura\" \/>\n\t<meta name=\"twitter:data1\" content=\"2 minutos\" \/>\n<script type=\"application\/ld+json\" class=\"yoast-schema-graph\">{\"@context\":\"https:\/\/schema.org\",\"@graph\":[{\"@type\":\"Organization\",\"@id\":\"https:\/\/traveleto.com\/viajes\/#organization\",\"name\":\"Traveleto\",\"url\":\"https:\/\/traveleto.com\/viajes\/\",\"sameAs\":[\"https:\/\/www.facebook.com\/traveleto\",\"https:\/\/www.instagram.com\/traveletocom\/\"],\"logo\":{\"@type\":\"ImageObject\",\"@id\":\"https:\/\/traveleto.com\/viajes\/#logo\",\"inLanguage\":\"es\",\"url\":\"https:\/\/traveleto.com\/viajes\/wp-content\/uploads\/2021\/11\/traveleto480.png\",\"contentUrl\":\"https:\/\/traveleto.com\/viajes\/wp-content\/uploads\/2021\/11\/traveleto480.png\",\"width\":480,\"height\":480,\"caption\":\"Traveleto\"},\"image\":{\"@id\":\"https:\/\/traveleto.com\/viajes\/#logo\"}},{\"@type\":\"WebSite\",\"@id\":\"https:\/\/traveleto.com\/viajes\/#website\",\"url\":\"https:\/\/traveleto.com\/viajes\/\",\"name\":\"Traveleto\",\"description\":\"En Traveleto.com encontrar\\u00e1s ofertas y chollos de viaje adem\\u00e1s de inspiraci\\u00f3n para tu pr\\u00f3xima escapada.\",\"publisher\":{\"@id\":\"https:\/\/traveleto.com\/viajes\/#organization\"},\"potentialAction\":[{\"@type\":\"SearchAction\",\"target\":{\"@type\":\"EntryPoint\",\"urlTemplate\":\"https:\/\/traveleto.com\/viajes\/?s={search_term_string}\"},\"query-input\":\"required name=search_term_string\"}],\"inLanguage\":\"es\"},{\"@type\":\"ImageObject\",\"@id\":\"https:\/\/traveleto.com\/viajes\/producto\/primavera-jordania\/#primaryimage\",\"inLanguage\":\"es\",\"url\":\"https:\/\/traveleto.com\/viajes\/wp-content\/uploads\/2022\/12\/fmb31rlwtftfixgfjxzj.jpeg\",\"contentUrl\":\"https:\/\/traveleto.com\/viajes\/wp-content\/uploads\/2022\/12\/fmb31rlwtftfixgfjxzj.jpeg\",\"width\":1199,\"height\":800},{\"@type\":\"WebPage\",\"@id\":\"https:\/\/traveleto.com\/viajes\/producto\/primavera-jordania\/#webpage\",\"url\":\"https:\/\/traveleto.com\/viajes\/producto\/primavera-jordania\/\",\"name\":\"\\ud83c\\udf3a ESTRENA PRIMAVERA \\ud83d\\udd4cVisita Jordania, la joya de Oriente Medio\\ud83d\\udd25 &mdash; Traveleto\",\"isPartOf\":{\"@id\":\"https:\/\/traveleto.com\/viajes\/#website\"},\"primaryImageOfPage\":{\"@id\":\"https:\/\/traveleto.com\/viajes\/producto\/primavera-jordania\/#primaryimage\"},\"datePublished\":\"2022-12-29T14:49:45+00:00\",\"dateModified\":\"2024-10-31T19:43:09+00:00\",\"breadcrumb\":{\"@id\":\"https:\/\/traveleto.com\/viajes\/producto\/primavera-jordania\/#breadcrumb\"},\"inLanguage\":\"es\",\"potentialAction\":[{\"@type\":\"ReadAction\",\"target\":[\"https:\/\/traveleto.com\/viajes\/producto\/primavera-jordania\/\"]}]},{\"@type\":\"BreadcrumbList\",\"@id\":\"https:\/\/traveleto.com\/viajes\/producto\/primavera-jordania\/#breadcrumb\",\"itemListElement\":[{\"@type\":\"ListItem\",\"position\":1,\"name\":\"Portada\",\"item\":\"https:\/\/traveleto.com\/viajes\/\"},{\"@type\":\"ListItem\",\"position\":2,\"name\":\"\"},{\"@type\":\"ListItem\",\"position\":3,\"name\":\"\\ud83c\\udf3a ESTRENA PRIMAVERA \\ud83d\\udd4cVisita Jordania, la joya de Oriente Medio\\ud83d\\udd25\"}]}]}<\/script>\n<!-- \/ Yoast SEO plugin. -->","yoast_head_json":{"title":"\ud83c\udf3a ESTRENA PRIMAVERA \ud83d\udd4cVisita Jordania, la joya de Oriente Medio\ud83d\udd25 &mdash; Traveleto","robots":{"index":"noindex","follow":"follow"},"og_locale":"es_ES","og_type":"article","og_title":"\ud83c\udf3a ESTRENA PRIMAVERA \ud83d\udd4cVisita Jordania, la joya de Oriente Medio\ud83d\udd25 &mdash; Traveleto","og_description":"\ud83d\udc49\u00bfNecesitas una paradita a medio camino? \ud83d\ude80 Renueva tus energ\u00edas y celebra la primavera, visitando uno de los pa\u00edses m\u00e1s maravillosos del mundo: \u2600\ufe0fJordania\u2600\ufe0f  Te proponemos un plan de una semana, alojado en lo que deber\u00eda ser una de las maravillas del mundo: el Gran Sandy Palace Hotel 4*, ubicado en la mism\u00edsima capital del pa\u00eds, Amman.  Atr\u00e9vete a visitar la Ciudadela, la Mezquita del Rey Abdal\u00e1 I,el Teatro Romano, el Centro Hist\u00f3rico o incluso hacerte una excursi\u00f3n a Petra.","og_url":"https:\/\/traveleto.com\/viajes\/producto\/primavera-jordania\/","og_site_name":"Traveleto","article_publisher":"https:\/\/www.facebook.com\/traveleto","article_modified_time":"2024-10-31T19:43:09+00:00","og_image":[{"width":1199,"height":800,"url":"https:\/\/traveleto.com\/viajes\/wp-content\/uploads\/2022\/12\/fmb31rlwtftfixgfjxzj.jpeg","type":"image\/jpeg"}],"twitter_card":"summary_large_image","twitter_misc":{"Tiempo de lectura":"2 minutos"},"schema":{"@context":"https:\/\/schema.org","@graph":[{"@type":"Organization","@id":"https:\/\/traveleto.com\/viajes\/#organization","name":"Traveleto","url":"https:\/\/traveleto.com\/viajes\/","sameAs":["https:\/\/www.facebook.com\/traveleto","https:\/\/www.instagram.com\/traveletocom\/"],"logo":{"@type":"ImageObject","@id":"https:\/\/traveleto.com\/viajes\/#logo","inLanguage":"es","url":"https:\/\/traveleto.com\/viajes\/wp-content\/uploads\/2021\/11\/traveleto480.png","contentUrl":"https:\/\/traveleto.com\/viajes\/wp-content\/uploads\/2021\/11\/traveleto480.png","width":480,"height":480,"caption":"Traveleto"},"image":{"@id":"https:\/\/traveleto.com\/viajes\/#logo"}},{"@type":"WebSite","@id":"https:\/\/traveleto.com\/viajes\/#website","url":"https:\/\/traveleto.com\/viajes\/","name":"Traveleto","description":"En Traveleto.com encontrar\u00e1s ofertas y chollos de viaje adem\u00e1s de inspiraci\u00f3n para tu pr\u00f3xima escapada.","publisher":{"@id":"https:\/\/traveleto.com\/viajes\/#organization"},"potentialAction":[{"@type":"SearchAction","target":{"@type":"EntryPoint","urlTemplate":"https:\/\/traveleto.com\/viajes\/?s={search_term_string}"},"query-input":"required name=search_term_string"}],"inLanguage":"es"},{"@type":"ImageObject","@id":"https:\/\/traveleto.com\/viajes\/producto\/primavera-jordania\/#primaryimage","inLanguage":"es","url":"https:\/\/traveleto.com\/viajes\/wp-content\/uploads\/2022\/12\/fmb31rlwtftfixgfjxzj.jpeg","contentUrl":"https:\/\/traveleto.com\/viajes\/wp-content\/uploads\/2022\/12\/fmb31rlwtftfixgfjxzj.jpeg","width":1199,"height":800},{"@type":"WebPage","@id":"https:\/\/traveleto.com\/viajes\/producto\/primavera-jordania\/#webpage","url":"https:\/\/traveleto.com\/viajes\/producto\/primavera-jordania\/","name":"\ud83c\udf3a ESTRENA PRIMAVERA \ud83d\udd4cVisita Jordania, la joya de Oriente Medio\ud83d\udd25 &mdash; Traveleto","isPartOf":{"@id":"https:\/\/traveleto.com\/viajes\/#website"},"primaryImageOfPage":{"@id":"https:\/\/traveleto.com\/viajes\/producto\/primavera-jordania\/#primaryimage"},"datePublished":"2022-12-29T14:49:45+00:00","dateModified":"2024-10-31T19:43:09+00:00","breadcrumb":{"@id":"https:\/\/traveleto.com\/viajes\/producto\/primavera-jordania\/#breadcrumb"},"inLanguage":"es","potentialAction":[{"@type":"ReadAction","target":["https:\/\/traveleto.com\/viajes\/producto\/primavera-jordania\/"]}]},{"@type":"BreadcrumbList","@id":"https:\/\/traveleto.com\/viajes\/producto\/primavera-jordania\/#breadcrumb","itemListElement":[{"@type":"ListItem","position":1,"name":"Portada","item":"https:\/\/traveleto.com\/viajes\/"},{"@type":"ListItem","position":2,"name":""},{"@type":"ListItem","position":3,"name":"\ud83c\udf3a ESTRENA PRIMAVERA \ud83d\udd4cVisita Jordania, la joya de Oriente Medio\ud83d\udd25"}]}]}},"_links":{"self":[{"href":"https:\/\/traveleto.com\/viajes\/wp-json\/wp\/v2\/product\/1651"}],"collection":[{"href":"https:\/\/traveleto.com\/viajes\/wp-json\/wp\/v2\/product"}],"about":[{"href":"https:\/\/traveleto.com\/viajes\/wp-json\/wp\/v2\/types\/product"}],"replies":[{"embeddable":true,"href":"https:\/\/traveleto.com\/viajes\/wp-json\/wp\/v2\/comments?post=1651"}],"wp:featuredmedia":[{"embeddable":true,"href":"https:\/\/traveleto.com\/viajes\/wp-json\/wp\/v2\/media\/1714"}],"wp:attachment":[{"href":"https:\/\/traveleto.com\/viajes\/wp-json\/wp\/v2\/media?parent=1651"}],"wp:term":[{"taxonomy":"product_cat","embeddable":true,"href":"https:\/\/traveleto.com\/viajes\/wp-json\/wp\/v2\/product_cat?post=1651"},{"taxonomy":"product_tag","embeddable":true,"href":"https:\/\/traveleto.com\/viajes\/wp-json\/wp\/v2\/product_tag?post=1651"}],"curies":[{"name":"wp","href":"https:\/\/api.w.org\/{rel}","templated":true}]}}