{"id":1722,"date":"2022-12-29T16:48:27","date_gmt":"2022-12-29T16:48:27","guid":{"rendered":"https:\/\/traveleto.com\/viajes\/?post_type=product&#038;p=1722"},"modified":"2024-10-31T19:48:30","modified_gmt":"2024-10-31T19:48:30","slug":"semana-santa-costa-rica","status":"publish","type":"product","link":"https:\/\/traveleto.com\/viajes\/producto\/semana-santa-costa-rica\/","title":{"rendered":"\ud83c\udf79 PURA VIDA ESTA SEMANA SANTA\ud83e\udd9a\ud83d\udc20 San Jos\u00e9 &#8211; COSTA RICA\u2600\ufe0f\u2600\ufe0f\u2600\ufe0f\u2600\ufe0f"},"content":{"rendered":"<p><span style=\"font-weight: 400;\">\u00bfSin planes para Semana Santa? Nosotros te los damos: bienvenidos a <strong>Costa Rica, el pa\u00eds de la Pura Vida\u2600\ufe0f.<\/strong><\/span><\/p>\n<p><span style=\"font-weight: 400;\">\u00bfHas estado ya en un lugar d\u00f3nde todos los senderos conducen a <strong>cascadas, lagos, cr\u00e1teres envueltos en la niebla o desiertas playas bordeadas de selva<\/strong>?\ud83c\udf34<\/span><\/p>\n<p><span style=\"font-weight: 400;\">Si\u00a0 la respuesta es no; es que todav\u00eda no has estado en Costa Rica. <\/span><span style=\"font-weight: 400;\">Te proponemos disfrutar all\u00ed de un total de 8 d\u00edas y 7 noches, alojado en uno de los mejores hoteles del pa\u00eds, el Hotel DoubleTree by Hilton Cariari San Jose 4*, ubicado en la capital del pa\u00eds, San Jos\u00e9.<\/span><\/p>\n<p>Recuerda que si quieres puedes personalizar tu viaje buscando otras fechas, lugares de salida, o inclusive otro hotel. Si por el contrario, quieres ir a otro destino mira nuestras ofertas de viaje\u00a0<a href=\"https:\/\/trk.traveleto.com\/index.php?key=lastminuteoffer&amp;post=marrakech&amp;type=flight-hotel&amp;hotelid=2629839&amp;departureIntervals=20230403-20230410&amp;destinationCities=154933&amp;departureAirports=MAD\">vuelo+hotel<\/a><\/p>\n<p>En el caso que lo tuyo no sea planificar, en Traveleto\u00a0<strong>organizamos tu viaje totalmente GRATIS<\/strong>. Ponte en contacto con nosotros \u00a1y nos encargamos de todo!\u00a0<a href=\"https:\/\/traveleto.com\/viajes\/presupuesto\/\">Haz click aqu\u00ed para rellenar tu solicitud<\/a>.<\/p>\n<h2>\ud83e\udded Alojamiento<\/h2>\n<p><span style=\"font-weight: 400;\">\ud83c\udfe9 <\/span><i><span style=\"font-weight: 400;\">\u00a0<\/span><\/i><span style=\"font-weight: 400;\">Hotel DoubleTree by Hilton Cariari San Jose 4*<\/span><\/p>\n<h2>\ud83e\udded Vuelos<\/h2>\n<p><span style=\"font-weight: 400;\">\ud83c\udf0d Salidas pueden ser desde diversos aeropuertos<\/span><\/p>\n<h2>\ud83e\udded Fechas de viaje<\/h2>\n<p><span style=\"font-weight: 400;\">\u27a1\ufe0f Abril de 2023<\/span><\/p>\n<h2>\ud83e\udded \u00bfC\u00f3mo hacer tu reserva?<\/h2>\n<div class=\"pasos\">\n<ol>\n<li><span class=\"num\">1<\/span> Selecciona desde d\u00f3nde viajas y el destino final<\/li>\n<li><span class=\"num\">2<\/span> Escoge tus fechas favoritas y compara<\/li>\n<li><span class=\"num\">3<\/span> Elige tu opci\u00f3n preferida y haz la reserva<\/li>\n<\/ol>\n<p><a class=\"oferta\" href=\"https:\/\/trk.traveleto.com\/index.php?key=lastminuteoffer&amp;post=costarica&amp;type=flight-hotel&amp;hotelid=366292&amp;departureIntervals=20230402-20230409&amp;departureAirports=MAD\" rel=\"nofollow noopener noreferrer\">Ir a la oferta<\/a><\/p>\n<\/div>\n<h2>\ud83e\udded Opci\u00f3n m\u00e1s econ\u00f3mica desde Madrid<\/h2>\n<p><span style=\"font-weight: 400;\">A continuaci\u00f3n, se especifican los detalles del viaje con la oferta descrita. La opci\u00f3n m\u00e1s econ\u00f3mica ser\u00eda saliendo desde Madrid, pero puedes consultar otras opciones <\/span><b>aqu\u00ed<\/b><span style=\"font-weight: 400;\"> ya que los precios est\u00e1n en constante movimiento.<\/span><\/p>\n<ul>\n<li style=\"font-weight: 400;\" aria-level=\"1\"><span style=\"font-weight: 400;\">Alojamiento: Hotel DoubleTree by Hilton Cariari San Jose 4* (con enlaces)<\/span><\/li>\n<li style=\"font-weight: 400;\" aria-level=\"1\"><span style=\"font-weight: 400;\">Vuelo: Madrid a San Jos\u00e9 Juan Santamaria Internacional\u00a0 (con enlaces)<\/span><\/li>\n<li style=\"font-weight: 400;\" aria-level=\"1\"><span style=\"font-weight: 400;\">Fecha de salida: 02\/ 04\/ 2022 . IB6317. Directo<\/span><\/li>\n<li style=\"font-weight: 400;\" aria-level=\"1\"><span style=\"font-weight: 400;\">Fecha de vuelta: 09\/ 04\/ 2023 . IB6314. Directo<\/span><\/li>\n<li style=\"font-weight: 400;\" aria-level=\"1\"><span style=\"font-weight: 400;\">Importe total por persona vuelo+hotel: 1902\u20ac<\/span><\/li>\n<\/ul>\n<h2>\ud83e\udded Protecci\u00f3n total<\/h2>\n<p>Asegura tu tranquilidad a lo largo del viaje de una forma f\u00e1cil y personalizada con el mejor seguro de viaje. Nuestro partner\u00a0<a href=\"https:\/\/www.iatiseguros.com\/?r=44702130325906&amp;cmp=viajestraveleto\">Iati Seguros<\/a>, ofrece los mejores Seguros de Viaje para cada tipo de viajero y destino.<\/p>\n<p><a href=\"https:\/\/www.iatiseguros.com\/?r=78622968806591&amp;cmp=ny\">Calcula ahora tu presupuesto con Iati Seguros<\/a>\u00a0y obtendr\u00e1s un 5% de descuento de forma autom\u00e1tica por ser viajero Traveleto.<\/p>\n<h2>\ud83e\udded Condiciones de la oferta<\/h2>\n<p>En Traveleto estamos continuamente buscando las mejores ofertas para que puedas vivir grandes experiencias a precios de esc\u00e1ndalo. En esta ocasi\u00f3n, har\u00e1s tu reserva con\u00a0<a href=\"https:\/\/trk.traveleto.com\/index.php?key=lastminute&amp;id=nueva-york\">Lastminute.com<\/a>, uno de nuestros mejores proveedores de viajes inteligentes.<\/p>\n<p>Recuerda que si quieres obtener un viaje totalmente personalizado, en Traveleto organizamos tu viaje totalmente GRATIS. Ponte en contacto con nosotros \u00a1y nos encargamos de todo!\u00a0<a href=\"https:\/\/traveleto.com\/viajes\/presupuesto\/\">Haz click aqu\u00ed para rellenar tu solicitud<\/a>.<\/p>\n","protected":false},"excerpt":{"rendered":"<p>\u00bfSin planes para Semana Santa 2023? Nosotros te los damos: bienvenidos a Costa Rica, el pa\u00eds de la Pura Vida\u2600\ufe0f.<\/p>\n<p>\u00bfHas estado ya en un lugar d\u00f3nde todos los senderos conducen a cascadas, lagos, cr\u00e1teres envueltos en la niebla o desiertas playas bordeadas de selva?\ud83c\udf34<\/p>\n","protected":false},"featured_media":1727,"comment_status":"open","ping_status":"closed","template":"","meta":[],"product_cat":[70,65],"product_tag":[],"yoast_head":"<!-- This site is optimized with the Yoast SEO plugin v17.6 - https:\/\/yoast.com\/wordpress\/plugins\/seo\/ -->\n<title>\ud83c\udf79 PURA VIDA ESTA SEMANA SANTA\ud83e\udd9a\ud83d\udc20 San Jos\u00e9 - COSTA RICA\u2600\ufe0f\u2600\ufe0f\u2600\ufe0f\u2600\ufe0f &mdash; Traveleto<\/title>\n<meta name=\"robots\" content=\"noindex, follow\" \/>\n<meta property=\"og:locale\" content=\"es_ES\" \/>\n<meta property=\"og:type\" content=\"article\" \/>\n<meta property=\"og:title\" content=\"\ud83c\udf79 PURA VIDA ESTA SEMANA SANTA\ud83e\udd9a\ud83d\udc20 San Jos\u00e9 - COSTA RICA\u2600\ufe0f\u2600\ufe0f\u2600\ufe0f\u2600\ufe0f &mdash; Traveleto\" \/>\n<meta property=\"og:description\" content=\"\u00bfSin planes para Semana Santa 2023? Nosotros te los damos: bienvenidos a Costa Rica, el pa\u00eds de la Pura Vida\u2600\ufe0f.  \u00bfHas estado ya en un lugar d\u00f3nde todos los senderos conducen a cascadas, lagos, cr\u00e1teres envueltos en la niebla o desiertas playas bordeadas de selva?\ud83c\udf34\" \/>\n<meta property=\"og:url\" content=\"https:\/\/traveleto.com\/viajes\/producto\/semana-santa-costa-rica\/\" \/>\n<meta property=\"og:site_name\" content=\"Traveleto\" \/>\n<meta property=\"article:publisher\" content=\"https:\/\/www.facebook.com\/traveleto\" \/>\n<meta property=\"article:modified_time\" content=\"2024-10-31T19:48:30+00:00\" \/>\n<meta property=\"og:image\" content=\"https:\/\/traveleto.com\/viajes\/wp-content\/uploads\/2022\/12\/SJODT_Cabana_FP_esi3dr.jpeg\" \/>\n\t<meta property=\"og:image:width\" content=\"1200\" \/>\n\t<meta property=\"og:image:height\" content=\"794\" \/>\n<meta name=\"twitter:card\" content=\"summary_large_image\" \/>\n<meta name=\"twitter:label1\" content=\"Tiempo de lectura\" \/>\n\t<meta name=\"twitter:data1\" content=\"2 minutos\" \/>\n<script type=\"application\/ld+json\" class=\"yoast-schema-graph\">{\"@context\":\"https:\/\/schema.org\",\"@graph\":[{\"@type\":\"Organization\",\"@id\":\"https:\/\/traveleto.com\/viajes\/#organization\",\"name\":\"Traveleto\",\"url\":\"https:\/\/traveleto.com\/viajes\/\",\"sameAs\":[\"https:\/\/www.facebook.com\/traveleto\",\"https:\/\/www.instagram.com\/traveletocom\/\"],\"logo\":{\"@type\":\"ImageObject\",\"@id\":\"https:\/\/traveleto.com\/viajes\/#logo\",\"inLanguage\":\"es\",\"url\":\"https:\/\/traveleto.com\/viajes\/wp-content\/uploads\/2021\/11\/traveleto480.png\",\"contentUrl\":\"https:\/\/traveleto.com\/viajes\/wp-content\/uploads\/2021\/11\/traveleto480.png\",\"width\":480,\"height\":480,\"caption\":\"Traveleto\"},\"image\":{\"@id\":\"https:\/\/traveleto.com\/viajes\/#logo\"}},{\"@type\":\"WebSite\",\"@id\":\"https:\/\/traveleto.com\/viajes\/#website\",\"url\":\"https:\/\/traveleto.com\/viajes\/\",\"name\":\"Traveleto\",\"description\":\"En Traveleto.com encontrar\\u00e1s ofertas y chollos de viaje adem\\u00e1s de inspiraci\\u00f3n para tu pr\\u00f3xima escapada.\",\"publisher\":{\"@id\":\"https:\/\/traveleto.com\/viajes\/#organization\"},\"potentialAction\":[{\"@type\":\"SearchAction\",\"target\":{\"@type\":\"EntryPoint\",\"urlTemplate\":\"https:\/\/traveleto.com\/viajes\/?s={search_term_string}\"},\"query-input\":\"required name=search_term_string\"}],\"inLanguage\":\"es\"},{\"@type\":\"ImageObject\",\"@id\":\"https:\/\/traveleto.com\/viajes\/producto\/semana-santa-costa-rica\/#primaryimage\",\"inLanguage\":\"es\",\"url\":\"https:\/\/traveleto.com\/viajes\/wp-content\/uploads\/2022\/12\/SJODT_Cabana_FP_esi3dr.jpeg\",\"contentUrl\":\"https:\/\/traveleto.com\/viajes\/wp-content\/uploads\/2022\/12\/SJODT_Cabana_FP_esi3dr.jpeg\",\"width\":1200,\"height\":794},{\"@type\":\"WebPage\",\"@id\":\"https:\/\/traveleto.com\/viajes\/producto\/semana-santa-costa-rica\/#webpage\",\"url\":\"https:\/\/traveleto.com\/viajes\/producto\/semana-santa-costa-rica\/\",\"name\":\"\\ud83c\\udf79 PURA VIDA ESTA SEMANA SANTA\\ud83e\\udd9a\\ud83d\\udc20 San Jos\\u00e9 - COSTA RICA\\u2600\\ufe0f\\u2600\\ufe0f\\u2600\\ufe0f\\u2600\\ufe0f &mdash; Traveleto\",\"isPartOf\":{\"@id\":\"https:\/\/traveleto.com\/viajes\/#website\"},\"primaryImageOfPage\":{\"@id\":\"https:\/\/traveleto.com\/viajes\/producto\/semana-santa-costa-rica\/#primaryimage\"},\"datePublished\":\"2022-12-29T16:48:27+00:00\",\"dateModified\":\"2024-10-31T19:48:30+00:00\",\"breadcrumb\":{\"@id\":\"https:\/\/traveleto.com\/viajes\/producto\/semana-santa-costa-rica\/#breadcrumb\"},\"inLanguage\":\"es\",\"potentialAction\":[{\"@type\":\"ReadAction\",\"target\":[\"https:\/\/traveleto.com\/viajes\/producto\/semana-santa-costa-rica\/\"]}]},{\"@type\":\"BreadcrumbList\",\"@id\":\"https:\/\/traveleto.com\/viajes\/producto\/semana-santa-costa-rica\/#breadcrumb\",\"itemListElement\":[{\"@type\":\"ListItem\",\"position\":1,\"name\":\"Portada\",\"item\":\"https:\/\/traveleto.com\/viajes\/\"},{\"@type\":\"ListItem\",\"position\":2,\"name\":\"\"},{\"@type\":\"ListItem\",\"position\":3,\"name\":\"\\ud83c\\udf79 PURA VIDA ESTA SEMANA SANTA\\ud83e\\udd9a\\ud83d\\udc20 San Jos\\u00e9 &#8211; COSTA RICA\\u2600\\ufe0f\\u2600\\ufe0f\\u2600\\ufe0f\\u2600\\ufe0f\"}]}]}<\/script>\n<!-- \/ Yoast SEO plugin. -->","yoast_head_json":{"title":"\ud83c\udf79 PURA VIDA ESTA SEMANA SANTA\ud83e\udd9a\ud83d\udc20 San Jos\u00e9 - COSTA RICA\u2600\ufe0f\u2600\ufe0f\u2600\ufe0f\u2600\ufe0f &mdash; Traveleto","robots":{"index":"noindex","follow":"follow"},"og_locale":"es_ES","og_type":"article","og_title":"\ud83c\udf79 PURA VIDA ESTA SEMANA SANTA\ud83e\udd9a\ud83d\udc20 San Jos\u00e9 - COSTA RICA\u2600\ufe0f\u2600\ufe0f\u2600\ufe0f\u2600\ufe0f &mdash; Traveleto","og_description":"\u00bfSin planes para Semana Santa 2023? Nosotros te los damos: bienvenidos a Costa Rica, el pa\u00eds de la Pura Vida\u2600\ufe0f.  \u00bfHas estado ya en un lugar d\u00f3nde todos los senderos conducen a cascadas, lagos, cr\u00e1teres envueltos en la niebla o desiertas playas bordeadas de selva?\ud83c\udf34","og_url":"https:\/\/traveleto.com\/viajes\/producto\/semana-santa-costa-rica\/","og_site_name":"Traveleto","article_publisher":"https:\/\/www.facebook.com\/traveleto","article_modified_time":"2024-10-31T19:48:30+00:00","og_image":[{"width":1200,"height":794,"url":"https:\/\/traveleto.com\/viajes\/wp-content\/uploads\/2022\/12\/SJODT_Cabana_FP_esi3dr.jpeg","type":"image\/jpeg"}],"twitter_card":"summary_large_image","twitter_misc":{"Tiempo de lectura":"2 minutos"},"schema":{"@context":"https:\/\/schema.org","@graph":[{"@type":"Organization","@id":"https:\/\/traveleto.com\/viajes\/#organization","name":"Traveleto","url":"https:\/\/traveleto.com\/viajes\/","sameAs":["https:\/\/www.facebook.com\/traveleto","https:\/\/www.instagram.com\/traveletocom\/"],"logo":{"@type":"ImageObject","@id":"https:\/\/traveleto.com\/viajes\/#logo","inLanguage":"es","url":"https:\/\/traveleto.com\/viajes\/wp-content\/uploads\/2021\/11\/traveleto480.png","contentUrl":"https:\/\/traveleto.com\/viajes\/wp-content\/uploads\/2021\/11\/traveleto480.png","width":480,"height":480,"caption":"Traveleto"},"image":{"@id":"https:\/\/traveleto.com\/viajes\/#logo"}},{"@type":"WebSite","@id":"https:\/\/traveleto.com\/viajes\/#website","url":"https:\/\/traveleto.com\/viajes\/","name":"Traveleto","description":"En Traveleto.com encontrar\u00e1s ofertas y chollos de viaje adem\u00e1s de inspiraci\u00f3n para tu pr\u00f3xima escapada.","publisher":{"@id":"https:\/\/traveleto.com\/viajes\/#organization"},"potentialAction":[{"@type":"SearchAction","target":{"@type":"EntryPoint","urlTemplate":"https:\/\/traveleto.com\/viajes\/?s={search_term_string}"},"query-input":"required name=search_term_string"}],"inLanguage":"es"},{"@type":"ImageObject","@id":"https:\/\/traveleto.com\/viajes\/producto\/semana-santa-costa-rica\/#primaryimage","inLanguage":"es","url":"https:\/\/traveleto.com\/viajes\/wp-content\/uploads\/2022\/12\/SJODT_Cabana_FP_esi3dr.jpeg","contentUrl":"https:\/\/traveleto.com\/viajes\/wp-content\/uploads\/2022\/12\/SJODT_Cabana_FP_esi3dr.jpeg","width":1200,"height":794},{"@type":"WebPage","@id":"https:\/\/traveleto.com\/viajes\/producto\/semana-santa-costa-rica\/#webpage","url":"https:\/\/traveleto.com\/viajes\/producto\/semana-santa-costa-rica\/","name":"\ud83c\udf79 PURA VIDA ESTA SEMANA SANTA\ud83e\udd9a\ud83d\udc20 San Jos\u00e9 - COSTA RICA\u2600\ufe0f\u2600\ufe0f\u2600\ufe0f\u2600\ufe0f &mdash; Traveleto","isPartOf":{"@id":"https:\/\/traveleto.com\/viajes\/#website"},"primaryImageOfPage":{"@id":"https:\/\/traveleto.com\/viajes\/producto\/semana-santa-costa-rica\/#primaryimage"},"datePublished":"2022-12-29T16:48:27+00:00","dateModified":"2024-10-31T19:48:30+00:00","breadcrumb":{"@id":"https:\/\/traveleto.com\/viajes\/producto\/semana-santa-costa-rica\/#breadcrumb"},"inLanguage":"es","potentialAction":[{"@type":"ReadAction","target":["https:\/\/traveleto.com\/viajes\/producto\/semana-santa-costa-rica\/"]}]},{"@type":"BreadcrumbList","@id":"https:\/\/traveleto.com\/viajes\/producto\/semana-santa-costa-rica\/#breadcrumb","itemListElement":[{"@type":"ListItem","position":1,"name":"Portada","item":"https:\/\/traveleto.com\/viajes\/"},{"@type":"ListItem","position":2,"name":""},{"@type":"ListItem","position":3,"name":"\ud83c\udf79 PURA VIDA ESTA SEMANA SANTA\ud83e\udd9a\ud83d\udc20 San Jos\u00e9 &#8211; COSTA RICA\u2600\ufe0f\u2600\ufe0f\u2600\ufe0f\u2600\ufe0f"}]}]}},"_links":{"self":[{"href":"https:\/\/traveleto.com\/viajes\/wp-json\/wp\/v2\/product\/1722"}],"collection":[{"href":"https:\/\/traveleto.com\/viajes\/wp-json\/wp\/v2\/product"}],"about":[{"href":"https:\/\/traveleto.com\/viajes\/wp-json\/wp\/v2\/types\/product"}],"replies":[{"embeddable":true,"href":"https:\/\/traveleto.com\/viajes\/wp-json\/wp\/v2\/comments?post=1722"}],"wp:featuredmedia":[{"embeddable":true,"href":"https:\/\/traveleto.com\/viajes\/wp-json\/wp\/v2\/media\/1727"}],"wp:attachment":[{"href":"https:\/\/traveleto.com\/viajes\/wp-json\/wp\/v2\/media?parent=1722"}],"wp:term":[{"taxonomy":"product_cat","embeddable":true,"href":"https:\/\/traveleto.com\/viajes\/wp-json\/wp\/v2\/product_cat?post=1722"},{"taxonomy":"product_tag","embeddable":true,"href":"https:\/\/traveleto.com\/viajes\/wp-json\/wp\/v2\/product_tag?post=1722"}],"curies":[{"name":"wp","href":"https:\/\/api.w.org\/{rel}","templated":true}]}}