{"id":1734,"date":"2022-12-29T17:20:49","date_gmt":"2022-12-29T17:20:49","guid":{"rendered":"https:\/\/traveleto.com\/viajes\/?post_type=product&#038;p=1734"},"modified":"2022-12-29T18:18:32","modified_gmt":"2022-12-29T18:18:32","slug":"tour-petra-wadi-rum","status":"publish","type":"product","link":"https:\/\/traveleto.com\/viajes\/producto\/tour-petra-wadi-rum\/","title":{"rendered":"\ud83c\udf16Tour de 3 d\u00edas a Jordania &#8211; Petra y Wadi Rum \ud83c\udfdb\ud83d\udd25"},"content":{"rendered":"<p><span style=\"font-weight: 400;\">\u2600\ufe0fEn esta <strong>excursi\u00f3n de 3 d\u00edas<\/strong>\u00a0 y dos noches desde <strong>Am\u00e1n<\/strong> descubriremos <strong>Petra<\/strong>, la antigua capital de los nabateos. Adem\u00e1s, disfrutaremos de otro de los tesoros de Jordania haciendo un tour en jeep por el desierto de <strong>Wadi Rum<\/strong>, el desierto m\u00e1s bello del mundo<\/span><span style=\"font-weight: 400;\">\ud83d\udc2b.<\/span><\/p>\n<p><span style=\"font-weight: 400;\">\u00bfTe vienes?<\/span><span style=\"font-weight: 400;\">\ud83d\udc2b<\/span><\/p>\n<p><span style=\"font-weight: 400;\">Recuerda que puedes personalizar tu viaje <a href=\"https:\/\/www.civitatis.com\/es\/aman\/tour-3-dias-petra-uadi-rum\/?aid=5209\">escogiendo t\u00fa las fechas<\/a> y tenemos una s\u00faper noticia!. Puedes reservar hasta 7 d\u00edas antes si quedan plazas. Reserva ya y asegura tu plaza!!<\/span><\/p>\n<p><span style=\"font-weight: 400;\">Si lo tuyo no es planificar y quieres vivir algo totalmente diferente o m\u00e1s personalizado; en Traveleto <a href=\"https:\/\/traveleto.com\/viajes\/presupuesto\/\">organizamos tu viaje totalmente GRATIS<\/a>. Ponte en contacto con nosotros \u00a1Y nos encargamos de todo! <\/span><\/p>\n<p><a href=\"https:\/\/traveleto.com\/viajes\/presupuesto\/\"><span style=\"font-weight: 400;\">Haz click<\/span><b> aqu\u00ed<\/b><\/a><span style=\"font-weight: 400;\"> para rellenar tu solicitud.<\/span><\/p>\n<h2><span style=\"font-weight: 400;\">\ud83e\udded Alojamiento\u00a0<\/span><\/h2>\n<p><span style=\"font-weight: 400;\">\ud83c\udfe9 <\/span><i><span style=\"font-weight: 400;\">\u00a0<\/span><\/i><span style=\"font-weight: 400;\">El circuito incluye 2 noches de estancia en Petra en r\u00e9gimen de media pensi\u00f3n (alojamiento, desayuno y cena). Al reservar podr\u00e9is escoger entre realizar la estancia en un hotel de 4 o 5 estrellas. Los establecimientos previstos son los siguientes:<\/span><\/p>\n<p><span style=\"font-weight: 400;\">Hotel de 4 estrellas: Hotel Petra Panorama o similar.<\/span><\/p>\n<p><span style=\"font-weight: 400;\">Hotel de 5 estrellas: The Old Village o similar.<\/span><\/p>\n<h2><span style=\"font-weight: 400;\">\ud83e\udded Fechas del viaje\u00a0<\/span><\/h2>\n<p><span style=\"font-weight: 400;\">\u27a1\ufe0f de Diciembre de 2022 a Febrero de 2023<\/span><\/p>\n<p><span style=\"font-weight: 400;\">\ud83d\udc40 OJO! Para visitar Jordania es<strong> imprescindible un visado especial<\/strong>, cuyo coste es 56,30.<\/span><\/p>\n<h2><span style=\"font-weight: 400;\">\u00a0\ud83e\udded Recorrido\u00a0<\/span><\/h2>\n<p><span style=\"font-weight: 400;\">\ud83c\udf0e\u00a1Atentos al s\u00faper un Itinerario preparado!<\/span><\/p>\n<p><span style=\"font-weight: 400;\">\u00a0\u00a1Estar\u00e1 lleno de visitas guiadas y muchas actividades m\u00e1s!<\/span><\/p>\n<ul>\n<li style=\"font-weight: 400;\" aria-level=\"1\"><span style=\"font-weight: 400;\">D\u00eda 1 &#8211; Am\u00e1n \u2013 Madaba \u2013 Monte Nebo \u2013 Shobak \u2013 Petra<\/span><\/li>\n<li style=\"font-weight: 400;\" aria-level=\"1\"><span style=\"font-weight: 400;\">D\u00eda 2 &#8211; Petra<\/span><\/li>\n<li style=\"font-weight: 400;\" aria-level=\"1\"><span style=\"font-weight: 400;\">D\u00eda 3 &#8211; Petra \u2013 Little Petra \u2013 Wadi Rum \u2013 Am\u00e1n<\/span><\/li>\n<\/ul>\n<p><a href=\"https:\/\/www.civitatis.com\/es\/aman\/tour-3-dias-petra-uadi-rum\/?aid=5209\">Ir a la oferta<\/a><\/p>\n<h2><span style=\"font-weight: 400;\">\u00a0\ud83e\udded \u00bfQu\u00e9 incluye la oferta?<\/span><\/h2>\n<ul>\n<li style=\"font-weight: 400;\" aria-level=\"1\"><span style=\"font-weight: 400;\">Recogida en el hotel y traslado de regreso.<\/span><\/li>\n<li style=\"font-weight: 400;\" aria-level=\"1\"><span style=\"font-weight: 400;\">Transporte en minib\u00fas o autob\u00fas.<\/span><\/li>\n<li style=\"font-weight: 400;\" aria-level=\"1\"><span style=\"font-weight: 400;\">2 noches de alojamiento en hoteles de 4 o 5 estrellas con r\u00e9gimen de media pensi\u00f3n.<\/span><\/li>\n<li style=\"font-weight: 400;\" aria-level=\"1\"><span style=\"font-weight: 400;\">Entradas a todos los lugares visitados.<\/span><\/li>\n<li style=\"font-weight: 400;\" aria-level=\"1\"><span style=\"font-weight: 400;\">Tour de 2 horas en 4&#215;4 por el desierto de Wadi Rum.<\/span><\/li>\n<li style=\"font-weight: 400;\" aria-level=\"1\"><span style=\"font-weight: 400;\">Resto de excursiones y visitas guiadas descritas en el itinerario.<\/span><\/li>\n<\/ul>\n<h2><span style=\"font-weight: 400;\">\u00a0\ud83e\udded Cancelaciones<\/span><\/h2>\n<p><span style=\"font-weight: 400;\"><strong>No reembolsable.<\/strong> Esta actividad no permite cancelaciones ni modificaciones.<\/span><\/p>\n<h2><span style=\"font-weight: 400;\">\ud83e\udded Protecci\u00f3n total<\/span><\/h2>\n<p>Asegura tu tranquilidad a lo largo del viaje de una forma f\u00e1cil y personalizada con el mejor seguro de viaje. Nuestro partner <a href=\"https:\/\/www.iatiseguros.com?r=44702130325906&amp;cmp=viajestraveleto\">Iati Seguros<\/a>, ofrece los mejores Seguros de Viaje para cada tipo de viajero y destino.<\/p>\n<p><a href=\"https:\/\/www.iatiseguros.com?r=78622968806591&amp;cmp=ny\">Calcula ahora tu presupuesto con Iati Seguros<\/a> y obtendr\u00e1s un 5% de descuento de forma autom\u00e1tica por ser viajero Traveleto.<\/p>\n<h2><span style=\"font-weight: 400;\">\ud83e\udded Condiciones de la oferta<\/span><\/h2>\n<p><span style=\"font-weight: 400;\">En <\/span><span style=\"font-weight: 400;\">Traveleto estamos continuamente buscando las mejores ofertas para que puedas vivir grandes experiencias a precios de esc\u00e1ndalo. En esta ocasi\u00f3n, har\u00e1s tu reserva con<\/span> <a href=\"https:\/\/www.civitatis.com\/?aid=5209\"><b>Civitatis<\/b><\/a><span style=\"font-weight: 400;\">, uno de nuestros mejores proveedores de viajes inteligentes.<\/span><\/p>\n<p><span style=\"font-weight: 400;\">Recuerda que si quieres obtener un viaje totalmente personalizado, en Traveleto organizamos tu viaje totalmente GRATIS. Ponte en contacto con nosotros \u00a1y nos encargamos de todo! <a href=\"https:\/\/traveleto.com\/viajes\/presupuesto\/\">Haz click aqu\u00ed para rellenar tu solicitud<\/a>.<\/span><\/p>\n","protected":false},"excerpt":{"rendered":"<p><span style=\"font-weight: 400;\">\u2600\ufe0fEn esta <strong>excursi\u00f3n de 3 d\u00edas<\/strong>\u00a0 y dos noches desde <strong>Am\u00e1n<\/strong> descubriremos <strong>Petra<\/strong>, la antigua capital de los nabateos. Adem\u00e1s, disfrutaremos de otro de los tesoros de Jordania haciendo un tour en jeep por el desierto de <strong>Wadi Rum<\/strong>, el desierto m\u00e1s bello del mundo<\/span><span style=\"font-weight: 400;\">\ud83d\udc2b.<\/span><\/p>\n","protected":false},"featured_media":1771,"comment_status":"open","ping_status":"closed","template":"","meta":[],"product_cat":[72,69],"product_tag":[],"yoast_head":"<!-- This site is optimized with the Yoast SEO plugin v17.6 - https:\/\/yoast.com\/wordpress\/plugins\/seo\/ -->\n<title>\ud83c\udf16Tour de 3 d\u00edas a Jordania - Petra y Wadi Rum \ud83c\udfdb\ud83d\udd25 &mdash; Traveleto<\/title>\n<meta name=\"robots\" content=\"noindex, follow\" \/>\n<meta property=\"og:locale\" content=\"es_ES\" \/>\n<meta property=\"og:type\" content=\"article\" \/>\n<meta property=\"og:title\" content=\"\ud83c\udf16Tour de 3 d\u00edas a Jordania - Petra y Wadi Rum \ud83c\udfdb\ud83d\udd25 &mdash; Traveleto\" \/>\n<meta property=\"og:description\" content=\"\u2600\ufe0fEn esta excursi\u00f3n de 3 d\u00edas\u00a0 y dos noches desde Am\u00e1n descubriremos Petra, la antigua capital de los nabateos. Adem\u00e1s, disfrutaremos de otro de los tesoros de Jordania haciendo un tour en jeep por el desierto de Wadi Rum, el desierto m\u00e1s bello del mundo\ud83d\udc2b.\" \/>\n<meta property=\"og:url\" content=\"https:\/\/traveleto.com\/viajes\/producto\/tour-petra-wadi-rum\/\" \/>\n<meta property=\"og:site_name\" content=\"Traveleto\" \/>\n<meta property=\"article:publisher\" content=\"https:\/\/www.facebook.com\/traveleto\" \/>\n<meta property=\"article:modified_time\" content=\"2022-12-29T18:18:32+00:00\" \/>\n<meta property=\"og:image\" content=\"https:\/\/traveleto.com\/viajes\/wp-content\/uploads\/2022\/12\/tesoro-petra.jpeg\" \/>\n\t<meta property=\"og:image:width\" content=\"780\" \/>\n\t<meta property=\"og:image:height\" content=\"521\" \/>\n<meta name=\"twitter:card\" content=\"summary_large_image\" \/>\n<meta name=\"twitter:label1\" content=\"Tiempo de lectura\" \/>\n\t<meta name=\"twitter:data1\" content=\"2 minutos\" \/>\n<script type=\"application\/ld+json\" class=\"yoast-schema-graph\">{\"@context\":\"https:\/\/schema.org\",\"@graph\":[{\"@type\":\"Organization\",\"@id\":\"https:\/\/traveleto.com\/viajes\/#organization\",\"name\":\"Traveleto\",\"url\":\"https:\/\/traveleto.com\/viajes\/\",\"sameAs\":[\"https:\/\/www.facebook.com\/traveleto\",\"https:\/\/www.instagram.com\/traveletocom\/\"],\"logo\":{\"@type\":\"ImageObject\",\"@id\":\"https:\/\/traveleto.com\/viajes\/#logo\",\"inLanguage\":\"es\",\"url\":\"https:\/\/traveleto.com\/viajes\/wp-content\/uploads\/2021\/11\/traveleto480.png\",\"contentUrl\":\"https:\/\/traveleto.com\/viajes\/wp-content\/uploads\/2021\/11\/traveleto480.png\",\"width\":480,\"height\":480,\"caption\":\"Traveleto\"},\"image\":{\"@id\":\"https:\/\/traveleto.com\/viajes\/#logo\"}},{\"@type\":\"WebSite\",\"@id\":\"https:\/\/traveleto.com\/viajes\/#website\",\"url\":\"https:\/\/traveleto.com\/viajes\/\",\"name\":\"Traveleto\",\"description\":\"En Traveleto.com encontrar\\u00e1s ofertas y chollos de viaje adem\\u00e1s de inspiraci\\u00f3n para tu pr\\u00f3xima escapada.\",\"publisher\":{\"@id\":\"https:\/\/traveleto.com\/viajes\/#organization\"},\"potentialAction\":[{\"@type\":\"SearchAction\",\"target\":{\"@type\":\"EntryPoint\",\"urlTemplate\":\"https:\/\/traveleto.com\/viajes\/?s={search_term_string}\"},\"query-input\":\"required name=search_term_string\"}],\"inLanguage\":\"es\"},{\"@type\":\"ImageObject\",\"@id\":\"https:\/\/traveleto.com\/viajes\/producto\/tour-petra-wadi-rum\/#primaryimage\",\"inLanguage\":\"es\",\"url\":\"https:\/\/traveleto.com\/viajes\/wp-content\/uploads\/2022\/12\/tesoro-petra.jpeg\",\"contentUrl\":\"https:\/\/traveleto.com\/viajes\/wp-content\/uploads\/2022\/12\/tesoro-petra.jpeg\",\"width\":780,\"height\":521},{\"@type\":\"WebPage\",\"@id\":\"https:\/\/traveleto.com\/viajes\/producto\/tour-petra-wadi-rum\/#webpage\",\"url\":\"https:\/\/traveleto.com\/viajes\/producto\/tour-petra-wadi-rum\/\",\"name\":\"\\ud83c\\udf16Tour de 3 d\\u00edas a Jordania - Petra y Wadi Rum \\ud83c\\udfdb\\ud83d\\udd25 &mdash; Traveleto\",\"isPartOf\":{\"@id\":\"https:\/\/traveleto.com\/viajes\/#website\"},\"primaryImageOfPage\":{\"@id\":\"https:\/\/traveleto.com\/viajes\/producto\/tour-petra-wadi-rum\/#primaryimage\"},\"datePublished\":\"2022-12-29T17:20:49+00:00\",\"dateModified\":\"2022-12-29T18:18:32+00:00\",\"breadcrumb\":{\"@id\":\"https:\/\/traveleto.com\/viajes\/producto\/tour-petra-wadi-rum\/#breadcrumb\"},\"inLanguage\":\"es\",\"potentialAction\":[{\"@type\":\"ReadAction\",\"target\":[\"https:\/\/traveleto.com\/viajes\/producto\/tour-petra-wadi-rum\/\"]}]},{\"@type\":\"BreadcrumbList\",\"@id\":\"https:\/\/traveleto.com\/viajes\/producto\/tour-petra-wadi-rum\/#breadcrumb\",\"itemListElement\":[{\"@type\":\"ListItem\",\"position\":1,\"name\":\"Portada\",\"item\":\"https:\/\/traveleto.com\/viajes\/\"},{\"@type\":\"ListItem\",\"position\":2,\"name\":\"\"},{\"@type\":\"ListItem\",\"position\":3,\"name\":\"\\ud83c\\udf16Tour de 3 d\\u00edas a Jordania &#8211; Petra y Wadi Rum \\ud83c\\udfdb\\ud83d\\udd25\"}]}]}<\/script>\n<!-- \/ Yoast SEO plugin. -->","yoast_head_json":{"title":"\ud83c\udf16Tour de 3 d\u00edas a Jordania - Petra y Wadi Rum \ud83c\udfdb\ud83d\udd25 &mdash; Traveleto","robots":{"index":"noindex","follow":"follow"},"og_locale":"es_ES","og_type":"article","og_title":"\ud83c\udf16Tour de 3 d\u00edas a Jordania - Petra y Wadi Rum \ud83c\udfdb\ud83d\udd25 &mdash; Traveleto","og_description":"\u2600\ufe0fEn esta excursi\u00f3n de 3 d\u00edas\u00a0 y dos noches desde Am\u00e1n descubriremos Petra, la antigua capital de los nabateos. Adem\u00e1s, disfrutaremos de otro de los tesoros de Jordania haciendo un tour en jeep por el desierto de Wadi Rum, el desierto m\u00e1s bello del mundo\ud83d\udc2b.","og_url":"https:\/\/traveleto.com\/viajes\/producto\/tour-petra-wadi-rum\/","og_site_name":"Traveleto","article_publisher":"https:\/\/www.facebook.com\/traveleto","article_modified_time":"2022-12-29T18:18:32+00:00","og_image":[{"width":780,"height":521,"url":"https:\/\/traveleto.com\/viajes\/wp-content\/uploads\/2022\/12\/tesoro-petra.jpeg","type":"image\/jpeg"}],"twitter_card":"summary_large_image","twitter_misc":{"Tiempo de lectura":"2 minutos"},"schema":{"@context":"https:\/\/schema.org","@graph":[{"@type":"Organization","@id":"https:\/\/traveleto.com\/viajes\/#organization","name":"Traveleto","url":"https:\/\/traveleto.com\/viajes\/","sameAs":["https:\/\/www.facebook.com\/traveleto","https:\/\/www.instagram.com\/traveletocom\/"],"logo":{"@type":"ImageObject","@id":"https:\/\/traveleto.com\/viajes\/#logo","inLanguage":"es","url":"https:\/\/traveleto.com\/viajes\/wp-content\/uploads\/2021\/11\/traveleto480.png","contentUrl":"https:\/\/traveleto.com\/viajes\/wp-content\/uploads\/2021\/11\/traveleto480.png","width":480,"height":480,"caption":"Traveleto"},"image":{"@id":"https:\/\/traveleto.com\/viajes\/#logo"}},{"@type":"WebSite","@id":"https:\/\/traveleto.com\/viajes\/#website","url":"https:\/\/traveleto.com\/viajes\/","name":"Traveleto","description":"En Traveleto.com encontrar\u00e1s ofertas y chollos de viaje adem\u00e1s de inspiraci\u00f3n para tu pr\u00f3xima escapada.","publisher":{"@id":"https:\/\/traveleto.com\/viajes\/#organization"},"potentialAction":[{"@type":"SearchAction","target":{"@type":"EntryPoint","urlTemplate":"https:\/\/traveleto.com\/viajes\/?s={search_term_string}"},"query-input":"required name=search_term_string"}],"inLanguage":"es"},{"@type":"ImageObject","@id":"https:\/\/traveleto.com\/viajes\/producto\/tour-petra-wadi-rum\/#primaryimage","inLanguage":"es","url":"https:\/\/traveleto.com\/viajes\/wp-content\/uploads\/2022\/12\/tesoro-petra.jpeg","contentUrl":"https:\/\/traveleto.com\/viajes\/wp-content\/uploads\/2022\/12\/tesoro-petra.jpeg","width":780,"height":521},{"@type":"WebPage","@id":"https:\/\/traveleto.com\/viajes\/producto\/tour-petra-wadi-rum\/#webpage","url":"https:\/\/traveleto.com\/viajes\/producto\/tour-petra-wadi-rum\/","name":"\ud83c\udf16Tour de 3 d\u00edas a Jordania - Petra y Wadi Rum \ud83c\udfdb\ud83d\udd25 &mdash; Traveleto","isPartOf":{"@id":"https:\/\/traveleto.com\/viajes\/#website"},"primaryImageOfPage":{"@id":"https:\/\/traveleto.com\/viajes\/producto\/tour-petra-wadi-rum\/#primaryimage"},"datePublished":"2022-12-29T17:20:49+00:00","dateModified":"2022-12-29T18:18:32+00:00","breadcrumb":{"@id":"https:\/\/traveleto.com\/viajes\/producto\/tour-petra-wadi-rum\/#breadcrumb"},"inLanguage":"es","potentialAction":[{"@type":"ReadAction","target":["https:\/\/traveleto.com\/viajes\/producto\/tour-petra-wadi-rum\/"]}]},{"@type":"BreadcrumbList","@id":"https:\/\/traveleto.com\/viajes\/producto\/tour-petra-wadi-rum\/#breadcrumb","itemListElement":[{"@type":"ListItem","position":1,"name":"Portada","item":"https:\/\/traveleto.com\/viajes\/"},{"@type":"ListItem","position":2,"name":""},{"@type":"ListItem","position":3,"name":"\ud83c\udf16Tour de 3 d\u00edas a Jordania &#8211; Petra y Wadi Rum \ud83c\udfdb\ud83d\udd25"}]}]}},"_links":{"self":[{"href":"https:\/\/traveleto.com\/viajes\/wp-json\/wp\/v2\/product\/1734"}],"collection":[{"href":"https:\/\/traveleto.com\/viajes\/wp-json\/wp\/v2\/product"}],"about":[{"href":"https:\/\/traveleto.com\/viajes\/wp-json\/wp\/v2\/types\/product"}],"replies":[{"embeddable":true,"href":"https:\/\/traveleto.com\/viajes\/wp-json\/wp\/v2\/comments?post=1734"}],"wp:featuredmedia":[{"embeddable":true,"href":"https:\/\/traveleto.com\/viajes\/wp-json\/wp\/v2\/media\/1771"}],"wp:attachment":[{"href":"https:\/\/traveleto.com\/viajes\/wp-json\/wp\/v2\/media?parent=1734"}],"wp:term":[{"taxonomy":"product_cat","embeddable":true,"href":"https:\/\/traveleto.com\/viajes\/wp-json\/wp\/v2\/product_cat?post=1734"},{"taxonomy":"product_tag","embeddable":true,"href":"https:\/\/traveleto.com\/viajes\/wp-json\/wp\/v2\/product_tag?post=1734"}],"curies":[{"name":"wp","href":"https:\/\/api.w.org\/{rel}","templated":true}]}}