{"id":1736,"date":"2022-12-29T17:40:53","date_gmt":"2022-12-29T17:40:53","guid":{"rendered":"https:\/\/traveleto.com\/viajes\/?post_type=product&#038;p=1736"},"modified":"2022-12-29T18:34:51","modified_gmt":"2022-12-29T18:34:51","slug":"sunset-cruise-por-bali","status":"publish","type":"product","link":"https:\/\/traveleto.com\/viajes\/producto\/sunset-cruise-por-bali\/","title":{"rendered":"\ud83c\udf05Sunset Cruise por Bali con cena y espect\u00e1culo\ud83d\udea2"},"content":{"rendered":"<p><span style=\"font-weight: 400;\">\ud83c\udf0aSurca los mares balineses a borde de este <strong>crucero al atardecer<\/strong>, donde disfrutar\u00e1s de una \ud83d\udc99<strong>rom\u00e1ntica velada<\/strong> que incluye una rica <strong>cena buffet<\/strong> y un maravilloso <strong>espect\u00e1culo en directo.<\/strong> \ud83d\udc58<\/span><\/p>\n<p><span style=\"font-weight: 400;\">Tras recogerte en el hotel, pondremos rumbo al puerto de Benoa. All\u00ed iniciaremos este rom\u00e1ntico crucero al atardecer por Bali que quedar\u00e1 grabado para siempre entre tus m\u00e1s bellos recuerdos.\ud83d\udea2\ud83e\udd70<\/span><\/p>\n<p><span style=\"font-weight: 400;\">Ser\u00e1s recibido a bordo con una<strong> bebida de bienvenida<\/strong>. Adem\u00e1s, durante la traves\u00eda, habr\u00e1 una deliciosa cena a bordo con diversas especialidades internacionales que cumplir\u00e1n las expectativas de los paladares m\u00e1s exigentes.<\/span><\/p>\n<p><span style=\"font-weight: 400;\">Mientras surcamos la costa de Bali bajo la puesta de sol disfrutar\u00e1s tambi\u00e9n de un a<strong>nimado espect\u00e1culo en directo que incluye diversas actuaciones musicales<\/strong> en vivo en las que conocer\u00e1s el folclore tradicional de Bali.<\/span><\/p>\n<p><span style=\"font-weight: 400;\">\u00bfTe lo vas a perder?<\/span><\/p>\n<p><span style=\"font-weight: 400;\">Recuerda que p<\/span><span style=\"font-weight: 400;\">odr\u00e1s personalizar esta s\u00faper experiencia <a href=\"https:\/\/www.civitatis.com\/es\/bali\/crucero-cena-espectaculo\/?aid=5209\">escogiendo t\u00fa las fechas<\/a>.<\/span><\/p>\n<p><span style=\"font-weight: 400;\">Si lo tuyo no es planificar y quieres vivir algo totalmente diferente o m\u00e1s personalizado; en Traveleto <a href=\"https:\/\/traveleto.com\/viajes\/presupuesto\/\">organizamos tu viaje totalmente GRATIS<\/a>. Ponte en contacto con nosotros \u00a1Y nos encargamos de todo! <\/span><\/p>\n<p><a href=\"https:\/\/traveleto.com\/viajes\/presupuesto\/\"><span style=\"font-weight: 400;\">Haz click<\/span><b> aqu\u00ed<\/b><\/a><span style=\"font-weight: 400;\"> para rellenar tu solicitud.<\/span><\/p>\n<h2><span style=\"font-weight: 400;\">\ud83e\udded Fechas de la Excursi\u00f3n<\/span><\/h2>\n<p><span style=\"font-weight: 400;\">\u27a1\ufe0f Personalizable de Enero de 2023 a Noviembre 2023<\/span><\/p>\n<h2><span style=\"font-weight: 400;\">\ud83e\uddedDuraci\u00f3n<\/span><\/h2>\n<p><span style=\"font-weight: 400;\">\u00a0\u2611\ufe0f 3.15 horas<\/span><\/p>\n<h2><span style=\"font-weight: 400;\">\u00a0\ud83e\udded \u00bfQu\u00e9 incluye la oferta?<\/span><\/h2>\n<p><span style=\"font-weight: 400;\">\ud83d\udd39Recogida y traslado de regreso al hotel<\/span><\/p>\n<p><span style=\"font-weight: 400;\">\ud83d\udd39Transporte en minib\u00fas o autob\u00fas<\/span><\/p>\n<p><span style=\"font-weight: 400;\">\ud83d\udd39Paseo en catamar\u00e1n<\/span><\/p>\n<p><span style=\"font-weight: 400;\">\ud83d\udd39Bebida de bienvenida<\/span><\/p>\n<p><span style=\"font-weight: 400;\">\ud83d\udd39Cena y espect\u00e1culo<\/span><\/p>\n<p><span style=\"font-weight: 400;\">\u274cNo es accesible en silla de ruedas<\/span><\/p>\n<p><a href=\"https:\/\/www.civitatis.com\/es\/bali\/crucero-cena-espectaculo\/?aid=5209\">Ir a la oferta<\/a><\/p>\n<h2><span style=\"font-weight: 400;\">\u00a0\ud83e\udded Cancelaciones<\/span><\/h2>\n<p><span style=\"font-weight: 400;\"><strong>No reembolsable.<\/strong> Esta actividad no permite cancelaciones ni modificaciones.<\/span><\/p>\n<h2><span style=\"font-weight: 400;\">\ud83e\udded Protecci\u00f3n total<\/span><\/h2>\n<p><span style=\"font-weight: 400;\">Asegura <\/span><b>aqu\u00ed<\/b><span style=\"font-weight: 400;\"> tu tranquilidad a lo largo de tu experiencia de una forma f\u00e1cil y personalizada con las mejores coberturas.<\/span><\/p>\n<p>Nuestro partner <a href=\"https:\/\/www.iatiseguros.com?r=44702130325906&amp;cmp=viajestraveleto\">Iati Seguros<\/a>, ofrece los mejores Seguros de Viaje para cada tipo de viajero y destino.<\/p>\n<p><a href=\"https:\/\/www.iatiseguros.com?r=78622968806591&amp;cmp=ny\">Calcula ahora tu presupuesto con Iati Seguros<\/a> y obtendr\u00e1s un 5% de descuento de forma autom\u00e1tica por ser viajero Traveleto.<\/p>\n<h2><span style=\"font-weight: 400;\">\ud83e\udded Condiciones de la oferta<\/span><\/h2>\n<p><span style=\"font-weight: 400;\">En <\/span><span style=\"font-weight: 400;\">Traveleto estamos continuamente buscando las mejores ofertas para que puedas vivir grandes experiencias a precios de esc\u00e1ndalo. En esta ocasi\u00f3n, har\u00e1s tu reserva con<\/span> <a href=\"https:\/\/www.civitatis.com\/?aid=5209\"><b>Civitatis<\/b><\/a><span style=\"font-weight: 400;\">, uno de nuestros mejores proveedores de viajes inteligentes.<\/span><\/p>\n<p><span style=\"font-weight: 400;\">Recuerda que si quieres obtener un viaje totalmente personalizado, en Traveleto organizamos tu viaje totalmente GRATIS. Ponte en contacto con nosotros \u00a1y nos encargamos de todo! <a href=\"https:\/\/traveleto.com\/viajes\/presupuesto\/\">Haz click aqu\u00ed para rellenar tu solicitud<\/a>.<\/span><\/p>\n<p>&nbsp;<\/p>\n","protected":false},"excerpt":{"rendered":"<p><span style=\"font-weight: 400;\">Surca los mares balineses a borde de este <strong>crucero al atardecer<\/strong>, donde disfrutar\u00e1s de una \ud83d\udc99<strong>rom\u00e1ntica velada<\/strong> que incluye una rica <strong>cena buffet<\/strong> y un maravilloso <strong>espect\u00e1culo en directo.<\/strong> \ud83d\udc58<\/span><\/p>\n<p><span style=\"font-weight: 400;\">Tras recogerte en el hotel, pondremos rumbo al puerto de Benoa. All\u00ed iniciaremos este rom\u00e1ntico crucero al atardecer por Bali que quedar\u00e1 grabado para siempre entre tus m\u00e1s bellos recuerdos.\ud83d\udea2\ud83e\udd70<\/span><\/p>\n","protected":false},"featured_media":1785,"comment_status":"open","ping_status":"closed","template":"","meta":[],"product_cat":[73,68],"product_tag":[],"yoast_head":"<!-- This site is optimized with the Yoast SEO plugin v17.6 - https:\/\/yoast.com\/wordpress\/plugins\/seo\/ -->\n<title>\ud83c\udf05Sunset Cruise por Bali con cena y espect\u00e1culo\ud83d\udea2 &mdash; Traveleto<\/title>\n<meta name=\"robots\" content=\"noindex, follow\" \/>\n<meta property=\"og:locale\" content=\"es_ES\" \/>\n<meta property=\"og:type\" content=\"article\" \/>\n<meta property=\"og:title\" content=\"\ud83c\udf05Sunset Cruise por Bali con cena y espect\u00e1culo\ud83d\udea2 &mdash; Traveleto\" \/>\n<meta property=\"og:description\" content=\"Surca los mares balineses a borde de este crucero al atardecer, donde disfrutar\u00e1s de una \ud83d\udc99rom\u00e1ntica velada que incluye una rica cena buffet y un maravilloso espect\u00e1culo en directo. \ud83d\udc58  Tras recogerte en el hotel, pondremos rumbo al puerto de Benoa. All\u00ed iniciaremos este rom\u00e1ntico crucero al atardecer por Bali que quedar\u00e1 grabado para siempre entre tus m\u00e1s bellos recuerdos.\ud83d\udea2\ud83e\udd70\" \/>\n<meta property=\"og:url\" content=\"https:\/\/traveleto.com\/viajes\/producto\/sunset-cruise-por-bali\/\" \/>\n<meta property=\"og:site_name\" content=\"Traveleto\" \/>\n<meta property=\"article:publisher\" content=\"https:\/\/www.facebook.com\/traveleto\" \/>\n<meta property=\"article:modified_time\" content=\"2022-12-29T18:34:51+00:00\" \/>\n<meta property=\"og:image\" content=\"https:\/\/traveleto.com\/viajes\/wp-content\/uploads\/2022\/12\/catamaran-cena-espectaculo.jpeg\" \/>\n\t<meta property=\"og:image:width\" content=\"780\" \/>\n\t<meta property=\"og:image:height\" content=\"521\" \/>\n<meta name=\"twitter:card\" content=\"summary_large_image\" \/>\n<meta name=\"twitter:label1\" content=\"Tiempo de lectura\" \/>\n\t<meta name=\"twitter:data1\" content=\"2 minutos\" \/>\n<script type=\"application\/ld+json\" class=\"yoast-schema-graph\">{\"@context\":\"https:\/\/schema.org\",\"@graph\":[{\"@type\":\"Organization\",\"@id\":\"https:\/\/traveleto.com\/viajes\/#organization\",\"name\":\"Traveleto\",\"url\":\"https:\/\/traveleto.com\/viajes\/\",\"sameAs\":[\"https:\/\/www.facebook.com\/traveleto\",\"https:\/\/www.instagram.com\/traveletocom\/\"],\"logo\":{\"@type\":\"ImageObject\",\"@id\":\"https:\/\/traveleto.com\/viajes\/#logo\",\"inLanguage\":\"es\",\"url\":\"https:\/\/traveleto.com\/viajes\/wp-content\/uploads\/2021\/11\/traveleto480.png\",\"contentUrl\":\"https:\/\/traveleto.com\/viajes\/wp-content\/uploads\/2021\/11\/traveleto480.png\",\"width\":480,\"height\":480,\"caption\":\"Traveleto\"},\"image\":{\"@id\":\"https:\/\/traveleto.com\/viajes\/#logo\"}},{\"@type\":\"WebSite\",\"@id\":\"https:\/\/traveleto.com\/viajes\/#website\",\"url\":\"https:\/\/traveleto.com\/viajes\/\",\"name\":\"Traveleto\",\"description\":\"En Traveleto.com encontrar\\u00e1s ofertas y chollos de viaje adem\\u00e1s de inspiraci\\u00f3n para tu pr\\u00f3xima escapada.\",\"publisher\":{\"@id\":\"https:\/\/traveleto.com\/viajes\/#organization\"},\"potentialAction\":[{\"@type\":\"SearchAction\",\"target\":{\"@type\":\"EntryPoint\",\"urlTemplate\":\"https:\/\/traveleto.com\/viajes\/?s={search_term_string}\"},\"query-input\":\"required name=search_term_string\"}],\"inLanguage\":\"es\"},{\"@type\":\"ImageObject\",\"@id\":\"https:\/\/traveleto.com\/viajes\/producto\/sunset-cruise-por-bali\/#primaryimage\",\"inLanguage\":\"es\",\"url\":\"https:\/\/traveleto.com\/viajes\/wp-content\/uploads\/2022\/12\/catamaran-cena-espectaculo.jpeg\",\"contentUrl\":\"https:\/\/traveleto.com\/viajes\/wp-content\/uploads\/2022\/12\/catamaran-cena-espectaculo.jpeg\",\"width\":780,\"height\":521},{\"@type\":\"WebPage\",\"@id\":\"https:\/\/traveleto.com\/viajes\/producto\/sunset-cruise-por-bali\/#webpage\",\"url\":\"https:\/\/traveleto.com\/viajes\/producto\/sunset-cruise-por-bali\/\",\"name\":\"\\ud83c\\udf05Sunset Cruise por Bali con cena y espect\\u00e1culo\\ud83d\\udea2 &mdash; Traveleto\",\"isPartOf\":{\"@id\":\"https:\/\/traveleto.com\/viajes\/#website\"},\"primaryImageOfPage\":{\"@id\":\"https:\/\/traveleto.com\/viajes\/producto\/sunset-cruise-por-bali\/#primaryimage\"},\"datePublished\":\"2022-12-29T17:40:53+00:00\",\"dateModified\":\"2022-12-29T18:34:51+00:00\",\"breadcrumb\":{\"@id\":\"https:\/\/traveleto.com\/viajes\/producto\/sunset-cruise-por-bali\/#breadcrumb\"},\"inLanguage\":\"es\",\"potentialAction\":[{\"@type\":\"ReadAction\",\"target\":[\"https:\/\/traveleto.com\/viajes\/producto\/sunset-cruise-por-bali\/\"]}]},{\"@type\":\"BreadcrumbList\",\"@id\":\"https:\/\/traveleto.com\/viajes\/producto\/sunset-cruise-por-bali\/#breadcrumb\",\"itemListElement\":[{\"@type\":\"ListItem\",\"position\":1,\"name\":\"Portada\",\"item\":\"https:\/\/traveleto.com\/viajes\/\"},{\"@type\":\"ListItem\",\"position\":2,\"name\":\"\"},{\"@type\":\"ListItem\",\"position\":3,\"name\":\"\\ud83c\\udf05Sunset Cruise por Bali con cena y espect\\u00e1culo\\ud83d\\udea2\"}]}]}<\/script>\n<!-- \/ Yoast SEO plugin. -->","yoast_head_json":{"title":"\ud83c\udf05Sunset Cruise por Bali con cena y espect\u00e1culo\ud83d\udea2 &mdash; Traveleto","robots":{"index":"noindex","follow":"follow"},"og_locale":"es_ES","og_type":"article","og_title":"\ud83c\udf05Sunset Cruise por Bali con cena y espect\u00e1culo\ud83d\udea2 &mdash; Traveleto","og_description":"Surca los mares balineses a borde de este crucero al atardecer, donde disfrutar\u00e1s de una \ud83d\udc99rom\u00e1ntica velada que incluye una rica cena buffet y un maravilloso espect\u00e1culo en directo. \ud83d\udc58  Tras recogerte en el hotel, pondremos rumbo al puerto de Benoa. All\u00ed iniciaremos este rom\u00e1ntico crucero al atardecer por Bali que quedar\u00e1 grabado para siempre entre tus m\u00e1s bellos recuerdos.\ud83d\udea2\ud83e\udd70","og_url":"https:\/\/traveleto.com\/viajes\/producto\/sunset-cruise-por-bali\/","og_site_name":"Traveleto","article_publisher":"https:\/\/www.facebook.com\/traveleto","article_modified_time":"2022-12-29T18:34:51+00:00","og_image":[{"width":780,"height":521,"url":"https:\/\/traveleto.com\/viajes\/wp-content\/uploads\/2022\/12\/catamaran-cena-espectaculo.jpeg","type":"image\/jpeg"}],"twitter_card":"summary_large_image","twitter_misc":{"Tiempo de lectura":"2 minutos"},"schema":{"@context":"https:\/\/schema.org","@graph":[{"@type":"Organization","@id":"https:\/\/traveleto.com\/viajes\/#organization","name":"Traveleto","url":"https:\/\/traveleto.com\/viajes\/","sameAs":["https:\/\/www.facebook.com\/traveleto","https:\/\/www.instagram.com\/traveletocom\/"],"logo":{"@type":"ImageObject","@id":"https:\/\/traveleto.com\/viajes\/#logo","inLanguage":"es","url":"https:\/\/traveleto.com\/viajes\/wp-content\/uploads\/2021\/11\/traveleto480.png","contentUrl":"https:\/\/traveleto.com\/viajes\/wp-content\/uploads\/2021\/11\/traveleto480.png","width":480,"height":480,"caption":"Traveleto"},"image":{"@id":"https:\/\/traveleto.com\/viajes\/#logo"}},{"@type":"WebSite","@id":"https:\/\/traveleto.com\/viajes\/#website","url":"https:\/\/traveleto.com\/viajes\/","name":"Traveleto","description":"En Traveleto.com encontrar\u00e1s ofertas y chollos de viaje adem\u00e1s de inspiraci\u00f3n para tu pr\u00f3xima escapada.","publisher":{"@id":"https:\/\/traveleto.com\/viajes\/#organization"},"potentialAction":[{"@type":"SearchAction","target":{"@type":"EntryPoint","urlTemplate":"https:\/\/traveleto.com\/viajes\/?s={search_term_string}"},"query-input":"required name=search_term_string"}],"inLanguage":"es"},{"@type":"ImageObject","@id":"https:\/\/traveleto.com\/viajes\/producto\/sunset-cruise-por-bali\/#primaryimage","inLanguage":"es","url":"https:\/\/traveleto.com\/viajes\/wp-content\/uploads\/2022\/12\/catamaran-cena-espectaculo.jpeg","contentUrl":"https:\/\/traveleto.com\/viajes\/wp-content\/uploads\/2022\/12\/catamaran-cena-espectaculo.jpeg","width":780,"height":521},{"@type":"WebPage","@id":"https:\/\/traveleto.com\/viajes\/producto\/sunset-cruise-por-bali\/#webpage","url":"https:\/\/traveleto.com\/viajes\/producto\/sunset-cruise-por-bali\/","name":"\ud83c\udf05Sunset Cruise por Bali con cena y espect\u00e1culo\ud83d\udea2 &mdash; Traveleto","isPartOf":{"@id":"https:\/\/traveleto.com\/viajes\/#website"},"primaryImageOfPage":{"@id":"https:\/\/traveleto.com\/viajes\/producto\/sunset-cruise-por-bali\/#primaryimage"},"datePublished":"2022-12-29T17:40:53+00:00","dateModified":"2022-12-29T18:34:51+00:00","breadcrumb":{"@id":"https:\/\/traveleto.com\/viajes\/producto\/sunset-cruise-por-bali\/#breadcrumb"},"inLanguage":"es","potentialAction":[{"@type":"ReadAction","target":["https:\/\/traveleto.com\/viajes\/producto\/sunset-cruise-por-bali\/"]}]},{"@type":"BreadcrumbList","@id":"https:\/\/traveleto.com\/viajes\/producto\/sunset-cruise-por-bali\/#breadcrumb","itemListElement":[{"@type":"ListItem","position":1,"name":"Portada","item":"https:\/\/traveleto.com\/viajes\/"},{"@type":"ListItem","position":2,"name":""},{"@type":"ListItem","position":3,"name":"\ud83c\udf05Sunset Cruise por Bali con cena y espect\u00e1culo\ud83d\udea2"}]}]}},"_links":{"self":[{"href":"https:\/\/traveleto.com\/viajes\/wp-json\/wp\/v2\/product\/1736"}],"collection":[{"href":"https:\/\/traveleto.com\/viajes\/wp-json\/wp\/v2\/product"}],"about":[{"href":"https:\/\/traveleto.com\/viajes\/wp-json\/wp\/v2\/types\/product"}],"replies":[{"embeddable":true,"href":"https:\/\/traveleto.com\/viajes\/wp-json\/wp\/v2\/comments?post=1736"}],"wp:featuredmedia":[{"embeddable":true,"href":"https:\/\/traveleto.com\/viajes\/wp-json\/wp\/v2\/media\/1785"}],"wp:attachment":[{"href":"https:\/\/traveleto.com\/viajes\/wp-json\/wp\/v2\/media?parent=1736"}],"wp:term":[{"taxonomy":"product_cat","embeddable":true,"href":"https:\/\/traveleto.com\/viajes\/wp-json\/wp\/v2\/product_cat?post=1736"},{"taxonomy":"product_tag","embeddable":true,"href":"https:\/\/traveleto.com\/viajes\/wp-json\/wp\/v2\/product_tag?post=1736"}],"curies":[{"name":"wp","href":"https:\/\/api.w.org\/{rel}","templated":true}]}}