{"id":1739,"date":"2022-12-29T18:05:31","date_gmt":"2022-12-29T18:05:31","guid":{"rendered":"https:\/\/traveleto.com\/viajes\/?post_type=product&#038;p=1739"},"modified":"2026-03-01T21:57:45","modified_gmt":"2026-03-01T21:57:45","slug":"semana-en-bali","status":"publish","type":"product","link":"https:\/\/traveleto.com\/viajes\/producto\/semana-en-bali\/","title":{"rendered":"\ud83c\udf3a BALI \u00bfTe apetece pasar una semana en el para\u00edso?\ud83e\udd8b"},"content":{"rendered":"<p><span style=\"font-weight: 400;\">Y no se nos ha ocurrido una idea mejor que para\u00a0 mayo, el mes de las flores, ofreceros esta s\u00faper promo de vuelo+hotel para que pod\u00e1is gozar como Maharaj\u00e1s en una de los pocos para\u00edsos que alg\u00fan dios benevolente decidi\u00f3 bajar a tierra.\ud83c\udf34<\/span><\/p>\n<p><span style=\"font-weight: 400;\">Estar\u00e9is nada menos que alojados (6 noches) en uno de los mejores hoteles de la zona. En <strong>Meli\u00e3 Bali &#8211; CHSE Certified 5*<\/strong>, os encontrar\u00e9is en una fant\u00e1stica zona de Isla Nusa Dua, apenas os separar\u00e1n 15 minutos a pie del Centro comercial Bali Collection y de\u00a0 la Playa de Nusa Dua. Adem\u00e1s, <strong>este complejo de 5 estrellas se encuentra a 1,6 km del Acantilado de Golpe del Agua<\/strong> y a 2,7 km del Club de golf nacional de Bali. \u00a1Un sue\u00f1o hecho realidad!\u2728<\/span><\/p>\n<p>Recuerda que si quieres puedes personalizar tu viaje buscando otras fechas, lugares de salida, o inclusive otro hotel. Si por el contrario quieres ir a otro destino, \u00e9chale un vistazo a nuestras <a href=\"https:\/\/traveleto.com\/viajes\/categoria-producto\/vuelo-hotel\/\">ofertas de viaje vuelo+hotel<\/a>.<\/p>\n<p>En el caso que lo tuyo no sea planificar, en Traveleto organizamos tu viaje totalmente GRATIS. Ponte en contacto con nosotros \u00a1y nos encargamos de todo! <a href=\"https:\/\/traveleto.com\/viajes\/presupuesto\/\">Haz click aqu\u00ed para rellenar tu solicitud<\/a>.<\/p>\n<h2>\ud83e\udded Alojamiento<\/h2>\n<p><span style=\"font-weight: 400;\">\ud83c\udfe9 <\/span><i><span style=\"font-weight: 400;\">\u00a0<\/span><\/i><span style=\"font-weight: 400;\">Meli\u00e3 Bali &#8211; CHSE Certified 5* (incluye cancelaci\u00f3n gratuita)<\/span><\/p>\n<h2>\ud83e\udded Vuelos<\/h2>\n<p><span style=\"font-weight: 400;\">\ud83c\udf0d Salidas pueden ser desde diversos aeropuertos<\/span><\/p>\n<h2>\ud83e\udded Fechas de viaje<\/h2>\n<p><span style=\"font-weight: 400;\">\u27a1\ufe0f Mayo de 2023<\/span><\/p>\n<h2>\ud83e\udded \u00bfC\u00f3mo hacer tu reserva?<\/h2>\n<div class=\"pasos\">\n<ol>\n<li><span class=\"num\">1<\/span> Selecciona desde d\u00f3nde viajas y el destino final<\/li>\n<li><span class=\"num\">2<\/span> Escoge tus fechas favoritas y compara<\/li>\n<li><span class=\"num\">3<\/span> Elige tu opci\u00f3n preferida y haz la reserva<\/li>\n<\/ol>\n<p><a class=\"oferta\" href=\"https:\/\/trk.traveleto.com\/index.php?key=lastminuteoffer&amp;post=bali&amp;type=flight-hotel&amp;hotelid=3936&amp;departureIntervals=20230515-20230522&amp;departureAirports=MAD\" rel=\"nofollow noopener noreferrer\">Ir a la oferta<\/a><\/p>\n<\/div>\n<h2>\ud83e\udded Opci\u00f3n m\u00e1s econ\u00f3mica desde Madrid<\/h2>\n<p><span style=\"font-weight: 400;\">A continuaci\u00f3n, se especifican los detalles del viaje con la oferta descrita. La opci\u00f3n m\u00e1s econ\u00f3mica ser\u00eda saliendo desde Madrid, pero puedes consultar otras opciones <\/span><b>aqu\u00ed<\/b><span style=\"font-weight: 400;\"> ya que los precios est\u00e1n en constante movimiento.<\/span><\/p>\n<ul>\n<li style=\"font-weight: 400;\" aria-level=\"1\"><span style=\"font-weight: 400;\">Alojamiento: Meli\u00e3 Bali &#8211; CHSE Certified 5* (con enlaces)<\/span><\/li>\n<li style=\"font-weight: 400;\" aria-level=\"1\"><span style=\"font-weight: 400;\">Vuelo: Madrid a Denpasar Bali Ngurah Rail\u00a0 (con enlaces)<\/span><\/li>\n<li style=\"font-weight: 400;\" aria-level=\"1\"><span style=\"font-weight: 400;\">Fecha de salida: 20\/ 03\/ 2022 . Etihad Airways &#8211; Malindo Air. 2 escalas<\/span><\/li>\n<li style=\"font-weight: 400;\" aria-level=\"1\"><span style=\"font-weight: 400;\">Fecha de vuelta: 26\/ 03\/ 2023 . Malindo Air &#8211; Etihad Airways. 2 escalas<\/span><\/li>\n<li style=\"font-weight: 400;\" aria-level=\"1\"><span style=\"font-weight: 400;\">Importe total por persona vuelo+hotel: 1589\u20ac<\/span><\/li>\n<\/ul>\n<h2>\ud83e\udded Protecci\u00f3n total<\/h2>\n<p>Asegura tu tranquilidad a lo largo del viaje de una forma f\u00e1cil y personalizada con el mejor seguro de viaje. Nuestro partner <a href=\"https:\/\/www.iatiseguros.com?r=44702130325906&amp;cmp=viajestraveleto\">Iati Seguros<\/a>, ofrece los mejores Seguros de Viaje para cada tipo de viajero y destino.<\/p>\n<p><a href=\"https:\/\/www.iatiseguros.com?r=78622968806591&amp;cmp=ny\">Calcula ahora tu presupuesto con Iati Seguros<\/a> y obtendr\u00e1s un 5% de descuento de forma autom\u00e1tica por ser viajero Traveleto.<\/p>\n<h2>\ud83e\udded Condiciones de la oferta<\/h2>\n<p>En Traveleto estamos continuamente buscando las mejores ofertas para que puedas vivir grandes experiencias a precios de esc\u00e1ndalo. En esta ocasi\u00f3n, har\u00e1s tu reserva con <a href=\"https:\/\/trk.traveleto.com\/index.php?key=lastminute&amp;id=nueva-york\">Lastminute.com<\/a>, uno de nuestros mejores proveedores de viajes inteligentes.<\/p>\n<p>Recuerda que si quieres obtener un viaje totalmente personalizado, en Traveleto organizamos tu viaje totalmente GRATIS. Ponte en contacto con nosotros \u00a1y nos encargamos de todo! <a href=\"https:\/\/traveleto.com\/viajes\/presupuesto\/\">Haz click aqu\u00ed para rellenar tu solicitud<\/a>.<\/p>\n","protected":false},"excerpt":{"rendered":"<p><span style=\"font-weight: 400;\">Y no se nos ha ocurrido una idea mejor que para\u00a0 mayo, el mes de las flores, ofreceros esta s\u00faper promo de vuelo+hotel para que pod\u00e1is gozar como Maharaj\u00e1s en una de los pocos para\u00edsos que alg\u00fan dios benevolente decidi\u00f3 bajar a tierra.\ud83c\udf34<\/span><\/p>\n<p><span style=\"font-weight: 400;\">Estar\u00e9is nada menos que alojados (6 noches) en uno de los mejores hoteles de la zona. En <strong>Meli\u00e3 Bali &#8211; CHSE Certified 5*<\/strong>, os encontrar\u00e9is en una fant\u00e1stica zona de Isla Nusa Dua, apenas os separar\u00e1n 15 minutos a pie del Centro comercial Bali Collection y de\u00a0 la Playa de Nusa Dua. Adem\u00e1s, <strong>este complejo de 5 estrellas se encuentra a 1,6 km del Acantilado de Golpe del Agua<\/strong> y a 2,7 km del Club de golf nacional de Bali. \u00a1Un sue\u00f1o hecho realidad!\u2728<\/span><\/p>\n","protected":false},"featured_media":1750,"comment_status":"open","ping_status":"closed","template":"","meta":[],"product_cat":[73,65],"product_tag":[],"yoast_head":"<!-- This site is optimized with the Yoast SEO plugin v17.6 - https:\/\/yoast.com\/wordpress\/plugins\/seo\/ -->\n<title>\ud83c\udf3a BALI \u00bfTe apetece pasar una semana en el para\u00edso?\ud83e\udd8b &mdash; Traveleto<\/title>\n<meta name=\"robots\" content=\"noindex, follow\" \/>\n<meta property=\"og:locale\" content=\"es_ES\" \/>\n<meta property=\"og:type\" content=\"article\" \/>\n<meta property=\"og:title\" content=\"\ud83c\udf3a BALI \u00bfTe apetece pasar una semana en el para\u00edso?\ud83e\udd8b &mdash; Traveleto\" \/>\n<meta property=\"og:description\" content=\"Y no se nos ha ocurrido una idea mejor que para\u00a0 mayo, el mes de las flores, ofreceros esta s\u00faper promo de vuelo+hotel para que pod\u00e1is gozar como Maharaj\u00e1s en una de los pocos para\u00edsos que alg\u00fan dios benevolente decidi\u00f3 bajar a tierra.\ud83c\udf34  Estar\u00e9is nada menos que alojados (6 noches) en uno de los mejores hoteles de la zona. En Meli\u00e3 Bali - CHSE Certified 5*, os encontrar\u00e9is en una fant\u00e1stica zona de Isla Nusa Dua, apenas os separar\u00e1n 15 minutos a pie del Centro comercial Bali Collection y de\u00a0 la Playa de Nusa Dua. Adem\u00e1s, este complejo de 5 estrellas se encuentra a 1,6 km del Acantilado de Golpe del Agua y a 2,7 km del Club de golf nacional de Bali. \u00a1Un sue\u00f1o hecho realidad!\u2728\" \/>\n<meta property=\"og:url\" content=\"https:\/\/traveleto.com\/viajes\/producto\/semana-en-bali\/\" \/>\n<meta property=\"og:site_name\" content=\"Traveleto\" \/>\n<meta property=\"article:publisher\" content=\"https:\/\/www.facebook.com\/traveleto\" \/>\n<meta property=\"article:modified_time\" content=\"2026-03-01T21:57:45+00:00\" \/>\n<meta property=\"og:image\" content=\"https:\/\/traveleto.com\/viajes\/wp-content\/uploads\/2022\/12\/fwebq2l0yuvsxmeyhtue.jpeg\" \/>\n\t<meta property=\"og:image:width\" content=\"1048\" \/>\n\t<meta property=\"og:image:height\" content=\"800\" \/>\n<meta name=\"twitter:card\" content=\"summary_large_image\" \/>\n<meta name=\"twitter:label1\" content=\"Tiempo de lectura\" \/>\n\t<meta name=\"twitter:data1\" content=\"2 minutos\" \/>\n<script type=\"application\/ld+json\" class=\"yoast-schema-graph\">{\"@context\":\"https:\/\/schema.org\",\"@graph\":[{\"@type\":\"Organization\",\"@id\":\"https:\/\/traveleto.com\/viajes\/#organization\",\"name\":\"Traveleto\",\"url\":\"https:\/\/traveleto.com\/viajes\/\",\"sameAs\":[\"https:\/\/www.facebook.com\/traveleto\",\"https:\/\/www.instagram.com\/traveletocom\/\"],\"logo\":{\"@type\":\"ImageObject\",\"@id\":\"https:\/\/traveleto.com\/viajes\/#logo\",\"inLanguage\":\"es\",\"url\":\"https:\/\/traveleto.com\/viajes\/wp-content\/uploads\/2021\/11\/traveleto480.png\",\"contentUrl\":\"https:\/\/traveleto.com\/viajes\/wp-content\/uploads\/2021\/11\/traveleto480.png\",\"width\":480,\"height\":480,\"caption\":\"Traveleto\"},\"image\":{\"@id\":\"https:\/\/traveleto.com\/viajes\/#logo\"}},{\"@type\":\"WebSite\",\"@id\":\"https:\/\/traveleto.com\/viajes\/#website\",\"url\":\"https:\/\/traveleto.com\/viajes\/\",\"name\":\"Traveleto\",\"description\":\"En Traveleto.com encontrar\\u00e1s ofertas y chollos de viaje adem\\u00e1s de inspiraci\\u00f3n para tu pr\\u00f3xima escapada.\",\"publisher\":{\"@id\":\"https:\/\/traveleto.com\/viajes\/#organization\"},\"potentialAction\":[{\"@type\":\"SearchAction\",\"target\":{\"@type\":\"EntryPoint\",\"urlTemplate\":\"https:\/\/traveleto.com\/viajes\/?s={search_term_string}\"},\"query-input\":\"required name=search_term_string\"}],\"inLanguage\":\"es\"},{\"@type\":\"ImageObject\",\"@id\":\"https:\/\/traveleto.com\/viajes\/producto\/semana-en-bali\/#primaryimage\",\"inLanguage\":\"es\",\"url\":\"https:\/\/traveleto.com\/viajes\/wp-content\/uploads\/2022\/12\/fwebq2l0yuvsxmeyhtue.jpeg\",\"contentUrl\":\"https:\/\/traveleto.com\/viajes\/wp-content\/uploads\/2022\/12\/fwebq2l0yuvsxmeyhtue.jpeg\",\"width\":1048,\"height\":800},{\"@type\":\"WebPage\",\"@id\":\"https:\/\/traveleto.com\/viajes\/producto\/semana-en-bali\/#webpage\",\"url\":\"https:\/\/traveleto.com\/viajes\/producto\/semana-en-bali\/\",\"name\":\"\\ud83c\\udf3a BALI \\u00bfTe apetece pasar una semana en el para\\u00edso?\\ud83e\\udd8b &mdash; Traveleto\",\"isPartOf\":{\"@id\":\"https:\/\/traveleto.com\/viajes\/#website\"},\"primaryImageOfPage\":{\"@id\":\"https:\/\/traveleto.com\/viajes\/producto\/semana-en-bali\/#primaryimage\"},\"datePublished\":\"2022-12-29T18:05:31+00:00\",\"dateModified\":\"2026-03-01T21:57:45+00:00\",\"breadcrumb\":{\"@id\":\"https:\/\/traveleto.com\/viajes\/producto\/semana-en-bali\/#breadcrumb\"},\"inLanguage\":\"es\",\"potentialAction\":[{\"@type\":\"ReadAction\",\"target\":[\"https:\/\/traveleto.com\/viajes\/producto\/semana-en-bali\/\"]}]},{\"@type\":\"BreadcrumbList\",\"@id\":\"https:\/\/traveleto.com\/viajes\/producto\/semana-en-bali\/#breadcrumb\",\"itemListElement\":[{\"@type\":\"ListItem\",\"position\":1,\"name\":\"Portada\",\"item\":\"https:\/\/traveleto.com\/viajes\/\"},{\"@type\":\"ListItem\",\"position\":2,\"name\":\"\"},{\"@type\":\"ListItem\",\"position\":3,\"name\":\"\\ud83c\\udf3a BALI \\u00bfTe apetece pasar una semana en el para\\u00edso?\\ud83e\\udd8b\"}]}]}<\/script>\n<!-- \/ Yoast SEO plugin. -->","yoast_head_json":{"title":"\ud83c\udf3a BALI \u00bfTe apetece pasar una semana en el para\u00edso?\ud83e\udd8b &mdash; Traveleto","robots":{"index":"noindex","follow":"follow"},"og_locale":"es_ES","og_type":"article","og_title":"\ud83c\udf3a BALI \u00bfTe apetece pasar una semana en el para\u00edso?\ud83e\udd8b &mdash; Traveleto","og_description":"Y no se nos ha ocurrido una idea mejor que para\u00a0 mayo, el mes de las flores, ofreceros esta s\u00faper promo de vuelo+hotel para que pod\u00e1is gozar como Maharaj\u00e1s en una de los pocos para\u00edsos que alg\u00fan dios benevolente decidi\u00f3 bajar a tierra.\ud83c\udf34  Estar\u00e9is nada menos que alojados (6 noches) en uno de los mejores hoteles de la zona. En Meli\u00e3 Bali - CHSE Certified 5*, os encontrar\u00e9is en una fant\u00e1stica zona de Isla Nusa Dua, apenas os separar\u00e1n 15 minutos a pie del Centro comercial Bali Collection y de\u00a0 la Playa de Nusa Dua. Adem\u00e1s, este complejo de 5 estrellas se encuentra a 1,6 km del Acantilado de Golpe del Agua y a 2,7 km del Club de golf nacional de Bali. \u00a1Un sue\u00f1o hecho realidad!\u2728","og_url":"https:\/\/traveleto.com\/viajes\/producto\/semana-en-bali\/","og_site_name":"Traveleto","article_publisher":"https:\/\/www.facebook.com\/traveleto","article_modified_time":"2026-03-01T21:57:45+00:00","og_image":[{"width":1048,"height":800,"url":"https:\/\/traveleto.com\/viajes\/wp-content\/uploads\/2022\/12\/fwebq2l0yuvsxmeyhtue.jpeg","type":"image\/jpeg"}],"twitter_card":"summary_large_image","twitter_misc":{"Tiempo de lectura":"2 minutos"},"schema":{"@context":"https:\/\/schema.org","@graph":[{"@type":"Organization","@id":"https:\/\/traveleto.com\/viajes\/#organization","name":"Traveleto","url":"https:\/\/traveleto.com\/viajes\/","sameAs":["https:\/\/www.facebook.com\/traveleto","https:\/\/www.instagram.com\/traveletocom\/"],"logo":{"@type":"ImageObject","@id":"https:\/\/traveleto.com\/viajes\/#logo","inLanguage":"es","url":"https:\/\/traveleto.com\/viajes\/wp-content\/uploads\/2021\/11\/traveleto480.png","contentUrl":"https:\/\/traveleto.com\/viajes\/wp-content\/uploads\/2021\/11\/traveleto480.png","width":480,"height":480,"caption":"Traveleto"},"image":{"@id":"https:\/\/traveleto.com\/viajes\/#logo"}},{"@type":"WebSite","@id":"https:\/\/traveleto.com\/viajes\/#website","url":"https:\/\/traveleto.com\/viajes\/","name":"Traveleto","description":"En Traveleto.com encontrar\u00e1s ofertas y chollos de viaje adem\u00e1s de inspiraci\u00f3n para tu pr\u00f3xima escapada.","publisher":{"@id":"https:\/\/traveleto.com\/viajes\/#organization"},"potentialAction":[{"@type":"SearchAction","target":{"@type":"EntryPoint","urlTemplate":"https:\/\/traveleto.com\/viajes\/?s={search_term_string}"},"query-input":"required name=search_term_string"}],"inLanguage":"es"},{"@type":"ImageObject","@id":"https:\/\/traveleto.com\/viajes\/producto\/semana-en-bali\/#primaryimage","inLanguage":"es","url":"https:\/\/traveleto.com\/viajes\/wp-content\/uploads\/2022\/12\/fwebq2l0yuvsxmeyhtue.jpeg","contentUrl":"https:\/\/traveleto.com\/viajes\/wp-content\/uploads\/2022\/12\/fwebq2l0yuvsxmeyhtue.jpeg","width":1048,"height":800},{"@type":"WebPage","@id":"https:\/\/traveleto.com\/viajes\/producto\/semana-en-bali\/#webpage","url":"https:\/\/traveleto.com\/viajes\/producto\/semana-en-bali\/","name":"\ud83c\udf3a BALI \u00bfTe apetece pasar una semana en el para\u00edso?\ud83e\udd8b &mdash; Traveleto","isPartOf":{"@id":"https:\/\/traveleto.com\/viajes\/#website"},"primaryImageOfPage":{"@id":"https:\/\/traveleto.com\/viajes\/producto\/semana-en-bali\/#primaryimage"},"datePublished":"2022-12-29T18:05:31+00:00","dateModified":"2026-03-01T21:57:45+00:00","breadcrumb":{"@id":"https:\/\/traveleto.com\/viajes\/producto\/semana-en-bali\/#breadcrumb"},"inLanguage":"es","potentialAction":[{"@type":"ReadAction","target":["https:\/\/traveleto.com\/viajes\/producto\/semana-en-bali\/"]}]},{"@type":"BreadcrumbList","@id":"https:\/\/traveleto.com\/viajes\/producto\/semana-en-bali\/#breadcrumb","itemListElement":[{"@type":"ListItem","position":1,"name":"Portada","item":"https:\/\/traveleto.com\/viajes\/"},{"@type":"ListItem","position":2,"name":""},{"@type":"ListItem","position":3,"name":"\ud83c\udf3a BALI \u00bfTe apetece pasar una semana en el para\u00edso?\ud83e\udd8b"}]}]}},"_links":{"self":[{"href":"https:\/\/traveleto.com\/viajes\/wp-json\/wp\/v2\/product\/1739"}],"collection":[{"href":"https:\/\/traveleto.com\/viajes\/wp-json\/wp\/v2\/product"}],"about":[{"href":"https:\/\/traveleto.com\/viajes\/wp-json\/wp\/v2\/types\/product"}],"replies":[{"embeddable":true,"href":"https:\/\/traveleto.com\/viajes\/wp-json\/wp\/v2\/comments?post=1739"}],"wp:featuredmedia":[{"embeddable":true,"href":"https:\/\/traveleto.com\/viajes\/wp-json\/wp\/v2\/media\/1750"}],"wp:attachment":[{"href":"https:\/\/traveleto.com\/viajes\/wp-json\/wp\/v2\/media?parent=1739"}],"wp:term":[{"taxonomy":"product_cat","embeddable":true,"href":"https:\/\/traveleto.com\/viajes\/wp-json\/wp\/v2\/product_cat?post=1739"},{"taxonomy":"product_tag","embeddable":true,"href":"https:\/\/traveleto.com\/viajes\/wp-json\/wp\/v2\/product_tag?post=1739"}],"curies":[{"name":"wp","href":"https:\/\/api.w.org\/{rel}","templated":true}]}}