{"id":1749,"date":"2022-12-29T18:06:32","date_gmt":"2022-12-29T18:06:32","guid":{"rendered":"https:\/\/traveleto.com\/viajes\/?post_type=product&#038;p=1749"},"modified":"2022-12-29T18:42:32","modified_gmt":"2022-12-29T18:42:32","slug":"entrada-cabaret-tropicana","status":"publish","type":"product","link":"https:\/\/traveleto.com\/viajes\/producto\/entrada-cabaret-tropicana\/","title":{"rendered":"\ud83c\udf78Entrada al Cabaret Tropicana en La Habana\ud83d\udc6f\u200d\u2640\ufe0f"},"content":{"rendered":"<p><span style=\"font-weight: 400;\">Descubre el verdadero glamour y el ritmo de la noche cubana en <strong>el mejor local de m\u00fasica de La Habana<\/strong>: El cabaret la Tropicana !!\ud83c\udf34\ud83c\udf34<\/span><\/p>\n<p><span style=\"font-weight: 400;\"><a href=\"https:\/\/www.civitatis.com\/es\/la-habana\/entrada-cabaret-tropicana\/?aid=5209\">El Cabaret Tropicana de La Habana<\/a>, conocido como el para\u00edso bajo las estrellas \ud83c\udf1f\ud83c\udf1f\ud83c\udf1f, fue inaugurado en 1939, y se convirti\u00f3 en el emblema de la vida nocturna de la Cuba de los a\u00f1os 40. Su localizaci\u00f3n al aire libre, permite aprovechar el fresco de los \u00e1rboles tropicales que lo rodean. Es uno de los cabarets m\u00e1s famosos del mundo, y en \u00e9l han actuado<strong> estrellas como Frank Sinatra, Marilyn Monroe, \u00c9dith Piaf o Ingrid Bergman<\/strong>\ud83c\udfb7.<\/span><\/p>\n<p><span style=\"font-weight: 400;\">Disfruta del <strong>espect\u00e1culo<\/strong> con coreograf\u00edas \u00fanicas, que mezclan la sensualidad del <strong>Caribe<\/strong> con la est\u00e9tica y la elegancia de lo cubano.<\/span><\/p>\n<p><span style=\"font-weight: 400;\">Durante las dos horas y media que dura el show, se recorrer\u00e1n\u00a0 todos los g\u00e9neros de Cuba: desde el bolero hasta la rumba, y desde el son hasta el guaguanc\u00f3, pasando, por supuesto, por el mambo, la salsa y el danz\u00f3n.<\/span><\/p>\n<p><span style=\"font-weight: 400;\">\u00a0\u00a1No vas a querer dejar de bailar!\ud83c\udfb6\ud83d\udc83<\/span><\/p>\n<h2><span style=\"font-weight: 400;\">\ud83e\udded Fechas del espect\u00e1culo en Cuba<\/span><\/h2>\n<p><span style=\"font-weight: 400;\">\u27a1\ufe0f Personalizable de Enero de 2023 a Octubre 2023<\/span><\/p>\n<h2><span style=\"font-weight: 400;\">\ud83e\uddedDuraci\u00f3n<\/span><\/h2>\n<p><span style=\"font-weight: 400;\">\u00a0\u2611\ufe0f 2.30 horas<\/span><\/p>\n<h2><span style=\"font-weight: 400;\">\ud83e\udded \u00bfQu\u00e9 incluye la oferta?<\/span><\/h2>\n<p><span style=\"font-weight: 400;\">\ud83d\udd39Entrada al espect\u00e1culo del Cabaret Tropicana<\/span><\/p>\n<p><span style=\"font-weight: 400;\">\ud83d\udd39Copa de bienvenida<\/span><\/p>\n<p><span style=\"font-weight: 400;\">\ud83d\udd391 copa de ron Havana Club<\/span><\/p>\n<p><span style=\"font-weight: 400;\">\ud83d\udd39Aperitivo<\/span><\/p>\n<p><span style=\"font-weight: 400;\">\u274cPermitidas mascotas<\/span><\/p>\n<p><a href=\"https:\/\/www.civitatis.com\/es\/la-habana\/entrada-cabaret-tropicana\/?aid=5209\">Ir a la oferta<\/a><\/p>\n<h2><span style=\"font-weight: 400;\">\u00a0\ud83e\udded Cancelaciones<\/span><\/h2>\n<p><span style=\"font-weight: 400;\"><strong>\u00a1Gratis!<\/strong> Cancela sin gastos hasta 24 horas antes de la actividad. Si cancelas con menos tiempo, llegas tarde o no te presentas, no se ofrecer\u00e1 ning\u00fan reembolso.<\/span><\/p>\n<h2><span style=\"font-weight: 400;\">\ud83e\udded Protecci\u00f3n total<\/span><\/h2>\n<p><span style=\"font-weight: 400;\">Asegura <\/span><b>aqu\u00ed<\/b><span style=\"font-weight: 400;\"> tu tranquilidad a lo largo de tu experiencia de una forma f\u00e1cil y personalizada con las mejores coberturas.<\/span><\/p>\n<p>Nuestro partner <a href=\"https:\/\/www.iatiseguros.com?r=44702130325906&amp;cmp=viajestraveleto\">Iati Seguros<\/a>, ofrece los mejores Seguros de Viaje para cada tipo de viajero y destino.<\/p>\n<p><a href=\"https:\/\/www.iatiseguros.com?r=78622968806591&amp;cmp=ny\">Calcula ahora tu presupuesto con Iati Seguros<\/a> y obtendr\u00e1s un 5% de descuento de forma autom\u00e1tica por ser viajero Traveleto.<\/p>\n<h2><span style=\"font-weight: 400;\">\ud83e\udded Condiciones de la oferta<\/span><\/h2>\n<p><span style=\"font-weight: 400;\">En <\/span><span style=\"font-weight: 400;\">Traveleto estamos continuamente buscando las mejores ofertas para que puedas vivir grandes experiencias a precios de esc\u00e1ndalo. En esta ocasi\u00f3n, har\u00e1s tu reserva con<\/span> <a href=\"https:\/\/www.civitatis.com\/?aid=5209\"><b>Civitatis<\/b><\/a><span style=\"font-weight: 400;\">, uno de nuestros mejores proveedores de viajes inteligentes.<\/span><\/p>\n<p><span style=\"font-weight: 400;\">Recuerda que si quieres obtener un viaje totalmente personalizado, en Traveleto organizamos tu viaje totalmente GRATIS. Ponte en contacto con nosotros \u00a1y nos encargamos de todo! <a href=\"https:\/\/traveleto.com\/viajes\/presupuesto\/\">Haz click aqu\u00ed para rellenar tu solicitud<\/a>.<\/span><\/p>\n<p>&nbsp;<\/p>\n<p>&nbsp;<\/p>\n","protected":false},"excerpt":{"rendered":"<p><span style=\"font-weight: 400;\">Descubre el verdadero glamour y el ritmo de la noche cubana en el mejor local de m\u00fasica de La Habana: El cabaret la Tropicana !!\ud83c\udf34\ud83c\udf34. <\/span><span style=\"font-weight: 400;\">El Cabaret Tropicana de La Habana, conocido como el para\u00edso bajo las estrellas \ud83c\udf1f\ud83c\udf1f\ud83c\udf1f, fue inaugurado en 1939, y se convirti\u00f3 en el emblema de la vida nocturna de la Cuba de los a\u00f1os 40.<\/span><\/p>\n","protected":false},"featured_media":1790,"comment_status":"open","ping_status":"closed","template":"","meta":[],"product_cat":[67,68],"product_tag":[],"yoast_head":"<!-- This site is optimized with the Yoast SEO plugin v17.6 - https:\/\/yoast.com\/wordpress\/plugins\/seo\/ -->\n<title>\ud83c\udf78Entrada al Cabaret Tropicana en La Habana\ud83d\udc6f\u200d\u2640\ufe0f &mdash; Traveleto<\/title>\n<meta name=\"robots\" content=\"noindex, follow\" \/>\n<meta property=\"og:locale\" content=\"es_ES\" \/>\n<meta property=\"og:type\" content=\"article\" \/>\n<meta property=\"og:title\" content=\"\ud83c\udf78Entrada al Cabaret Tropicana en La Habana\ud83d\udc6f\u200d\u2640\ufe0f &mdash; Traveleto\" \/>\n<meta property=\"og:description\" content=\"Descubre el verdadero glamour y el ritmo de la noche cubana en el mejor local de m\u00fasica de La Habana: El cabaret la Tropicana !!\ud83c\udf34\ud83c\udf34. El Cabaret Tropicana de La Habana, conocido como el para\u00edso bajo las estrellas \ud83c\udf1f\ud83c\udf1f\ud83c\udf1f, fue inaugurado en 1939, y se convirti\u00f3 en el emblema de la vida nocturna de la Cuba de los a\u00f1os 40.\" \/>\n<meta property=\"og:url\" content=\"https:\/\/traveleto.com\/viajes\/producto\/entrada-cabaret-tropicana\/\" \/>\n<meta property=\"og:site_name\" content=\"Traveleto\" \/>\n<meta property=\"article:publisher\" content=\"https:\/\/www.facebook.com\/traveleto\" \/>\n<meta property=\"article:modified_time\" content=\"2022-12-29T18:42:32+00:00\" \/>\n<meta property=\"og:image\" content=\"https:\/\/traveleto.com\/viajes\/wp-content\/uploads\/2022\/12\/bailarines-cabaret-tropicana.jpeg\" \/>\n\t<meta property=\"og:image:width\" content=\"780\" \/>\n\t<meta property=\"og:image:height\" content=\"521\" \/>\n<meta name=\"twitter:card\" content=\"summary_large_image\" \/>\n<meta name=\"twitter:label1\" content=\"Tiempo de lectura\" \/>\n\t<meta name=\"twitter:data1\" content=\"2 minutos\" \/>\n<script type=\"application\/ld+json\" class=\"yoast-schema-graph\">{\"@context\":\"https:\/\/schema.org\",\"@graph\":[{\"@type\":\"Organization\",\"@id\":\"https:\/\/traveleto.com\/viajes\/#organization\",\"name\":\"Traveleto\",\"url\":\"https:\/\/traveleto.com\/viajes\/\",\"sameAs\":[\"https:\/\/www.facebook.com\/traveleto\",\"https:\/\/www.instagram.com\/traveletocom\/\"],\"logo\":{\"@type\":\"ImageObject\",\"@id\":\"https:\/\/traveleto.com\/viajes\/#logo\",\"inLanguage\":\"es\",\"url\":\"https:\/\/traveleto.com\/viajes\/wp-content\/uploads\/2021\/11\/traveleto480.png\",\"contentUrl\":\"https:\/\/traveleto.com\/viajes\/wp-content\/uploads\/2021\/11\/traveleto480.png\",\"width\":480,\"height\":480,\"caption\":\"Traveleto\"},\"image\":{\"@id\":\"https:\/\/traveleto.com\/viajes\/#logo\"}},{\"@type\":\"WebSite\",\"@id\":\"https:\/\/traveleto.com\/viajes\/#website\",\"url\":\"https:\/\/traveleto.com\/viajes\/\",\"name\":\"Traveleto\",\"description\":\"En Traveleto.com encontrar\\u00e1s ofertas y chollos de viaje adem\\u00e1s de inspiraci\\u00f3n para tu pr\\u00f3xima escapada.\",\"publisher\":{\"@id\":\"https:\/\/traveleto.com\/viajes\/#organization\"},\"potentialAction\":[{\"@type\":\"SearchAction\",\"target\":{\"@type\":\"EntryPoint\",\"urlTemplate\":\"https:\/\/traveleto.com\/viajes\/?s={search_term_string}\"},\"query-input\":\"required name=search_term_string\"}],\"inLanguage\":\"es\"},{\"@type\":\"ImageObject\",\"@id\":\"https:\/\/traveleto.com\/viajes\/producto\/entrada-cabaret-tropicana\/#primaryimage\",\"inLanguage\":\"es\",\"url\":\"https:\/\/traveleto.com\/viajes\/wp-content\/uploads\/2022\/12\/bailarines-cabaret-tropicana.jpeg\",\"contentUrl\":\"https:\/\/traveleto.com\/viajes\/wp-content\/uploads\/2022\/12\/bailarines-cabaret-tropicana.jpeg\",\"width\":780,\"height\":521},{\"@type\":\"WebPage\",\"@id\":\"https:\/\/traveleto.com\/viajes\/producto\/entrada-cabaret-tropicana\/#webpage\",\"url\":\"https:\/\/traveleto.com\/viajes\/producto\/entrada-cabaret-tropicana\/\",\"name\":\"\\ud83c\\udf78Entrada al Cabaret Tropicana en La Habana\\ud83d\\udc6f\\u200d\\u2640\\ufe0f &mdash; Traveleto\",\"isPartOf\":{\"@id\":\"https:\/\/traveleto.com\/viajes\/#website\"},\"primaryImageOfPage\":{\"@id\":\"https:\/\/traveleto.com\/viajes\/producto\/entrada-cabaret-tropicana\/#primaryimage\"},\"datePublished\":\"2022-12-29T18:06:32+00:00\",\"dateModified\":\"2022-12-29T18:42:32+00:00\",\"breadcrumb\":{\"@id\":\"https:\/\/traveleto.com\/viajes\/producto\/entrada-cabaret-tropicana\/#breadcrumb\"},\"inLanguage\":\"es\",\"potentialAction\":[{\"@type\":\"ReadAction\",\"target\":[\"https:\/\/traveleto.com\/viajes\/producto\/entrada-cabaret-tropicana\/\"]}]},{\"@type\":\"BreadcrumbList\",\"@id\":\"https:\/\/traveleto.com\/viajes\/producto\/entrada-cabaret-tropicana\/#breadcrumb\",\"itemListElement\":[{\"@type\":\"ListItem\",\"position\":1,\"name\":\"Portada\",\"item\":\"https:\/\/traveleto.com\/viajes\/\"},{\"@type\":\"ListItem\",\"position\":2,\"name\":\"\"},{\"@type\":\"ListItem\",\"position\":3,\"name\":\"\\ud83c\\udf78Entrada al Cabaret Tropicana en La Habana\\ud83d\\udc6f\\u200d\\u2640\\ufe0f\"}]}]}<\/script>\n<!-- \/ Yoast SEO plugin. -->","yoast_head_json":{"title":"\ud83c\udf78Entrada al Cabaret Tropicana en La Habana\ud83d\udc6f\u200d\u2640\ufe0f &mdash; Traveleto","robots":{"index":"noindex","follow":"follow"},"og_locale":"es_ES","og_type":"article","og_title":"\ud83c\udf78Entrada al Cabaret Tropicana en La Habana\ud83d\udc6f\u200d\u2640\ufe0f &mdash; Traveleto","og_description":"Descubre el verdadero glamour y el ritmo de la noche cubana en el mejor local de m\u00fasica de La Habana: El cabaret la Tropicana !!\ud83c\udf34\ud83c\udf34. El Cabaret Tropicana de La Habana, conocido como el para\u00edso bajo las estrellas \ud83c\udf1f\ud83c\udf1f\ud83c\udf1f, fue inaugurado en 1939, y se convirti\u00f3 en el emblema de la vida nocturna de la Cuba de los a\u00f1os 40.","og_url":"https:\/\/traveleto.com\/viajes\/producto\/entrada-cabaret-tropicana\/","og_site_name":"Traveleto","article_publisher":"https:\/\/www.facebook.com\/traveleto","article_modified_time":"2022-12-29T18:42:32+00:00","og_image":[{"width":780,"height":521,"url":"https:\/\/traveleto.com\/viajes\/wp-content\/uploads\/2022\/12\/bailarines-cabaret-tropicana.jpeg","type":"image\/jpeg"}],"twitter_card":"summary_large_image","twitter_misc":{"Tiempo de lectura":"2 minutos"},"schema":{"@context":"https:\/\/schema.org","@graph":[{"@type":"Organization","@id":"https:\/\/traveleto.com\/viajes\/#organization","name":"Traveleto","url":"https:\/\/traveleto.com\/viajes\/","sameAs":["https:\/\/www.facebook.com\/traveleto","https:\/\/www.instagram.com\/traveletocom\/"],"logo":{"@type":"ImageObject","@id":"https:\/\/traveleto.com\/viajes\/#logo","inLanguage":"es","url":"https:\/\/traveleto.com\/viajes\/wp-content\/uploads\/2021\/11\/traveleto480.png","contentUrl":"https:\/\/traveleto.com\/viajes\/wp-content\/uploads\/2021\/11\/traveleto480.png","width":480,"height":480,"caption":"Traveleto"},"image":{"@id":"https:\/\/traveleto.com\/viajes\/#logo"}},{"@type":"WebSite","@id":"https:\/\/traveleto.com\/viajes\/#website","url":"https:\/\/traveleto.com\/viajes\/","name":"Traveleto","description":"En Traveleto.com encontrar\u00e1s ofertas y chollos de viaje adem\u00e1s de inspiraci\u00f3n para tu pr\u00f3xima escapada.","publisher":{"@id":"https:\/\/traveleto.com\/viajes\/#organization"},"potentialAction":[{"@type":"SearchAction","target":{"@type":"EntryPoint","urlTemplate":"https:\/\/traveleto.com\/viajes\/?s={search_term_string}"},"query-input":"required name=search_term_string"}],"inLanguage":"es"},{"@type":"ImageObject","@id":"https:\/\/traveleto.com\/viajes\/producto\/entrada-cabaret-tropicana\/#primaryimage","inLanguage":"es","url":"https:\/\/traveleto.com\/viajes\/wp-content\/uploads\/2022\/12\/bailarines-cabaret-tropicana.jpeg","contentUrl":"https:\/\/traveleto.com\/viajes\/wp-content\/uploads\/2022\/12\/bailarines-cabaret-tropicana.jpeg","width":780,"height":521},{"@type":"WebPage","@id":"https:\/\/traveleto.com\/viajes\/producto\/entrada-cabaret-tropicana\/#webpage","url":"https:\/\/traveleto.com\/viajes\/producto\/entrada-cabaret-tropicana\/","name":"\ud83c\udf78Entrada al Cabaret Tropicana en La Habana\ud83d\udc6f\u200d\u2640\ufe0f &mdash; Traveleto","isPartOf":{"@id":"https:\/\/traveleto.com\/viajes\/#website"},"primaryImageOfPage":{"@id":"https:\/\/traveleto.com\/viajes\/producto\/entrada-cabaret-tropicana\/#primaryimage"},"datePublished":"2022-12-29T18:06:32+00:00","dateModified":"2022-12-29T18:42:32+00:00","breadcrumb":{"@id":"https:\/\/traveleto.com\/viajes\/producto\/entrada-cabaret-tropicana\/#breadcrumb"},"inLanguage":"es","potentialAction":[{"@type":"ReadAction","target":["https:\/\/traveleto.com\/viajes\/producto\/entrada-cabaret-tropicana\/"]}]},{"@type":"BreadcrumbList","@id":"https:\/\/traveleto.com\/viajes\/producto\/entrada-cabaret-tropicana\/#breadcrumb","itemListElement":[{"@type":"ListItem","position":1,"name":"Portada","item":"https:\/\/traveleto.com\/viajes\/"},{"@type":"ListItem","position":2,"name":""},{"@type":"ListItem","position":3,"name":"\ud83c\udf78Entrada al Cabaret Tropicana en La Habana\ud83d\udc6f\u200d\u2640\ufe0f"}]}]}},"_links":{"self":[{"href":"https:\/\/traveleto.com\/viajes\/wp-json\/wp\/v2\/product\/1749"}],"collection":[{"href":"https:\/\/traveleto.com\/viajes\/wp-json\/wp\/v2\/product"}],"about":[{"href":"https:\/\/traveleto.com\/viajes\/wp-json\/wp\/v2\/types\/product"}],"replies":[{"embeddable":true,"href":"https:\/\/traveleto.com\/viajes\/wp-json\/wp\/v2\/comments?post=1749"}],"wp:featuredmedia":[{"embeddable":true,"href":"https:\/\/traveleto.com\/viajes\/wp-json\/wp\/v2\/media\/1790"}],"wp:attachment":[{"href":"https:\/\/traveleto.com\/viajes\/wp-json\/wp\/v2\/media?parent=1749"}],"wp:term":[{"taxonomy":"product_cat","embeddable":true,"href":"https:\/\/traveleto.com\/viajes\/wp-json\/wp\/v2\/product_cat?post=1749"},{"taxonomy":"product_tag","embeddable":true,"href":"https:\/\/traveleto.com\/viajes\/wp-json\/wp\/v2\/product_tag?post=1749"}],"curies":[{"name":"wp","href":"https:\/\/api.w.org\/{rel}","templated":true}]}}