{"id":1763,"date":"2022-12-29T18:18:13","date_gmt":"2022-12-29T18:18:13","guid":{"rendered":"https:\/\/traveleto.com\/viajes\/?post_type=product&#038;p=1763"},"modified":"2022-12-29T18:52:08","modified_gmt":"2022-12-29T18:52:08","slug":"paseo-globo-marrakech","status":"publish","type":"product","link":"https:\/\/traveleto.com\/viajes\/producto\/paseo-globo-marrakech\/","title":{"rendered":"\ud83c\udf88Paseo en globo por el norte de Marrakech\ud83c\udf88"},"content":{"rendered":"<p><span style=\"font-weight: 400;\">\ud83d\udd06<strong>Descubre desde el aire<\/strong> una de las ciudades m\u00e1s importantes de Marruecos y admira los paisajes m\u00e1s bonitos del pa\u00eds. \u00a1Un paseo por las alturas por Marrakech!\ud83d\udd4c <\/span><\/p>\n<p><span style=\"font-weight: 400;\">\u00bfTe apuntas?<\/span><\/p>\n<p><span style=\"font-weight: 400;\">Recuerda que p<\/span><span style=\"font-weight: 400;\">odr\u00e1s personalizar esta s\u00faper experiencia <a href=\"https:\/\/www.civitatis.com\/es\/marrakech\/paseo-globo\/?_gl=1*1ca1we4*_up*MQ..&amp;gclid=CjwKCAiAzKqdBhAnEiwAePEjkrbQ3AvwgEyquDtrL66CIAPaVpsE0g0gmjwPWQkknRLWk7D7Sd417BoCDlcQAvD_BwE&amp;gclsrc=aw.ds?aid=5209\">escogiendo t\u00fa las fechas<\/a><strong>.<\/strong><\/span><\/p>\n<p><span style=\"font-weight: 400;\">Si lo tuyo no es planificar y quieres vivir algo totalmente diferente o m\u00e1s personalizado; en Traveleto <a href=\"https:\/\/traveleto.com\/viajes\/presupuesto\/\">organizamos tu viaje totalmente GRATIS<\/a>. Ponte en contacto con nosotros \u00a1Y nos encargamos de todo! <\/span><\/p>\n<p><a href=\"https:\/\/traveleto.com\/viajes\/presupuesto\/\"><span style=\"font-weight: 400;\">Haz click<\/span><b> aqu\u00ed<\/b><\/a><span style=\"font-weight: 400;\"> para rellenar tu solicitud.<\/span><\/p>\n<h2><span style=\"font-weight: 400;\">\ud83e\udded Fechas de la Excursi\u00f3n<\/span><\/h2>\n<p><span style=\"font-weight: 400;\">\u27a1\ufe0f Personalizable de Enero de 2023 a Diciembre 2023<\/span><\/p>\n<h2><span style=\"font-weight: 400;\">\ud83e\uddedDuraci\u00f3n<\/span><\/h2>\n<p><span style=\"font-weight: 400;\">\u00a0\u2611\ufe0f 5 horas<\/span><\/p>\n<h2><span style=\"font-weight: 400;\">\ud83e\udded Recorrido<\/span><\/h2>\n<p><span style=\"font-weight: 400;\">\ud83c\udf0eTenemos un Itinerario Especial preparado con mucho cari\u00f1o:<\/span><\/p>\n<p><span style=\"font-weight: 400;\">\u2714\ufe0f Recogida en el Hotel.<\/span><\/p>\n<p><span style=\"font-weight: 400;\">\u2714\ufe0fTraves\u00eda en todoterreno para poner rumbo a nuestro destino: Jebilet.<\/span><\/p>\n<p><span style=\"font-weight: 400;\">\u2714\ufe0fDesayuno en Jebilet.<\/span><\/p>\n<p><span style=\"font-weight: 400;\">\u2714\ufe0fDurante una hora de vuelo veremos pasar ante nosotros la ciudad de Marrakech, y podremos conocer desde el aire la Cordillera del Atlas.<\/span><\/p>\n<p><span style=\"font-weight: 400;\">\u2714\ufe0fRetomaremos el camino hasta llegar a una t\u00edpica tienda bereber, y all\u00ed tomaremos un aperitivo t\u00edpico, compuesto por productos frescos..<\/span><\/p>\n<p><span style=\"font-weight: 400;\">\u2714\ufe0fRegreso en todoterreno a\u00a0 Marrakech.<\/span><\/p>\n<p><a href=\"https:\/\/www.civitatis.com\/es\/marrakech\/paseo-globo\/?_gl=1*1ca1we4*_up*MQ..&amp;gclid=CjwKCAiAzKqdBhAnEiwAePEjkrbQ3AvwgEyquDtrL66CIAPaVpsE0g0gmjwPWQkknRLWk7D7Sd417BoCDlcQAvD_BwE&amp;gclsrc=aw.ds?aid=5209\">Ir a la oferta<\/a><\/p>\n<h2><span style=\"font-weight: 400;\">\u00a0\ud83e\udded \u00bfQu\u00e9 incluye la oferta?<\/span><\/h2>\n<p><span style=\"font-weight: 400;\">\ud83d\udd39Recogida en el hotel y traslado de regreso.<\/span><\/p>\n<p><span style=\"font-weight: 400;\">\ud83d\udd39Gu\u00eda en ingl\u00e9s.<\/span><\/p>\n<p><span style=\"font-weight: 400;\">\ud83d\udd39Transporte en 4&#215;4.<\/span><\/p>\n<p><span style=\"font-weight: 400;\">\ud83d\udd391 hora de vuelo.<\/span><\/p>\n<p><span style=\"font-weight: 400;\">\ud83d\udd39Desayuno ligero, t\u00e9 y aperitivo local.<\/span><\/p>\n<p><span style=\"font-weight: 400;\">\ud83d\udd39Certificado de vuelo.<\/span><\/p>\n<p><span style=\"font-weight: 400;\">\u274cNo permitidas mascotas.<\/span><\/p>\n<h2><span style=\"font-weight: 400;\">\ud83e\udded Cancelaciones<\/span><\/h2>\n<p><span style=\"font-weight: 400;\"><strong>\u00a1Gratis!<\/strong> Cancela sin gastos hasta 48 horas antes de la actividad. Si cancelas con menos tiempo, llegas tarde o no te presentas, no se ofrecer\u00e1 ning\u00fan reembolso.<\/span><\/p>\n<h2><span style=\"font-weight: 400;\">\ud83e\udded Protecci\u00f3n total<\/span><\/h2>\n<p><span style=\"font-weight: 400;\">Asegura <\/span><b>aqu\u00ed<\/b><span style=\"font-weight: 400;\"> tu tranquilidad a lo largo de tu experiencia de una forma f\u00e1cil y personalizada con las mejores coberturas.<\/span><\/p>\n<p>Nuestro partner <a href=\"https:\/\/www.iatiseguros.com?r=44702130325906&amp;cmp=viajestraveleto\">Iati Seguros<\/a>, ofrece los mejores Seguros de Viaje para cada tipo de viajero y destino.<\/p>\n<p><a href=\"https:\/\/www.iatiseguros.com?r=78622968806591&amp;cmp=ny\">Calcula ahora tu presupuesto con Iati Seguros<\/a> y obtendr\u00e1s un 5% de descuento de forma autom\u00e1tica por ser viajero Traveleto.<\/p>\n<h2><span style=\"font-weight: 400;\">\ud83e\udded Condiciones de la oferta<\/span><\/h2>\n<p><span style=\"font-weight: 400;\">En <\/span><span style=\"font-weight: 400;\">Traveleto estamos continuamente buscando las mejores ofertas para que puedas vivir grandes experiencias a precios de esc\u00e1ndalo. En esta ocasi\u00f3n, har\u00e1s tu reserva con<\/span> <a href=\"https:\/\/www.civitatis.com\/?aid=5209\"><b>Civitatis<\/b><\/a><span style=\"font-weight: 400;\">, uno de nuestros mejores proveedores de viajes inteligentes.<\/span><\/p>\n<p><span style=\"font-weight: 400;\">Recuerda que si quieres obtener un viaje totalmente personalizado, en Traveleto organizamos tu viaje totalmente GRATIS. Ponte en contacto con nosotros \u00a1y nos encargamos de todo! <a href=\"https:\/\/traveleto.com\/viajes\/presupuesto\/\">Haz click aqu\u00ed para rellenar tu solicitud<\/a>.<\/span><\/p>\n","protected":false},"excerpt":{"rendered":"<p><span style=\"font-weight: 400;\">\ud83d\udd06<strong>Descubre desde el aire<\/strong> una de las ciudades m\u00e1s importantes de Marruecos y admira los paisajes m\u00e1s bonitos del pa\u00eds. \u00a1Un paseo por las alturas por Marrakech!\ud83d\udd4c<\/span><\/p>\n","protected":false},"featured_media":1805,"comment_status":"open","ping_status":"closed","template":"","meta":[],"product_cat":[68,71],"product_tag":[],"yoast_head":"<!-- This site is optimized with the Yoast SEO plugin v17.6 - https:\/\/yoast.com\/wordpress\/plugins\/seo\/ -->\n<title>\ud83c\udf88Paseo en globo por el norte de Marrakech\ud83c\udf88 &mdash; Traveleto<\/title>\n<meta name=\"robots\" content=\"noindex, follow\" \/>\n<meta property=\"og:locale\" content=\"es_ES\" \/>\n<meta property=\"og:type\" content=\"article\" \/>\n<meta property=\"og:title\" content=\"\ud83c\udf88Paseo en globo por el norte de Marrakech\ud83c\udf88 &mdash; Traveleto\" \/>\n<meta property=\"og:description\" content=\"\ud83d\udd06Descubre desde el aire una de las ciudades m\u00e1s importantes de Marruecos y admira los paisajes m\u00e1s bonitos del pa\u00eds. \u00a1Un paseo por las alturas por Marrakech!\ud83d\udd4c\" \/>\n<meta property=\"og:url\" content=\"https:\/\/traveleto.com\/viajes\/producto\/paseo-globo-marrakech\/\" \/>\n<meta property=\"og:site_name\" content=\"Traveleto\" \/>\n<meta property=\"article:publisher\" content=\"https:\/\/www.facebook.com\/traveleto\" \/>\n<meta property=\"article:modified_time\" content=\"2022-12-29T18:52:08+00:00\" \/>\n<meta property=\"og:image\" content=\"https:\/\/traveleto.com\/viajes\/wp-content\/uploads\/2022\/12\/globo-aerostatico-desierto-marrakech.jpeg\" \/>\n\t<meta property=\"og:image:width\" content=\"780\" \/>\n\t<meta property=\"og:image:height\" content=\"521\" \/>\n<meta name=\"twitter:card\" content=\"summary_large_image\" \/>\n<meta name=\"twitter:label1\" content=\"Tiempo de lectura\" \/>\n\t<meta name=\"twitter:data1\" content=\"2 minutos\" \/>\n<script type=\"application\/ld+json\" class=\"yoast-schema-graph\">{\"@context\":\"https:\/\/schema.org\",\"@graph\":[{\"@type\":\"Organization\",\"@id\":\"https:\/\/traveleto.com\/viajes\/#organization\",\"name\":\"Traveleto\",\"url\":\"https:\/\/traveleto.com\/viajes\/\",\"sameAs\":[\"https:\/\/www.facebook.com\/traveleto\",\"https:\/\/www.instagram.com\/traveletocom\/\"],\"logo\":{\"@type\":\"ImageObject\",\"@id\":\"https:\/\/traveleto.com\/viajes\/#logo\",\"inLanguage\":\"es\",\"url\":\"https:\/\/traveleto.com\/viajes\/wp-content\/uploads\/2021\/11\/traveleto480.png\",\"contentUrl\":\"https:\/\/traveleto.com\/viajes\/wp-content\/uploads\/2021\/11\/traveleto480.png\",\"width\":480,\"height\":480,\"caption\":\"Traveleto\"},\"image\":{\"@id\":\"https:\/\/traveleto.com\/viajes\/#logo\"}},{\"@type\":\"WebSite\",\"@id\":\"https:\/\/traveleto.com\/viajes\/#website\",\"url\":\"https:\/\/traveleto.com\/viajes\/\",\"name\":\"Traveleto\",\"description\":\"En Traveleto.com encontrar\\u00e1s ofertas y chollos de viaje adem\\u00e1s de inspiraci\\u00f3n para tu pr\\u00f3xima escapada.\",\"publisher\":{\"@id\":\"https:\/\/traveleto.com\/viajes\/#organization\"},\"potentialAction\":[{\"@type\":\"SearchAction\",\"target\":{\"@type\":\"EntryPoint\",\"urlTemplate\":\"https:\/\/traveleto.com\/viajes\/?s={search_term_string}\"},\"query-input\":\"required name=search_term_string\"}],\"inLanguage\":\"es\"},{\"@type\":\"ImageObject\",\"@id\":\"https:\/\/traveleto.com\/viajes\/producto\/paseo-globo-marrakech\/#primaryimage\",\"inLanguage\":\"es\",\"url\":\"https:\/\/traveleto.com\/viajes\/wp-content\/uploads\/2022\/12\/globo-aerostatico-desierto-marrakech.jpeg\",\"contentUrl\":\"https:\/\/traveleto.com\/viajes\/wp-content\/uploads\/2022\/12\/globo-aerostatico-desierto-marrakech.jpeg\",\"width\":780,\"height\":521},{\"@type\":\"WebPage\",\"@id\":\"https:\/\/traveleto.com\/viajes\/producto\/paseo-globo-marrakech\/#webpage\",\"url\":\"https:\/\/traveleto.com\/viajes\/producto\/paseo-globo-marrakech\/\",\"name\":\"\\ud83c\\udf88Paseo en globo por el norte de Marrakech\\ud83c\\udf88 &mdash; Traveleto\",\"isPartOf\":{\"@id\":\"https:\/\/traveleto.com\/viajes\/#website\"},\"primaryImageOfPage\":{\"@id\":\"https:\/\/traveleto.com\/viajes\/producto\/paseo-globo-marrakech\/#primaryimage\"},\"datePublished\":\"2022-12-29T18:18:13+00:00\",\"dateModified\":\"2022-12-29T18:52:08+00:00\",\"breadcrumb\":{\"@id\":\"https:\/\/traveleto.com\/viajes\/producto\/paseo-globo-marrakech\/#breadcrumb\"},\"inLanguage\":\"es\",\"potentialAction\":[{\"@type\":\"ReadAction\",\"target\":[\"https:\/\/traveleto.com\/viajes\/producto\/paseo-globo-marrakech\/\"]}]},{\"@type\":\"BreadcrumbList\",\"@id\":\"https:\/\/traveleto.com\/viajes\/producto\/paseo-globo-marrakech\/#breadcrumb\",\"itemListElement\":[{\"@type\":\"ListItem\",\"position\":1,\"name\":\"Portada\",\"item\":\"https:\/\/traveleto.com\/viajes\/\"},{\"@type\":\"ListItem\",\"position\":2,\"name\":\"\"},{\"@type\":\"ListItem\",\"position\":3,\"name\":\"\\ud83c\\udf88Paseo en globo por el norte de Marrakech\\ud83c\\udf88\"}]}]}<\/script>\n<!-- \/ Yoast SEO plugin. -->","yoast_head_json":{"title":"\ud83c\udf88Paseo en globo por el norte de Marrakech\ud83c\udf88 &mdash; Traveleto","robots":{"index":"noindex","follow":"follow"},"og_locale":"es_ES","og_type":"article","og_title":"\ud83c\udf88Paseo en globo por el norte de Marrakech\ud83c\udf88 &mdash; Traveleto","og_description":"\ud83d\udd06Descubre desde el aire una de las ciudades m\u00e1s importantes de Marruecos y admira los paisajes m\u00e1s bonitos del pa\u00eds. \u00a1Un paseo por las alturas por Marrakech!\ud83d\udd4c","og_url":"https:\/\/traveleto.com\/viajes\/producto\/paseo-globo-marrakech\/","og_site_name":"Traveleto","article_publisher":"https:\/\/www.facebook.com\/traveleto","article_modified_time":"2022-12-29T18:52:08+00:00","og_image":[{"width":780,"height":521,"url":"https:\/\/traveleto.com\/viajes\/wp-content\/uploads\/2022\/12\/globo-aerostatico-desierto-marrakech.jpeg","type":"image\/jpeg"}],"twitter_card":"summary_large_image","twitter_misc":{"Tiempo de lectura":"2 minutos"},"schema":{"@context":"https:\/\/schema.org","@graph":[{"@type":"Organization","@id":"https:\/\/traveleto.com\/viajes\/#organization","name":"Traveleto","url":"https:\/\/traveleto.com\/viajes\/","sameAs":["https:\/\/www.facebook.com\/traveleto","https:\/\/www.instagram.com\/traveletocom\/"],"logo":{"@type":"ImageObject","@id":"https:\/\/traveleto.com\/viajes\/#logo","inLanguage":"es","url":"https:\/\/traveleto.com\/viajes\/wp-content\/uploads\/2021\/11\/traveleto480.png","contentUrl":"https:\/\/traveleto.com\/viajes\/wp-content\/uploads\/2021\/11\/traveleto480.png","width":480,"height":480,"caption":"Traveleto"},"image":{"@id":"https:\/\/traveleto.com\/viajes\/#logo"}},{"@type":"WebSite","@id":"https:\/\/traveleto.com\/viajes\/#website","url":"https:\/\/traveleto.com\/viajes\/","name":"Traveleto","description":"En Traveleto.com encontrar\u00e1s ofertas y chollos de viaje adem\u00e1s de inspiraci\u00f3n para tu pr\u00f3xima escapada.","publisher":{"@id":"https:\/\/traveleto.com\/viajes\/#organization"},"potentialAction":[{"@type":"SearchAction","target":{"@type":"EntryPoint","urlTemplate":"https:\/\/traveleto.com\/viajes\/?s={search_term_string}"},"query-input":"required name=search_term_string"}],"inLanguage":"es"},{"@type":"ImageObject","@id":"https:\/\/traveleto.com\/viajes\/producto\/paseo-globo-marrakech\/#primaryimage","inLanguage":"es","url":"https:\/\/traveleto.com\/viajes\/wp-content\/uploads\/2022\/12\/globo-aerostatico-desierto-marrakech.jpeg","contentUrl":"https:\/\/traveleto.com\/viajes\/wp-content\/uploads\/2022\/12\/globo-aerostatico-desierto-marrakech.jpeg","width":780,"height":521},{"@type":"WebPage","@id":"https:\/\/traveleto.com\/viajes\/producto\/paseo-globo-marrakech\/#webpage","url":"https:\/\/traveleto.com\/viajes\/producto\/paseo-globo-marrakech\/","name":"\ud83c\udf88Paseo en globo por el norte de Marrakech\ud83c\udf88 &mdash; Traveleto","isPartOf":{"@id":"https:\/\/traveleto.com\/viajes\/#website"},"primaryImageOfPage":{"@id":"https:\/\/traveleto.com\/viajes\/producto\/paseo-globo-marrakech\/#primaryimage"},"datePublished":"2022-12-29T18:18:13+00:00","dateModified":"2022-12-29T18:52:08+00:00","breadcrumb":{"@id":"https:\/\/traveleto.com\/viajes\/producto\/paseo-globo-marrakech\/#breadcrumb"},"inLanguage":"es","potentialAction":[{"@type":"ReadAction","target":["https:\/\/traveleto.com\/viajes\/producto\/paseo-globo-marrakech\/"]}]},{"@type":"BreadcrumbList","@id":"https:\/\/traveleto.com\/viajes\/producto\/paseo-globo-marrakech\/#breadcrumb","itemListElement":[{"@type":"ListItem","position":1,"name":"Portada","item":"https:\/\/traveleto.com\/viajes\/"},{"@type":"ListItem","position":2,"name":""},{"@type":"ListItem","position":3,"name":"\ud83c\udf88Paseo en globo por el norte de Marrakech\ud83c\udf88"}]}]}},"_links":{"self":[{"href":"https:\/\/traveleto.com\/viajes\/wp-json\/wp\/v2\/product\/1763"}],"collection":[{"href":"https:\/\/traveleto.com\/viajes\/wp-json\/wp\/v2\/product"}],"about":[{"href":"https:\/\/traveleto.com\/viajes\/wp-json\/wp\/v2\/types\/product"}],"replies":[{"embeddable":true,"href":"https:\/\/traveleto.com\/viajes\/wp-json\/wp\/v2\/comments?post=1763"}],"wp:featuredmedia":[{"embeddable":true,"href":"https:\/\/traveleto.com\/viajes\/wp-json\/wp\/v2\/media\/1805"}],"wp:attachment":[{"href":"https:\/\/traveleto.com\/viajes\/wp-json\/wp\/v2\/media?parent=1763"}],"wp:term":[{"taxonomy":"product_cat","embeddable":true,"href":"https:\/\/traveleto.com\/viajes\/wp-json\/wp\/v2\/product_cat?post=1763"},{"taxonomy":"product_tag","embeddable":true,"href":"https:\/\/traveleto.com\/viajes\/wp-json\/wp\/v2\/product_tag?post=1763"}],"curies":[{"name":"wp","href":"https:\/\/api.w.org\/{rel}","templated":true}]}}