{"id":1829,"date":"2023-01-23T22:57:52","date_gmt":"2023-01-23T22:57:52","guid":{"rendered":"https:\/\/traveleto.com\/viajes\/?post_type=product&#038;p=1829"},"modified":"2024-10-31T19:45:59","modified_gmt":"2024-10-31T19:45:59","slug":"disneyland-paris-semana-magica","status":"publish","type":"product","link":"https:\/\/traveleto.com\/viajes\/producto\/disneyland-paris-semana-magica\/","title":{"rendered":"\ud83c\udff0Semana M\u00e1gica Disney\ud83c\udf1f"},"content":{"rendered":"<p><strong><a href=\"https:\/\/ofertas.traveleto.com\/index.php?key=disney&amp;id=30\">\u00a1VUELVE LA SEMANA M\u00c1GICA DISNEY!<\/a>\ud83e\udd29 <\/strong><\/p>\n<p><strong>Y este a\u00f1o incluye celebraci\u00f3n de su 30\u00ba Aniversario<\/strong><\/p>\n<p>\ud83c\udf1f<strong>\u00a1Sue\u00f1a a lo grande<\/strong>, r\u00ede m\u00e1s alto y divi\u00e9rtete m\u00e1s que nunca, con espect\u00e1culos asombrosos, <strong>nuevas atracciones<\/strong> y experiencias que har\u00e1n que el final de esta <strong>celebraci\u00f3n \u00fanica en la vida<\/strong> sea m\u00e1s especial que nunca!\ud83c\udf1f<\/p>\n<h2>\ud83e\udded<strong> Fechas para la reserva Gran Final del 30\u00ba Aniversario de Disney<\/strong><\/h2>\n<p>\u27a1\ufe0f <a href=\"https:\/\/ofertas.traveleto.com\/index.php?key=disney&amp;id=30\">desde el 30 de Enero hasta el 26 de febrero<\/a><br \/>\n*Para llegadas hasta el 30 de septiembre.<br \/>\n\ud83d\udc40 <strong>\u00a1OJO<\/strong>! a mayor antelaci\u00f3n de reserva se conseguir\u00e1 el precio m\u00e1s econ\u00f3mico.<\/p>\n<h2>\ud83e\udded<strong>Planifica tu estancia en la Gran Final del 30\u00ba Aniversario de Disney<\/strong><\/h2>\n<p>\u00a1El <a href=\"https:\/\/ofertas.traveleto.com\/index.php?key=disney&amp;id=30\">Gran Final de 30\u00ba Aniversario finaliza el 30 de septiembre<\/a>! \u00a1Compara diferentes periodos y rangos de precios para encontrar el momento ideal para tu viaje durante estas celebraciones! <strong><a href=\"https:\/\/ofertas.traveleto.com\/index.php?key=disney&amp;id=30\">Planifica tu estancia ahora<\/a> con su pr\u00e1ctico calendario de precios.<\/strong><\/p>\n<h2>\ud83e\udded<strong>Alojamientos<\/strong><\/h2>\n<p>Al\u00f3jate en un<a href=\"https:\/\/ofertas.traveleto.com\/index.php?key=disney&amp;id=30\"><strong> Hotel Disney<\/strong><\/a> y disfruta de una experiencia inmersiva y de ventajas exclusivas. La elecci\u00f3n ideal para <strong>todas las edades.<\/strong><\/p>\n<p><strong>\ud83d\udc49<a href=\"https:\/\/ofertas.traveleto.com\/index.php?key=disney&amp;id=30\">Hoteles tem\u00e1ticos<\/a><\/strong><br \/>\nCada Hotel Disney te sumerge en una emblem\u00e1tica historia. Mundos maravillosos para todos los gustos, todas las edades y todos los presupuestos.<\/p>\n<p><strong>\ud83d\udc49Ventajas de alojarte en un <a href=\"https:\/\/ofertas.traveleto.com\/index.php?key=disney&amp;id=30\">Hotel Disney:<\/a><\/strong><\/p>\n<p>\ud83d\udd38Extra Magic Time: Entra en los Parques antes de que abran y saluda a los Personajes Disney en el hotel.<br \/>\n\ud83d\udd38Acceso a los dos Parques: Disfruta de los Parques de la ma\u00f1ana a la noche todos los d\u00edas de tu estancia.<br \/>\n\ud83d\udd38Aparcamiento gratuito<\/p>\n<h2><strong>\ud83e\udded \u00bfQu\u00e9 incluye el pack de los dos parques?<\/strong><\/h2>\n<p>\ud83d\udc49Atracciones para todas las edades<\/p>\n<p>\ud83d\udc49Encuentros m\u00e1gicos con tus personajes<\/p>\n<p>\ud83d\udc49Espect\u00e1culos y cabalgatas ic\u00f3nicas<\/p>\n<p>\ud83d\udc49Nuevos espect\u00e1culos<\/p>\n<h2><strong>\ud83e\udded \u00a1Novedades!<\/strong><\/h2>\n<p><a href=\"https:\/\/ofertas.traveleto.com\/index.php?key=disney&amp;id=30\">\u2705<strong>\u00a1El primer espect\u00e1culo de drones MARVEL!<\/strong><\/a>:Del 28 de enero al 8 de mayo, disfruta de un nuevo y sensacional espect\u00e1culo nocturno en el Parque Walt Disney Studios! Con hasta 500 drones y efectos especiales \u00e9picos, vivir\u00e1s el mundo \u00e9pico de MARVEL como nunca antes. \u00a1Ning\u00fan h\u00e9roe querr\u00e1 perd\u00e9rselo!<\/p>\n<p><a href=\"https:\/\/ofertas.traveleto.com\/index.php?key=disney&amp;id=30\">\u2705<strong>\u00a1Vuelve Disney Dreams!<\/strong>:<\/a> \u00a1Por petici\u00f3n popular, el premiado espect\u00e1culo nocturno Disney Dreams! vuelve a partir del 12 de abril de 2023! Descubre c\u00f3mo las queridas historias Disney cobran vida con fuegos artificiales, fuentes y efectos m\u00e1gicos.<\/p>\n<p><a href=\"https:\/\/ofertas.traveleto.com\/index.php?key=disney&amp;id=30\">\u2705<strong>\u00a1Vuelve \u00abit&#8217;s a small world\u00bb!<\/strong>:<\/a> En primavera<\/p>\n<p><a href=\"https:\/\/ofertas.traveleto.com\/index.php?key=disney&amp;id=30\">\u2705<strong>\u00a1Pixar estrenar\u00e1 un nuevo espect\u00e1culo<\/strong>!:<\/a> En verano.<\/p>\n<h2>\ud83e\udded <strong>Cancelaciones<\/strong><\/h2>\n<p>\u00a1Posibilidad de cancelar hasta <strong>7 d\u00edas antes sin gastos\u00a1<\/strong><br \/>\nSiguiendo con la estrategia de precios din\u00e1micos de este destino, que incorporan importantes descuentos sobre el precio general, Disney insiste en que a mayor antelaci\u00f3n de reserva se conseguir\u00e1 el precio m\u00e1s econ\u00f3mico.<\/p>\n<h2><strong>\ud83e\udded Condiciones<\/strong><\/h2>\n<p>En Traveleto estamos continuamente buscando las mejores ofertas para que puedas vivir grandes experiencias a precios de esc\u00e1ndalo. En esta ocasi\u00f3n, <a href=\"https:\/\/ofertas.traveleto.com\/index.php?key=disney&amp;id=30\"><strong>har\u00e1s tu reserva con Disney<\/strong><\/a>, uno de nuestros mejores proveedores de viajes inteligentes.<br \/>\nRecuerda que si quieres obtener un<a href=\"https:\/\/traveleto.com\/viajes\/presupuesto\/\"><strong> viaje totalmente personalizado<\/strong><\/a>, en Traveleto organizamos tu viaje totalmente GRATIS. Ponte en contacto con nosotros \u00a1Y nos encargamos de todo! <a href=\"https:\/\/traveleto.com\/viajes\/presupuesto\/\"><strong>Haz click aqu\u00ed para rellenar tu solicitud&gt;&gt;<\/strong><\/a><\/p>\n","protected":false},"excerpt":{"rendered":"<p>\u00a1SEMANA M\u00c1GICA DISNEY!\ud83e\udd29<\/p>\n<p>\u00a1Reserva del 30 de enero al 26 de febrero para llegadas hasta el 30 de septiembre y no te la pierdas!\ud83d\udc2d<br \/>\n\u00a1Sue\u00f1a a lo grande, r\u00ede m\u00e1s alto y divi\u00e9rtete m\u00e1s que nunca, con espect\u00e1culos asombrosos, nuevas atracciones y experiencias que har\u00e1n que el final de esta celebraci\u00f3n \u00fanica en la vida sea m\u00e1s especial que nunca!\ud83c\udf1f<\/p>\n","protected":false},"featured_media":1832,"comment_status":"open","ping_status":"closed","template":"","meta":[],"product_cat":[69],"product_tag":[],"yoast_head":"<!-- This site is optimized with the Yoast SEO plugin v17.6 - https:\/\/yoast.com\/wordpress\/plugins\/seo\/ -->\n<title>\ud83c\udff0Semana M\u00e1gica Disney\ud83c\udf1f &mdash; Traveleto<\/title>\n<meta name=\"robots\" content=\"noindex, follow\" \/>\n<meta property=\"og:locale\" content=\"es_ES\" \/>\n<meta property=\"og:type\" content=\"article\" \/>\n<meta property=\"og:title\" content=\"\ud83c\udff0Semana M\u00e1gica Disney\ud83c\udf1f &mdash; Traveleto\" \/>\n<meta property=\"og:description\" content=\"\u00a1SEMANA M\u00c1GICA DISNEY!\ud83e\udd29  \u00a1Reserva del 30 de enero al 26 de febrero para llegadas hasta el 30 de septiembre y no te la pierdas!\ud83d\udc2d \u00a1Sue\u00f1a a lo grande, r\u00ede m\u00e1s alto y divi\u00e9rtete m\u00e1s que nunca, con espect\u00e1culos asombrosos, nuevas atracciones y experiencias que har\u00e1n que el final de esta celebraci\u00f3n \u00fanica en la vida sea m\u00e1s especial que nunca!\ud83c\udf1f\" \/>\n<meta property=\"og:url\" content=\"https:\/\/traveleto.com\/viajes\/producto\/disneyland-paris-semana-magica\/\" \/>\n<meta property=\"og:site_name\" content=\"Traveleto\" \/>\n<meta property=\"article:publisher\" content=\"https:\/\/www.facebook.com\/traveleto\" \/>\n<meta property=\"article:modified_time\" content=\"2024-10-31T19:45:59+00:00\" \/>\n<meta property=\"og:image\" content=\"https:\/\/traveleto.com\/viajes\/wp-content\/uploads\/2023\/01\/hd17020_2027jul06_world_30th-anniversary-grand-finale-key-visual-with-logo-30-grand-final_5-2_ES_minnie_tcm797-253308w_1920p_1f_jpg-e1674515721266.jpeg\" \/>\n\t<meta property=\"og:image:width\" content=\"1459\" \/>\n\t<meta property=\"og:image:height\" content=\"800\" \/>\n<meta name=\"twitter:card\" content=\"summary_large_image\" \/>\n<meta name=\"twitter:label1\" content=\"Tiempo de lectura\" \/>\n\t<meta name=\"twitter:data1\" content=\"3 minutos\" \/>\n<script type=\"application\/ld+json\" class=\"yoast-schema-graph\">{\"@context\":\"https:\/\/schema.org\",\"@graph\":[{\"@type\":\"Organization\",\"@id\":\"https:\/\/traveleto.com\/viajes\/#organization\",\"name\":\"Traveleto\",\"url\":\"https:\/\/traveleto.com\/viajes\/\",\"sameAs\":[\"https:\/\/www.facebook.com\/traveleto\",\"https:\/\/www.instagram.com\/traveletocom\/\"],\"logo\":{\"@type\":\"ImageObject\",\"@id\":\"https:\/\/traveleto.com\/viajes\/#logo\",\"inLanguage\":\"es\",\"url\":\"https:\/\/traveleto.com\/viajes\/wp-content\/uploads\/2021\/11\/traveleto480.png\",\"contentUrl\":\"https:\/\/traveleto.com\/viajes\/wp-content\/uploads\/2021\/11\/traveleto480.png\",\"width\":480,\"height\":480,\"caption\":\"Traveleto\"},\"image\":{\"@id\":\"https:\/\/traveleto.com\/viajes\/#logo\"}},{\"@type\":\"WebSite\",\"@id\":\"https:\/\/traveleto.com\/viajes\/#website\",\"url\":\"https:\/\/traveleto.com\/viajes\/\",\"name\":\"Traveleto\",\"description\":\"En Traveleto.com encontrar\\u00e1s ofertas y chollos de viaje adem\\u00e1s de inspiraci\\u00f3n para tu pr\\u00f3xima escapada.\",\"publisher\":{\"@id\":\"https:\/\/traveleto.com\/viajes\/#organization\"},\"potentialAction\":[{\"@type\":\"SearchAction\",\"target\":{\"@type\":\"EntryPoint\",\"urlTemplate\":\"https:\/\/traveleto.com\/viajes\/?s={search_term_string}\"},\"query-input\":\"required name=search_term_string\"}],\"inLanguage\":\"es\"},{\"@type\":\"ImageObject\",\"@id\":\"https:\/\/traveleto.com\/viajes\/producto\/disneyland-paris-semana-magica\/#primaryimage\",\"inLanguage\":\"es\",\"url\":\"https:\/\/traveleto.com\/viajes\/wp-content\/uploads\/2023\/01\/hd17020_2027jul06_world_30th-anniversary-grand-finale-key-visual-with-logo-30-grand-final_5-2_ES_minnie_tcm797-253308w_1920p_1f_jpg-e1674515721266.jpeg\",\"contentUrl\":\"https:\/\/traveleto.com\/viajes\/wp-content\/uploads\/2023\/01\/hd17020_2027jul06_world_30th-anniversary-grand-finale-key-visual-with-logo-30-grand-final_5-2_ES_minnie_tcm797-253308w_1920p_1f_jpg-e1674515721266.jpeg\",\"width\":1459,\"height\":800},{\"@type\":\"WebPage\",\"@id\":\"https:\/\/traveleto.com\/viajes\/producto\/disneyland-paris-semana-magica\/#webpage\",\"url\":\"https:\/\/traveleto.com\/viajes\/producto\/disneyland-paris-semana-magica\/\",\"name\":\"\\ud83c\\udff0Semana M\\u00e1gica Disney\\ud83c\\udf1f &mdash; Traveleto\",\"isPartOf\":{\"@id\":\"https:\/\/traveleto.com\/viajes\/#website\"},\"primaryImageOfPage\":{\"@id\":\"https:\/\/traveleto.com\/viajes\/producto\/disneyland-paris-semana-magica\/#primaryimage\"},\"datePublished\":\"2023-01-23T22:57:52+00:00\",\"dateModified\":\"2024-10-31T19:45:59+00:00\",\"breadcrumb\":{\"@id\":\"https:\/\/traveleto.com\/viajes\/producto\/disneyland-paris-semana-magica\/#breadcrumb\"},\"inLanguage\":\"es\",\"potentialAction\":[{\"@type\":\"ReadAction\",\"target\":[\"https:\/\/traveleto.com\/viajes\/producto\/disneyland-paris-semana-magica\/\"]}]},{\"@type\":\"BreadcrumbList\",\"@id\":\"https:\/\/traveleto.com\/viajes\/producto\/disneyland-paris-semana-magica\/#breadcrumb\",\"itemListElement\":[{\"@type\":\"ListItem\",\"position\":1,\"name\":\"Portada\",\"item\":\"https:\/\/traveleto.com\/viajes\/\"},{\"@type\":\"ListItem\",\"position\":2,\"name\":\"\"},{\"@type\":\"ListItem\",\"position\":3,\"name\":\"\\ud83c\\udff0Semana M\\u00e1gica Disney\\ud83c\\udf1f\"}]}]}<\/script>\n<!-- \/ Yoast SEO plugin. -->","yoast_head_json":{"title":"\ud83c\udff0Semana M\u00e1gica Disney\ud83c\udf1f &mdash; Traveleto","robots":{"index":"noindex","follow":"follow"},"og_locale":"es_ES","og_type":"article","og_title":"\ud83c\udff0Semana M\u00e1gica Disney\ud83c\udf1f &mdash; Traveleto","og_description":"\u00a1SEMANA M\u00c1GICA DISNEY!\ud83e\udd29  \u00a1Reserva del 30 de enero al 26 de febrero para llegadas hasta el 30 de septiembre y no te la pierdas!\ud83d\udc2d \u00a1Sue\u00f1a a lo grande, r\u00ede m\u00e1s alto y divi\u00e9rtete m\u00e1s que nunca, con espect\u00e1culos asombrosos, nuevas atracciones y experiencias que har\u00e1n que el final de esta celebraci\u00f3n \u00fanica en la vida sea m\u00e1s especial que nunca!\ud83c\udf1f","og_url":"https:\/\/traveleto.com\/viajes\/producto\/disneyland-paris-semana-magica\/","og_site_name":"Traveleto","article_publisher":"https:\/\/www.facebook.com\/traveleto","article_modified_time":"2024-10-31T19:45:59+00:00","og_image":[{"width":1459,"height":800,"url":"https:\/\/traveleto.com\/viajes\/wp-content\/uploads\/2023\/01\/hd17020_2027jul06_world_30th-anniversary-grand-finale-key-visual-with-logo-30-grand-final_5-2_ES_minnie_tcm797-253308w_1920p_1f_jpg-e1674515721266.jpeg","type":"image\/jpeg"}],"twitter_card":"summary_large_image","twitter_misc":{"Tiempo de lectura":"3 minutos"},"schema":{"@context":"https:\/\/schema.org","@graph":[{"@type":"Organization","@id":"https:\/\/traveleto.com\/viajes\/#organization","name":"Traveleto","url":"https:\/\/traveleto.com\/viajes\/","sameAs":["https:\/\/www.facebook.com\/traveleto","https:\/\/www.instagram.com\/traveletocom\/"],"logo":{"@type":"ImageObject","@id":"https:\/\/traveleto.com\/viajes\/#logo","inLanguage":"es","url":"https:\/\/traveleto.com\/viajes\/wp-content\/uploads\/2021\/11\/traveleto480.png","contentUrl":"https:\/\/traveleto.com\/viajes\/wp-content\/uploads\/2021\/11\/traveleto480.png","width":480,"height":480,"caption":"Traveleto"},"image":{"@id":"https:\/\/traveleto.com\/viajes\/#logo"}},{"@type":"WebSite","@id":"https:\/\/traveleto.com\/viajes\/#website","url":"https:\/\/traveleto.com\/viajes\/","name":"Traveleto","description":"En Traveleto.com encontrar\u00e1s ofertas y chollos de viaje adem\u00e1s de inspiraci\u00f3n para tu pr\u00f3xima escapada.","publisher":{"@id":"https:\/\/traveleto.com\/viajes\/#organization"},"potentialAction":[{"@type":"SearchAction","target":{"@type":"EntryPoint","urlTemplate":"https:\/\/traveleto.com\/viajes\/?s={search_term_string}"},"query-input":"required name=search_term_string"}],"inLanguage":"es"},{"@type":"ImageObject","@id":"https:\/\/traveleto.com\/viajes\/producto\/disneyland-paris-semana-magica\/#primaryimage","inLanguage":"es","url":"https:\/\/traveleto.com\/viajes\/wp-content\/uploads\/2023\/01\/hd17020_2027jul06_world_30th-anniversary-grand-finale-key-visual-with-logo-30-grand-final_5-2_ES_minnie_tcm797-253308w_1920p_1f_jpg-e1674515721266.jpeg","contentUrl":"https:\/\/traveleto.com\/viajes\/wp-content\/uploads\/2023\/01\/hd17020_2027jul06_world_30th-anniversary-grand-finale-key-visual-with-logo-30-grand-final_5-2_ES_minnie_tcm797-253308w_1920p_1f_jpg-e1674515721266.jpeg","width":1459,"height":800},{"@type":"WebPage","@id":"https:\/\/traveleto.com\/viajes\/producto\/disneyland-paris-semana-magica\/#webpage","url":"https:\/\/traveleto.com\/viajes\/producto\/disneyland-paris-semana-magica\/","name":"\ud83c\udff0Semana M\u00e1gica Disney\ud83c\udf1f &mdash; Traveleto","isPartOf":{"@id":"https:\/\/traveleto.com\/viajes\/#website"},"primaryImageOfPage":{"@id":"https:\/\/traveleto.com\/viajes\/producto\/disneyland-paris-semana-magica\/#primaryimage"},"datePublished":"2023-01-23T22:57:52+00:00","dateModified":"2024-10-31T19:45:59+00:00","breadcrumb":{"@id":"https:\/\/traveleto.com\/viajes\/producto\/disneyland-paris-semana-magica\/#breadcrumb"},"inLanguage":"es","potentialAction":[{"@type":"ReadAction","target":["https:\/\/traveleto.com\/viajes\/producto\/disneyland-paris-semana-magica\/"]}]},{"@type":"BreadcrumbList","@id":"https:\/\/traveleto.com\/viajes\/producto\/disneyland-paris-semana-magica\/#breadcrumb","itemListElement":[{"@type":"ListItem","position":1,"name":"Portada","item":"https:\/\/traveleto.com\/viajes\/"},{"@type":"ListItem","position":2,"name":""},{"@type":"ListItem","position":3,"name":"\ud83c\udff0Semana M\u00e1gica Disney\ud83c\udf1f"}]}]}},"_links":{"self":[{"href":"https:\/\/traveleto.com\/viajes\/wp-json\/wp\/v2\/product\/1829"}],"collection":[{"href":"https:\/\/traveleto.com\/viajes\/wp-json\/wp\/v2\/product"}],"about":[{"href":"https:\/\/traveleto.com\/viajes\/wp-json\/wp\/v2\/types\/product"}],"replies":[{"embeddable":true,"href":"https:\/\/traveleto.com\/viajes\/wp-json\/wp\/v2\/comments?post=1829"}],"wp:featuredmedia":[{"embeddable":true,"href":"https:\/\/traveleto.com\/viajes\/wp-json\/wp\/v2\/media\/1832"}],"wp:attachment":[{"href":"https:\/\/traveleto.com\/viajes\/wp-json\/wp\/v2\/media?parent=1829"}],"wp:term":[{"taxonomy":"product_cat","embeddable":true,"href":"https:\/\/traveleto.com\/viajes\/wp-json\/wp\/v2\/product_cat?post=1829"},{"taxonomy":"product_tag","embeddable":true,"href":"https:\/\/traveleto.com\/viajes\/wp-json\/wp\/v2\/product_tag?post=1829"}],"curies":[{"name":"wp","href":"https:\/\/api.w.org\/{rel}","templated":true}]}}